{"id":945,"date":"2017-02-03T14:30:37","date_gmt":"2017-02-03T14:30:37","guid":{"rendered":"http:\/\/www.lyc-auffray-clichy.ac-versailles.fr\/?page_id=945"},"modified":"2026-02-20T11:37:27","modified_gmt":"2026-02-20T11:37:27","slug":"le-restaurant","status":"publish","type":"page","link":"https:\/\/lyc-auffray-clichy.ac-versailles.fr\/index.php\/le-restaurant\/","title":{"rendered":"Ouverture du restaurant d&#8217;application"},"content":{"rendered":"<div class=\"l-submain\"><div class=\"l-submain-h g-html i-cf\">[vc_row][vc_column width=&#8221;1\/3&#8243;][vc_message message_box_style=&#8221;solid&#8221; style=&#8221;square&#8221; message_box_color=&#8221;turquoise&#8221;]<span style=\"color: #000000\"><strong>R\u00e9servations\u00a0:<\/strong><br \/>\n<em>01 49 68 90 31<\/em><\/span><br \/>\n<span style=\"text-decoration: underline\"><span style=\"color: #0000ff;text-decoration: underline\"><a style=\"color: #0000ff;text-decoration: underline\" href=\"https:\/\/reservation.euresto.com\/?key=a1bdc8da-00f3-415c-bffe-7b0b4d8e1620\">Cliquer ici pour effectuer une r\u00e9servation<\/a><\/span><\/span><\/p>\n<p><span style=\"color: #000000\"><strong>D\u00e9jeuners\u00a0:<\/strong> <em>du lundi\u00a0 au vendredi de 12h \u00e0 14h<\/em><\/span><\/p>\n<p><span style=\"color: #000000\"><strong>D\u00eeners:<\/strong> <em>le jeudi de 19h \u00e0 22h<\/em><\/span><\/p>\n<p><span style=\"color: #000000\"><strong>Adresse :<\/strong> <em>23, rue Fernand Pelloutier 92110 Clichy<\/em><\/span><\/p>\n<p><strong>R\u00e8glement uniquement en Carte Bleue<\/strong>[\/vc_message][vc_gallery type=&#8221;nivo&#8221; interval=&#8221;5&#8243; images=&#8221;2176,2177,4611,4612,4613,4616&#8243; img_size=&#8221;large&#8221;][vc_btn title=&#8221;Actualit\u00e9s&#8221; style=&#8221;flat&#8221; shape=&#8221;square&#8221; color=&#8221;warning&#8221; size=&#8221;lg&#8221; align=&#8221;center&#8221; button_block=&#8221;true&#8221; link=&#8221;url:http%3A%2F%2Flyc-auffray-clichy.ac-versailles.fr%2Findex.php%2Factualites-lycee%2Factualites-du-restaurant%2F|||&#8221;][vc_gmaps link=&#8221;#E-8_JTNDaWZyYW1lJTIwc3JjJTNEJTIyaHR0cHMlM0ElMkYlMkZ3d3cuZ29vZ2xlLmNvbSUyRm1hcHMlMkZlbWJlZCUzRnBiJTNEJTIxMW0xNCUyMTFtOCUyMTFtMyUyMTFkMTA0OTAuNTA4NzI1OTAyOCUyMTJkMi4yOTk4ODYzJTIxM2Q0OC45MDM0NDE5JTIxM20yJTIxMWkxMDI0JTIxMmk3NjglMjE0ZjEzLjElMjEzbTMlMjExbTIlMjExczB4NDdlNjZmNzM5MGM1YWU1MSUyNTNBMHgzYmYwNjFiZGI0YWZiZjZjJTIxMnNSZXN0YXVyYW50JTI1MjBkJTI2JTIzMzklM0JhcHBsaWNhdGlvbiUyNTIwUmVuJTI1QzMlMjVBOSUyNTIwQXVmZnJheSUyNTIwZGUlMjUyMENsaWNoeSUyMTVlMCUyMTNtMiUyMTFzZnIlMjEyc2ZyJTIxNHYxNzI2MDM4MDY4MDQ1JTIxNW0yJTIxMXNmciUyMTJzZnIlMjIlMjB3aWR0aCUzRCUyMjYwMCUyMiUyMGhlaWdodCUzRCUyMjQ1MCUyMiUyMHN0eWxlJTNEJTIyYm9yZGVyJTNBMCUzQiUyMiUyMGFsbG93ZnVsbHNjcmVlbiUzRCUyMiUyMiUyMGxvYWRpbmclM0QlMjJsYXp5JTIyJTIwcmVmZXJyZXJwb2xpY3klM0QlMjJuby1yZWZlcnJlci13aGVuLWRvd25ncmFkZSUyMiUzRSUzQyUyRmlmcmFtZSUzRQ==&#8221;][\/vc_column][vc_column width=&#8221;2\/3&#8243;][vc_column_text css_animation=&#8221;none&#8221;]\n<h3 style=\"text-align: center\">Ouverture du restaurant.<\/h3>\n<p style=\"text-align: center\">Nos \u00e9l\u00e8ves, \u00e9tudiants et apprentis ainsi que toute l&#8217;\u00e9quipe p\u00e9dagogique sont heureux de vous accueillir dans notre restaurant d&#8217;application.<\/p>\n<p>Nous informons notre aimable client\u00e8le que d\u00e9sormais les r\u00e8glements se feront uniquement en Carte Bleue.<\/p>\n<h3 style=\"text-align: center\"><span style=\"text-decoration: underline;color: #0000ff\"><a style=\"color: #0000ff\" href=\"https:\/\/reservation.euresto.com\/?key=a1bdc8da-00f3-415c-bffe-7b0b4d8e1620\">Cliquer ici pour effectuer une r\u00e9servation<\/a><\/span><\/h3>\n<p style=\"text-align: center\">Nous sommes heureux de vous communiquer les nouveaux menus \u00e9labor\u00e9s par nos classes. Pour les consulter, cliquez sur les liens ci-dessous:<\/p>\n<p>&nbsp;<\/p>\n<p><a href=\"https:\/\/lyc-auffray-clichy.ac-versailles.fr\/wp-content\/uploads\/sites\/134\/2026\/02\/Menu-Dej-mars-avril.pdf\">https:\/\/lyc-auffray-clichy.ac-versailles.fr\/wp-content\/uploads\/sites\/134\/2026\/02\/Menu-Dej-mars-avril.pdf<\/a><\/p>\n<p><a ref=\"magnificPopup\" href=\"https:\/\/lyc-auffray-clichy.ac-versailles.fr\/wp-content\/uploads\/sites\/134\/2026\/02\/1-M-A.png\"><img loading=\"lazy\" decoding=\"async\" class=\"alignnone size-thumbnail wp-image-8515\" src=\"https:\/\/lyc-auffray-clichy.ac-versailles.fr\/wp-content\/uploads\/sites\/134\/2026\/02\/1-M-A-150x150.png\" alt=\"\" width=\"150\" height=\"150\" srcset=\"https:\/\/lyc-auffray-clichy.ac-versailles.fr\/wp-content\/uploads\/sites\/134\/2026\/02\/1-M-A-150x150.png 150w, https:\/\/lyc-auffray-clichy.ac-versailles.fr\/wp-content\/uploads\/sites\/134\/2026\/02\/1-M-A-490x490.png 490w, https:\/\/lyc-auffray-clichy.ac-versailles.fr\/wp-content\/uploads\/sites\/134\/2026\/02\/1-M-A-91x91.png 91w, https:\/\/lyc-auffray-clichy.ac-versailles.fr\/wp-content\/uploads\/sites\/134\/2026\/02\/1-M-A-160x160.png 160w, https:\/\/lyc-auffray-clichy.ac-versailles.fr\/wp-content\/uploads\/sites\/134\/2026\/02\/1-M-A-192x192.png 192w, https:\/\/lyc-auffray-clichy.ac-versailles.fr\/wp-content\/uploads\/sites\/134\/2026\/02\/1-M-A-244x244.png 244w, https:\/\/lyc-auffray-clichy.ac-versailles.fr\/wp-content\/uploads\/sites\/134\/2026\/02\/1-M-A-350x350.png 350w\" sizes=\"auto, (max-width: 150px) 100vw, 150px\" \/><\/a> <a ref=\"magnificPopup\" href=\"https:\/\/lyc-auffray-clichy.ac-versailles.fr\/wp-content\/uploads\/sites\/134\/2026\/02\/2-M-A.png\"><img loading=\"lazy\" decoding=\"async\" class=\"alignnone size-thumbnail wp-image-8516\" src=\"https:\/\/lyc-auffray-clichy.ac-versailles.fr\/wp-content\/uploads\/sites\/134\/2026\/02\/2-M-A-150x150.png\" alt=\"\" width=\"150\" height=\"150\" srcset=\"https:\/\/lyc-auffray-clichy.ac-versailles.fr\/wp-content\/uploads\/sites\/134\/2026\/02\/2-M-A-150x150.png 150w, https:\/\/lyc-auffray-clichy.ac-versailles.fr\/wp-content\/uploads\/sites\/134\/2026\/02\/2-M-A-490x490.png 490w, https:\/\/lyc-auffray-clichy.ac-versailles.fr\/wp-content\/uploads\/sites\/134\/2026\/02\/2-M-A-91x91.png 91w, https:\/\/lyc-auffray-clichy.ac-versailles.fr\/wp-content\/uploads\/sites\/134\/2026\/02\/2-M-A-160x160.png 160w, https:\/\/lyc-auffray-clichy.ac-versailles.fr\/wp-content\/uploads\/sites\/134\/2026\/02\/2-M-A-192x192.png 192w, https:\/\/lyc-auffray-clichy.ac-versailles.fr\/wp-content\/uploads\/sites\/134\/2026\/02\/2-M-A-244x244.png 244w, https:\/\/lyc-auffray-clichy.ac-versailles.fr\/wp-content\/uploads\/sites\/134\/2026\/02\/2-M-A-350x350.png 350w\" sizes=\"auto, (max-width: 150px) 100vw, 150px\" \/><\/a><a ref=\"magnificPopup\" href=\"https:\/\/lyc-auffray-clichy.ac-versailles.fr\/wp-content\/uploads\/sites\/134\/2026\/02\/3-M-A.png\"><img loading=\"lazy\" decoding=\"async\" class=\"alignnone size-thumbnail wp-image-8517\" src=\"https:\/\/lyc-auffray-clichy.ac-versailles.fr\/wp-content\/uploads\/sites\/134\/2026\/02\/3-M-A-150x150.png\" alt=\"\" width=\"150\" height=\"150\" srcset=\"https:\/\/lyc-auffray-clichy.ac-versailles.fr\/wp-content\/uploads\/sites\/134\/2026\/02\/3-M-A-150x150.png 150w, https:\/\/lyc-auffray-clichy.ac-versailles.fr\/wp-content\/uploads\/sites\/134\/2026\/02\/3-M-A-490x490.png 490w, https:\/\/lyc-auffray-clichy.ac-versailles.fr\/wp-content\/uploads\/sites\/134\/2026\/02\/3-M-A-91x91.png 91w, https:\/\/lyc-auffray-clichy.ac-versailles.fr\/wp-content\/uploads\/sites\/134\/2026\/02\/3-M-A-160x160.png 160w, https:\/\/lyc-auffray-clichy.ac-versailles.fr\/wp-content\/uploads\/sites\/134\/2026\/02\/3-M-A-192x192.png 192w, https:\/\/lyc-auffray-clichy.ac-versailles.fr\/wp-content\/uploads\/sites\/134\/2026\/02\/3-M-A-244x244.png 244w, https:\/\/lyc-auffray-clichy.ac-versailles.fr\/wp-content\/uploads\/sites\/134\/2026\/02\/3-M-A-350x350.png 350w\" sizes=\"auto, (max-width: 150px) 100vw, 150px\" \/><\/a><a ref=\"magnificPopup\" href=\"https:\/\/lyc-auffray-clichy.ac-versailles.fr\/wp-content\/uploads\/sites\/134\/2026\/02\/4-M-A.png\"><img loading=\"lazy\" decoding=\"async\" class=\"alignnone size-thumbnail wp-image-8518\" src=\"https:\/\/lyc-auffray-clichy.ac-versailles.fr\/wp-content\/uploads\/sites\/134\/2026\/02\/4-M-A-150x150.png\" alt=\"\" width=\"150\" height=\"150\" srcset=\"https:\/\/lyc-auffray-clichy.ac-versailles.fr\/wp-content\/uploads\/sites\/134\/2026\/02\/4-M-A-150x150.png 150w, https:\/\/lyc-auffray-clichy.ac-versailles.fr\/wp-content\/uploads\/sites\/134\/2026\/02\/4-M-A-490x490.png 490w, https:\/\/lyc-auffray-clichy.ac-versailles.fr\/wp-content\/uploads\/sites\/134\/2026\/02\/4-M-A-91x91.png 91w, https:\/\/lyc-auffray-clichy.ac-versailles.fr\/wp-content\/uploads\/sites\/134\/2026\/02\/4-M-A-160x160.png 160w, https:\/\/lyc-auffray-clichy.ac-versailles.fr\/wp-content\/uploads\/sites\/134\/2026\/02\/4-M-A-192x192.png 192w, https:\/\/lyc-auffray-clichy.ac-versailles.fr\/wp-content\/uploads\/sites\/134\/2026\/02\/4-M-A-244x244.png 244w, https:\/\/lyc-auffray-clichy.ac-versailles.fr\/wp-content\/uploads\/sites\/134\/2026\/02\/4-M-A-350x350.png 350w\" sizes=\"auto, (max-width: 150px) 100vw, 150px\" \/><\/a> <a ref=\"magnificPopup\" href=\"https:\/\/lyc-auffray-clichy.ac-versailles.fr\/wp-content\/uploads\/sites\/134\/2026\/02\/5-M-A.png\"><img loading=\"lazy\" decoding=\"async\" class=\"alignnone size-thumbnail wp-image-8519\" src=\"https:\/\/lyc-auffray-clichy.ac-versailles.fr\/wp-content\/uploads\/sites\/134\/2026\/02\/5-M-A-150x150.png\" alt=\"\" width=\"150\" height=\"150\" srcset=\"https:\/\/lyc-auffray-clichy.ac-versailles.fr\/wp-content\/uploads\/sites\/134\/2026\/02\/5-M-A-150x150.png 150w, https:\/\/lyc-auffray-clichy.ac-versailles.fr\/wp-content\/uploads\/sites\/134\/2026\/02\/5-M-A-490x490.png 490w, https:\/\/lyc-auffray-clichy.ac-versailles.fr\/wp-content\/uploads\/sites\/134\/2026\/02\/5-M-A-91x91.png 91w, https:\/\/lyc-auffray-clichy.ac-versailles.fr\/wp-content\/uploads\/sites\/134\/2026\/02\/5-M-A-160x160.png 160w, https:\/\/lyc-auffray-clichy.ac-versailles.fr\/wp-content\/uploads\/sites\/134\/2026\/02\/5-M-A-192x192.png 192w, https:\/\/lyc-auffray-clichy.ac-versailles.fr\/wp-content\/uploads\/sites\/134\/2026\/02\/5-M-A-244x244.png 244w, https:\/\/lyc-auffray-clichy.ac-versailles.fr\/wp-content\/uploads\/sites\/134\/2026\/02\/5-M-A-350x350.png 350w\" sizes=\"auto, (max-width: 150px) 100vw, 150px\" \/><\/a><a ref=\"magnificPopup\" href=\"https:\/\/lyc-auffray-clichy.ac-versailles.fr\/wp-content\/uploads\/sites\/134\/2026\/02\/6-M-A.png\"><img loading=\"lazy\" decoding=\"async\" class=\"alignnone size-thumbnail wp-image-8520\" src=\"https:\/\/lyc-auffray-clichy.ac-versailles.fr\/wp-content\/uploads\/sites\/134\/2026\/02\/6-M-A-150x150.png\" alt=\"\" width=\"150\" height=\"150\" srcset=\"https:\/\/lyc-auffray-clichy.ac-versailles.fr\/wp-content\/uploads\/sites\/134\/2026\/02\/6-M-A-150x150.png 150w, https:\/\/lyc-auffray-clichy.ac-versailles.fr\/wp-content\/uploads\/sites\/134\/2026\/02\/6-M-A-490x490.png 490w, https:\/\/lyc-auffray-clichy.ac-versailles.fr\/wp-content\/uploads\/sites\/134\/2026\/02\/6-M-A-91x91.png 91w, https:\/\/lyc-auffray-clichy.ac-versailles.fr\/wp-content\/uploads\/sites\/134\/2026\/02\/6-M-A-160x160.png 160w, https:\/\/lyc-auffray-clichy.ac-versailles.fr\/wp-content\/uploads\/sites\/134\/2026\/02\/6-M-A-192x192.png 192w, https:\/\/lyc-auffray-clichy.ac-versailles.fr\/wp-content\/uploads\/sites\/134\/2026\/02\/6-M-A-244x244.png 244w, https:\/\/lyc-auffray-clichy.ac-versailles.fr\/wp-content\/uploads\/sites\/134\/2026\/02\/6-M-A-350x350.png 350w\" sizes=\"auto, (max-width: 150px) 100vw, 150px\" \/><\/a> <a ref=\"magnificPopup\" href=\"https:\/\/lyc-auffray-clichy.ac-versailles.fr\/wp-content\/uploads\/sites\/134\/2026\/02\/7-M-A.png\"><img loading=\"lazy\" decoding=\"async\" class=\"alignnone size-thumbnail wp-image-8521\" src=\"https:\/\/lyc-auffray-clichy.ac-versailles.fr\/wp-content\/uploads\/sites\/134\/2026\/02\/7-M-A-150x150.png\" alt=\"\" width=\"150\" height=\"150\" srcset=\"https:\/\/lyc-auffray-clichy.ac-versailles.fr\/wp-content\/uploads\/sites\/134\/2026\/02\/7-M-A-150x150.png 150w, https:\/\/lyc-auffray-clichy.ac-versailles.fr\/wp-content\/uploads\/sites\/134\/2026\/02\/7-M-A-490x490.png 490w, https:\/\/lyc-auffray-clichy.ac-versailles.fr\/wp-content\/uploads\/sites\/134\/2026\/02\/7-M-A-91x91.png 91w, https:\/\/lyc-auffray-clichy.ac-versailles.fr\/wp-content\/uploads\/sites\/134\/2026\/02\/7-M-A-160x160.png 160w, https:\/\/lyc-auffray-clichy.ac-versailles.fr\/wp-content\/uploads\/sites\/134\/2026\/02\/7-M-A-192x192.png 192w, https:\/\/lyc-auffray-clichy.ac-versailles.fr\/wp-content\/uploads\/sites\/134\/2026\/02\/7-M-A-244x244.png 244w, https:\/\/lyc-auffray-clichy.ac-versailles.fr\/wp-content\/uploads\/sites\/134\/2026\/02\/7-M-A-350x350.png 350w\" sizes=\"auto, (max-width: 150px) 100vw, 150px\" \/><\/a><a ref=\"magnificPopup\" href=\"https:\/\/lyc-auffray-clichy.ac-versailles.fr\/wp-content\/uploads\/sites\/134\/2026\/02\/8-M-A.png\"><img loading=\"lazy\" decoding=\"async\" class=\"alignnone size-thumbnail wp-image-8522\" src=\"https:\/\/lyc-auffray-clichy.ac-versailles.fr\/wp-content\/uploads\/sites\/134\/2026\/02\/8-M-A-150x150.png\" alt=\"\" width=\"150\" height=\"150\" srcset=\"https:\/\/lyc-auffray-clichy.ac-versailles.fr\/wp-content\/uploads\/sites\/134\/2026\/02\/8-M-A-150x150.png 150w, https:\/\/lyc-auffray-clichy.ac-versailles.fr\/wp-content\/uploads\/sites\/134\/2026\/02\/8-M-A-490x490.png 490w, https:\/\/lyc-auffray-clichy.ac-versailles.fr\/wp-content\/uploads\/sites\/134\/2026\/02\/8-M-A-91x91.png 91w, https:\/\/lyc-auffray-clichy.ac-versailles.fr\/wp-content\/uploads\/sites\/134\/2026\/02\/8-M-A-160x160.png 160w, https:\/\/lyc-auffray-clichy.ac-versailles.fr\/wp-content\/uploads\/sites\/134\/2026\/02\/8-M-A-192x192.png 192w, https:\/\/lyc-auffray-clichy.ac-versailles.fr\/wp-content\/uploads\/sites\/134\/2026\/02\/8-M-A-244x244.png 244w, https:\/\/lyc-auffray-clichy.ac-versailles.fr\/wp-content\/uploads\/sites\/134\/2026\/02\/8-M-A-350x350.png 350w\" sizes=\"auto, (max-width: 150px) 100vw, 150px\" \/><\/a><\/p>\n<p><a href=\"https:\/\/lyc-auffray-clichy.ac-versailles.fr\/wp-content\/uploads\/sites\/134\/2026\/02\/Diner-Mars-avril.pdf\">https:\/\/lyc-auffray-clichy.ac-versailles.fr\/wp-content\/uploads\/sites\/134\/2026\/02\/Diner-Mars-avril.pdf<\/a><\/p>\n<p><a ref=\"magnificPopup\" href=\"https:\/\/lyc-auffray-clichy.ac-versailles.fr\/wp-content\/uploads\/sites\/134\/2026\/02\/1-Soir.png\"><img loading=\"lazy\" decoding=\"async\" class=\"alignnone size-thumbnail wp-image-8526\" src=\"https:\/\/lyc-auffray-clichy.ac-versailles.fr\/wp-content\/uploads\/sites\/134\/2026\/02\/1-Soir-150x150.png\" alt=\"\" width=\"150\" height=\"150\" srcset=\"https:\/\/lyc-auffray-clichy.ac-versailles.fr\/wp-content\/uploads\/sites\/134\/2026\/02\/1-Soir-150x150.png 150w, https:\/\/lyc-auffray-clichy.ac-versailles.fr\/wp-content\/uploads\/sites\/134\/2026\/02\/1-Soir-490x490.png 490w, https:\/\/lyc-auffray-clichy.ac-versailles.fr\/wp-content\/uploads\/sites\/134\/2026\/02\/1-Soir-91x91.png 91w, https:\/\/lyc-auffray-clichy.ac-versailles.fr\/wp-content\/uploads\/sites\/134\/2026\/02\/1-Soir-160x160.png 160w, https:\/\/lyc-auffray-clichy.ac-versailles.fr\/wp-content\/uploads\/sites\/134\/2026\/02\/1-Soir-192x192.png 192w, https:\/\/lyc-auffray-clichy.ac-versailles.fr\/wp-content\/uploads\/sites\/134\/2026\/02\/1-Soir-244x244.png 244w, https:\/\/lyc-auffray-clichy.ac-versailles.fr\/wp-content\/uploads\/sites\/134\/2026\/02\/1-Soir-350x350.png 350w\" sizes=\"auto, (max-width: 150px) 100vw, 150px\" \/><\/a><a ref=\"magnificPopup\" href=\"https:\/\/lyc-auffray-clichy.ac-versailles.fr\/wp-content\/uploads\/sites\/134\/2026\/02\/2-Soir.png\"><img loading=\"lazy\" decoding=\"async\" class=\"alignnone size-thumbnail wp-image-8527\" src=\"https:\/\/lyc-auffray-clichy.ac-versailles.fr\/wp-content\/uploads\/sites\/134\/2026\/02\/2-Soir-150x150.png\" alt=\"\" width=\"150\" height=\"150\" srcset=\"https:\/\/lyc-auffray-clichy.ac-versailles.fr\/wp-content\/uploads\/sites\/134\/2026\/02\/2-Soir-150x150.png 150w, https:\/\/lyc-auffray-clichy.ac-versailles.fr\/wp-content\/uploads\/sites\/134\/2026\/02\/2-Soir-490x490.png 490w, https:\/\/lyc-auffray-clichy.ac-versailles.fr\/wp-content\/uploads\/sites\/134\/2026\/02\/2-Soir-91x91.png 91w, https:\/\/lyc-auffray-clichy.ac-versailles.fr\/wp-content\/uploads\/sites\/134\/2026\/02\/2-Soir-160x160.png 160w, https:\/\/lyc-auffray-clichy.ac-versailles.fr\/wp-content\/uploads\/sites\/134\/2026\/02\/2-Soir-192x192.png 192w, https:\/\/lyc-auffray-clichy.ac-versailles.fr\/wp-content\/uploads\/sites\/134\/2026\/02\/2-Soir-244x244.png 244w, https:\/\/lyc-auffray-clichy.ac-versailles.fr\/wp-content\/uploads\/sites\/134\/2026\/02\/2-Soir-350x350.png 350w\" sizes=\"auto, (max-width: 150px) 100vw, 150px\" \/><\/a>[\/vc_column_text][vc_column_text css_animation=&#8221;bounceIn&#8221;]\n<h3 style=\"text-align: center\"><strong>Comment venir au restaurant<br \/>\n<\/strong>\u00d7<\/h3>\n<p style=\"text-align: center\">Nous sommes situ\u00e9s au 23 rue Fernand Pelloutier 92110 clichy.<\/p>\n<p style=\"text-align: center\">M\u00e9tro ligne 13 Mairie de clichy<\/p>\n<p style=\"text-align: center\">Transilien ligne L<\/p>\n<p style=\"text-align: center\">Bus: 54,174,274<\/p>\n<p>&nbsp;<\/p>\n<p style=\"text-align: center\"><span style=\"color: #b07000\"><strong>Du lundi au vendredi Midi<\/strong><\/span><\/p>\n<p style=\"text-align: center\"><span style=\"color: #ff6600\"><strong>Le jeudi en soir\u00e9e<\/strong><\/span><\/p>\n<p style=\"text-align: center\">uniquement en p\u00e9riode scolaire.<\/p>\n<p>&nbsp;<\/p>\n<p style=\"text-align: center\"><em><strong>Les r\u00e9servations sont conseill\u00e9es et se font par t\u00e9l\u00e9phone au <span style=\"color: #ff6600\">01.49.68.90.31<\/span> ou par e-mail \u00e0\u00a0<\/strong><\/em><span style=\"color: #ff6600\"><b><i>hotellerie.reneauffray@gmail.com\u00a0<\/i><\/b><\/span><\/p>\n<p style=\"text-align: center\"><em>Vous pouvez aussi tenter votre chance le jour m\u00eame, et en cas de disponibilit\u00e9 nous vous recevrons avec plaisir.<\/em><\/p>\n<p>&nbsp;<\/p>\n<p>&nbsp;<\/p>\n<p>&nbsp;<\/p>\n<p style=\"text-align: center\">Nous prenons aussi bien des r\u00e9servations individuelles que des r\u00e9servations de groupes (location de salle de r\u00e9union possible) dans un respect du protocole sanitaire.<\/p>\n<p>&nbsp;<\/p>\n<p>&nbsp;<\/p>\n<h3 style=\"text-align: center\"><strong>Notre concept<br \/>\n<\/strong>\u00d7<\/h3>\n<p style=\"text-align: center\">Nos chefs vous proposent un <span style=\"color: #b07000\"><strong>menu autour de la gastronomie fran\u00e7aise et internationale <\/strong><span style=\"color: #333333\">en gardant \u00e0 l&#8217;esprit la formation des apprenants.<\/span><\/span><\/p>\n<p style=\"text-align: center\">\u00a0Chaque pr\u00e9paration correspond \u00e0 une \u00e9tape de la <span style=\"color: #b07000\"><strong>progression p\u00e9dagogique<\/strong><\/span> des classes tant au niveau des produits travaill\u00e9s que des techniques abord\u00e9es.<\/p>\n<h3 style=\"text-align: center\"><strong>Notre conseil<br \/>\n<\/strong>\u00d7<\/h3>\n<p style=\"text-align: center\"><span style=\"color: #00a000\"><em><strong>Laissez-vous surprendre, ou rendez-vous sur <span style=\"color: #00a000\"><a style=\"color: #00a000\" href=\"https:\/\/lyc-auffray-clichy.ac-versailles.fr\/index.php\/actualites-lycee\/actualites-du-restaurant\/\"><span style=\"text-decoration: underline\"><u>les actualit\u00e9s<\/u><\/span><\/a> <\/span>du restaurant pour d\u00e9couvrir nos menus du moment.<\/strong><\/em><\/span><\/p>\n[\/vc_column_text][vc_message message_box_style=&#8221;solid&#8221; style=&#8221;square&#8221; message_box_color=&#8221;mulled_wine&#8221; icon_fontawesome=&#8221;fa fa-comment&#8221; css_animation=&#8221;none&#8221;]\n<h3><span style=\"color: #ffffff\"><strong><em>La citation<\/em><\/strong><\/span><\/h3>\n<p style=\"text-align: left\"><em>&#8220;La cuisine, c&#8217;est l&#8217;envers du d\u00e9cor, l\u00e0 o\u00f9 s&#8217;activent les hommes et femmes pour le plaisir des autres&#8221;<\/em><\/p>\n<p><em>Bernard LOISEAU<\/em>[\/vc_message][\/vc_column][\/vc_row]\n<\/div><\/div>","protected":false},"excerpt":{"rendered":"<p>[vc_row][vc_column width=&#8221;1\/3&#8243;][vc_message message_box_style=&#8221;solid&#8221; style=&#8221;square&#8221; message_box_color=&#8221;turquoise&#8221;]R\u00e9servations\u00a0: 01 49 68 90 31 Cliquer ici pour effectuer une r\u00e9servation D\u00e9jeuners\u00a0: du lundi\u00a0 au vendredi de 12h \u00e0 14h D\u00eeners: le jeudi de 19h \u00e0 22h Adresse : 23, rue Fernand Pelloutier 92110 Clichy<\/p>\n","protected":false},"author":1,"featured_media":8495,"parent":0,"menu_order":0,"comment_status":"closed","ping_status":"closed","template":"","meta":{"_crdt_document":"","footnotes":""},"categories":[87,89,211,196,46],"class_list":["post-945","page","type-page","status-publish","has-post-thumbnail","hentry","category-actu-hotellerie","category-actu-restauration","category-actualites-du-restaurant","category-cuisine","category-hotel"],"_links":{"self":[{"href":"https:\/\/lyc-auffray-clichy.ac-versailles.fr\/index.php\/wp-json\/wp\/v2\/pages\/945","targetHints":{"allow":["GET"]}}],"collection":[{"href":"https:\/\/lyc-auffray-clichy.ac-versailles.fr\/index.php\/wp-json\/wp\/v2\/pages"}],"about":[{"href":"https:\/\/lyc-auffray-clichy.ac-versailles.fr\/index.php\/wp-json\/wp\/v2\/types\/page"}],"author":[{"embeddable":true,"href":"https:\/\/lyc-auffray-clichy.ac-versailles.fr\/index.php\/wp-json\/wp\/v2\/users\/1"}],"replies":[{"embeddable":true,"href":"https:\/\/lyc-auffray-clichy.ac-versailles.fr\/index.php\/wp-json\/wp\/v2\/comments?post=945"}],"version-history":[{"count":19,"href":"https:\/\/lyc-auffray-clichy.ac-versailles.fr\/index.php\/wp-json\/wp\/v2\/pages\/945\/revisions"}],"predecessor-version":[{"id":7870,"href":"https:\/\/lyc-auffray-clichy.ac-versailles.fr\/index.php\/wp-json\/wp\/v2\/pages\/945\/revisions\/7870"}],"wp:featuredmedia":[{"embeddable":true,"href":"https:\/\/lyc-auffray-clichy.ac-versailles.fr\/index.php\/wp-json\/wp\/v2\/media\/8495"}],"wp:attachment":[{"href":"https:\/\/lyc-auffray-clichy.ac-versailles.fr\/index.php\/wp-json\/wp\/v2\/media?parent=945"}],"wp:term":[{"taxonomy":"category","embeddable":true,"href":"https:\/\/lyc-auffray-clichy.ac-versailles.fr\/index.php\/wp-json\/wp\/v2\/categories?post=945"}],"curies":[{"name":"wp","href":"https:\/\/api.w.org\/{rel}","templated":true}]}}