{"id":8137,"date":"2024-09-10T06:48:38","date_gmt":"2024-09-10T06:48:38","guid":{"rendered":"https:\/\/lyc-auffray-clichy.ac-versailles.fr\/?page_id=8137"},"modified":"2025-01-23T08:42:46","modified_gmt":"2025-01-23T08:42:46","slug":"hotel-auffray","status":"publish","type":"page","link":"https:\/\/lyc-auffray-clichy.ac-versailles.fr\/index.php\/hotel-auffray\/","title":{"rendered":"h\u00f4tel Auffray"},"content":{"rendered":"<div class=\"l-submain\"><div class=\"l-submain-h g-html i-cf\">[vc_row][vc_column width=&#8221;1\/4&#8243;][vc_gallery interval=&#8221;5&#8243; images=&#8221;8158,8159,8160,8161,8162&#8243; img_size=&#8221;medium&#8221; title=&#8221;Salle de restauration de l&#8217;h\u00f4tel&#8221;][vc_gallery interval=&#8221;3&#8243; images=&#8221;8170,8171,8172,8173&#8243; img_size=&#8221;medium&#8221; title=&#8221;premier \u00e9tage&#8221;][vc_gallery interval=&#8221;3&#8243; images=&#8221;8231,8232,8233,8235,8236,8237&#8243; img_size=&#8221;medium&#8221; title=&#8221;deuxi\u00e8me \u00e9tage&#8221;][vc_gallery interval=&#8221;3&#8243; images=&#8221;8239,8240,8241,8242&#8243; img_size=&#8221;medium&#8221; title=&#8221;troisi\u00e8me \u00e9tage&#8221;][vc_gallery interval=&#8221;3&#8243; images=&#8221;8152,8156,8165,8166,8168&#8243; img_size=&#8221;medium&#8221; title=&#8221;Les salles de bain&#8221;][vc_column_text]<strong>R\u00e9servations\u00a0:<\/strong><\/p>\n<p><strong><em>hotellerie.reneauffray@gmail.com<\/em><\/strong><\/p>\n<p><em>01 49 68 90 31<\/em><\/p>\n<p><strong>Adresse :<\/strong> <em>25, rue Fernand Pelloutier 92110 Clichy<\/em><\/p>\n<p>acc\u00e8s M\u00e9tro ligne 13[\/vc_column_text][vc_gmaps link=&#8221;#E-8_JTNDaWZyYW1lJTIwc3JjJTNEJTIyaHR0cHMlM0ElMkYlMkZ3d3cuZ29vZ2xlLmNvbSUyRm1hcHMlMkZlbWJlZCUzRnBiJTNEJTIxMW0xNCUyMTFtOCUyMTFtMyUyMTFkMjA5NzcuOTMxNDkzOTM4OTc3JTIxMmQyLjMxMzcyNTk2NDEyMzU0MSUyMTNkNDguOTEwNzkyMTU5NDgwNzg1JTIxM20yJTIxMWkxMDI0JTIxMmk3NjglMjE0ZjEzLjElMjEzbTMlMjExbTIlMjExczB4NDdlNjZmOTNiZjczYjZlZCUyNTNBMHg1NGZmYTY0N2E5OGVjMjc3JTIxMnNIJTI1QzMlMjVCNHRlbCUyNTIwZCUyNiUyMzM5JTNCYXBwbGljYXRpb24lMjUyMGR1JTI1MjBseWMlMjVDMyUyNUE5ZSUyNTIwUmVuJTI1QzMlMjVBOSUyNTIwQXVmZnJheSUyMTVlMCUyMTNtMiUyMTFzZnIlMjEyc2ZyJTIxNHYxNzI2MDU2ODc2NTQxJTIxNW0yJTIxMXNmciUyMTJzZnIlMjIlMjB3aWR0aCUzRCUyMjYwMCUyMiUyMGhlaWdodCUzRCUyMjQ1MCUyMiUyMHN0eWxlJTNEJTIyYm9yZGVyJTNBMCUzQiUyMiUyMGFsbG93ZnVsbHNjcmVlbiUzRCUyMiUyMiUyMGxvYWRpbmclM0QlMjJsYXp5JTIyJTIwcmVmZXJyZXJwb2xpY3klM0QlMjJuby1yZWZlcnJlci13aGVuLWRvd25ncmFkZSUyMiUzRSUzQyUyRmlmcmFtZSUzRQ==&#8221;][\/vc_column][vc_column width=&#8221;3\/4&#8243;][vc_column_text]\n<h3><strong>L\u2019h\u00f4tel d&#8217;application du lyc\u00e9e Ren\u00e9 Auffray ouvre ses portes<\/strong><\/h3>\n<p>&nbsp;<\/p>\n<p>Apr\u00e8s plusieurs ann\u00e9es de fermeture et des travaux d\u2019ampleur, l\u2019h\u00f4tel d\u2019application du lyc\u00e9e Auffray de Clichy ouvre en cette rentr\u00e9e scolaire 2024.<\/p>\n<p>&nbsp;<\/p>\n<p>L\u2019h\u00f4tel Auffray dispose de 22 chambres r\u00e9parties sur trois \u00e9tages et une salle \u00e0 manger.<\/p>\n<p>Chaque \u00e9tage r\u00e9pond \u00e0 un standard diff\u00e9rent\u00a0: 1<sup>er<\/sup> \u00e9tage\u00a0: une \u00e9toile, 2<sup>e<\/sup> \u00e9tage\u00a0: 2 \u00e9toiles\u00a0; 3<sup>e<\/sup> \u00e9tage\u00a0: 3 \u00e9toiles.<\/p>\n<p>Au 1<sup>er<\/sup> \u00e9tage, nous proposons 7 chambres allant de 1 \u00e0 5 personnes pour un total de 25 couchages.<\/p>\n<p>Au 2eme \u00e9tage, nous commercialiserons 3 chambres doubles, 1 chambre triple et 4 chambres twin (avec possibilit\u00e9 de lit king size) : 8 chambres au total.<\/p>\n<p>Au 3eme \u00e9tage, enfin, une suite avec lit double, 2 chambres doubles et 4 chambres twin (avec possibilit\u00e9 de lit king size) : 7 chambres au total.<\/p>\n<p>&nbsp;<\/p>\n<p>Tarif de groupe \u00e0 partir de 15 personnes.<\/p>\n<p>Groupe scolaire : nous contacter pour un devis (possibilit\u00e9 petits d\u00e9jeuners et repas du soir pour les groupes)<\/p>\n<p>&nbsp;<\/p>\n<p>Les tarifs\u00a0:<\/p>\n<p>Chambre du 1<sup>er<\/sup> \u00e9tage\u00a0: 40\u20ac le lit (r\u00e9serv\u00e9 aux groupes)<\/p>\n<p>Chambre double (ou twin) du 2<sup>e<\/sup> \u00e9tage\u00a0: 90 \u20ac<\/p>\n<p>Chambre triple du 2<sup>e<\/sup> \u00e9tage 100\u20ac<\/p>\n<p>Chambre double (ou twin) du 3<sup>e<\/sup> \u00e9tage\u00a0: 105 \u20ac<\/p>\n<p>Suite du 3<sup>e<\/sup> \u00e9tage\u00a0: 115 \u20ac<\/p>\n<p>&nbsp;<\/p>\n<p>Possibilit\u00e9 de parking en option (7\u20ac)<\/p>\n<p>L&#8217;h\u00f4tel est ouvert tous les jours de la semaine mais ferm\u00e9 le week-end et pendant les vacances de la zone C<\/p>\n<p>&nbsp;<\/p>\n<p>Pour tout compl\u00e9ment d\u2019information, n\u2019h\u00e9sitez pas \u00e0 nous contacter : <strong><em>hotellerie.reneauffray@gmail.com<\/em><\/strong><\/p>\n<p>&nbsp;<\/p>\n<p>Reportage de France3 sur l&#8217;h\u00f4tel Auffray<\/p>\n<div style=\"width: 854px;\" class=\"wp-video\"><!--[if lt IE 9]><script>document.createElement('video');<\/script><![endif]-->\n<video class=\"wp-video-shortcode\" id=\"video-8137-1\" width=\"854\" height=\"480\" preload=\"metadata\" controls=\"controls\"><source type=\"video\/mp4\" src=\"https:\/\/lyc-auffray-clichy.ac-versailles.fr\/wp-content\/uploads\/sites\/134\/2024\/11\/france3.mp4?_=1\" \/><a href=\"https:\/\/lyc-auffray-clichy.ac-versailles.fr\/wp-content\/uploads\/sites\/134\/2024\/11\/france3.mp4\">https:\/\/lyc-auffray-clichy.ac-versailles.fr\/wp-content\/uploads\/sites\/134\/2024\/11\/france3.mp4<\/a><\/video><\/div>\n[\/vc_column_text][\/vc_column][\/vc_row]\n<\/div><\/div>","protected":false},"excerpt":{"rendered":"<p>[vc_row][vc_column width=&#8221;1\/4&#8243;][vc_gallery interval=&#8221;5&#8243; images=&#8221;8158,8159,8160,8161,8162&#8243; img_size=&#8221;medium&#8221; title=&#8221;Salle de restauration de l&#8217;h\u00f4tel&#8221;][vc_gallery interval=&#8221;3&#8243; images=&#8221;8170,8171,8172,8173&#8243; img_size=&#8221;medium&#8221; title=&#8221;premier \u00e9tage&#8221;][vc_gallery interval=&#8221;3&#8243; images=&#8221;8231,8232,8233,8235,8236,8237&#8243; img_size=&#8221;medium&#8221; title=&#8221;deuxi\u00e8me \u00e9tage&#8221;][vc_gallery interval=&#8221;3&#8243; images=&#8221;8239,8240,8241,8242&#8243; img_size=&#8221;medium&#8221; title=&#8221;troisi\u00e8me \u00e9tage&#8221;][vc_gallery interval=&#8221;3&#8243; images=&#8221;8152,8156,8165,8166,8168&#8243; img_size=&#8221;medium&#8221; title=&#8221;Les salles de bain&#8221;][vc_column_text]R\u00e9servations\u00a0: hotellerie.reneauffray@gmail.com 01 49 68 90 31 Adresse :<\/p>\n","protected":false},"author":3879,"featured_media":0,"parent":0,"menu_order":0,"comment_status":"closed","ping_status":"closed","template":"","meta":{"_crdt_document":"","footnotes":""},"categories":[],"class_list":["post-8137","page","type-page","status-publish","hentry"],"_links":{"self":[{"href":"https:\/\/lyc-auffray-clichy.ac-versailles.fr\/index.php\/wp-json\/wp\/v2\/pages\/8137","targetHints":{"allow":["GET"]}}],"collection":[{"href":"https:\/\/lyc-auffray-clichy.ac-versailles.fr\/index.php\/wp-json\/wp\/v2\/pages"}],"about":[{"href":"https:\/\/lyc-auffray-clichy.ac-versailles.fr\/index.php\/wp-json\/wp\/v2\/types\/page"}],"author":[{"embeddable":true,"href":"https:\/\/lyc-auffray-clichy.ac-versailles.fr\/index.php\/wp-json\/wp\/v2\/users\/3879"}],"replies":[{"embeddable":true,"href":"https:\/\/lyc-auffray-clichy.ac-versailles.fr\/index.php\/wp-json\/wp\/v2\/comments?post=8137"}],"version-history":[{"count":10,"href":"https:\/\/lyc-auffray-clichy.ac-versailles.fr\/index.php\/wp-json\/wp\/v2\/pages\/8137\/revisions"}],"predecessor-version":[{"id":8283,"href":"https:\/\/lyc-auffray-clichy.ac-versailles.fr\/index.php\/wp-json\/wp\/v2\/pages\/8137\/revisions\/8283"}],"wp:attachment":[{"href":"https:\/\/lyc-auffray-clichy.ac-versailles.fr\/index.php\/wp-json\/wp\/v2\/media?parent=8137"}],"wp:term":[{"taxonomy":"category","embeddable":true,"href":"https:\/\/lyc-auffray-clichy.ac-versailles.fr\/index.php\/wp-json\/wp\/v2\/categories?post=8137"}],"curies":[{"name":"wp","href":"https:\/\/api.w.org\/{rel}","templated":true}]}}