{"id":6395,"date":"2020-03-09T09:37:41","date_gmt":"2020-03-09T09:37:41","guid":{"rendered":"http:\/\/www.lyc-auffray-clichy.ac-versailles.fr\/?page_id=6395"},"modified":"2024-01-25T14:14:35","modified_gmt":"2024-01-25T14:14:35","slug":"seconde-venir","status":"publish","type":"page","link":"https:\/\/lyc-auffray-clichy.ac-versailles.fr\/index.php\/les-formations\/seconde-venir\/","title":{"rendered":"SECONDE @VENIR"},"content":{"rendered":"<div class=\"l-submain\"><div class=\"l-submain-h g-html i-cf\"><div style=\"text-align: justify\">La <strong>seconde @venir<\/strong> est une seconde innovante qui adapte au lyc\u00e9e les principaux axes de la R\u00e9forme des coll\u00e8ges et qui s&#8217;appuie sur la R\u00e9forme du lyc\u00e9e g\u00e9n\u00e9ral et technologique. Elle vise ainsi \u00e0 &#8220;mieux enseigner les <strong>savoirs fondamentaux<\/strong>, former \u00e0 <strong>d&#8217;autres comp\u00e9tences<\/strong> et avoir un fonctionnement quotidien assoupli pour <strong>s\u2019adapter \u00e0 la diversit\u00e9 des besoins des \u00e9l\u00e8ves<\/strong>&#8220;. Cette seconde @venir consolide la <strong>liaison 3\u00e8me\/2nde<\/strong> tout en faisant <strong>\u00e9voluer les enseignements traditionnels<\/strong>, cela afin de donner aux \u00e9l\u00e8ves le moyen de r\u00e9ussir leur parcours lyc\u00e9en par une <strong>orientation choisie et adapt\u00e9e au projet personnel de chacun<\/strong>. \u200bVous trouverez ci-dessous davantage d&#8217;informations :<\/div>\n<div><a ref=\"magnificPopup\" href=\"https:\/\/lyc-auffray-clichy.ac-versailles.fr\/wp-content\/uploads\/sites\/134\/2023\/03\/Brochure-2@-2022-2023.jpg\"><img loading=\"lazy\" decoding=\"async\" class=\"alignnone size-medium wp-image-7723\" src=\"https:\/\/lyc-auffray-clichy.ac-versailles.fr\/wp-content\/uploads\/sites\/134\/2023\/03\/Brochure-2@-2022-2023-212x300.jpg\" alt=\"\" width=\"212\" height=\"300\" srcset=\"https:\/\/lyc-auffray-clichy.ac-versailles.fr\/wp-content\/uploads\/sites\/134\/2023\/03\/Brochure-2@-2022-2023-212x300.jpg 212w, https:\/\/lyc-auffray-clichy.ac-versailles.fr\/wp-content\/uploads\/sites\/134\/2023\/03\/Brochure-2@-2022-2023-724x1024.jpg 724w, https:\/\/lyc-auffray-clichy.ac-versailles.fr\/wp-content\/uploads\/sites\/134\/2023\/03\/Brochure-2@-2022-2023-768x1086.jpg 768w, https:\/\/lyc-auffray-clichy.ac-versailles.fr\/wp-content\/uploads\/sites\/134\/2023\/03\/Brochure-2@-2022-2023-1086x1536.jpg 1086w, https:\/\/lyc-auffray-clichy.ac-versailles.fr\/wp-content\/uploads\/sites\/134\/2023\/03\/Brochure-2@-2022-2023-465x658.jpg 465w, https:\/\/lyc-auffray-clichy.ac-versailles.fr\/wp-content\/uploads\/sites\/134\/2023\/03\/Brochure-2@-2022-2023-350x495.jpg 350w, https:\/\/lyc-auffray-clichy.ac-versailles.fr\/wp-content\/uploads\/sites\/134\/2023\/03\/Brochure-2@-2022-2023.jpg 1414w\" sizes=\"auto, (max-width: 212px) 100vw, 212px\" \/><\/a><\/div>\n<div><strong>Cliquez sur l&#8217;image ci-dessous pour visionner une vid\u00e9o de pr\u00e9sentation de la 2nde @venir :<\/strong><\/div>\n<div><\/div>\n<div><strong><a href=\"https:\/\/www.canva.com\/design\/DAF65M_7Zfk\/nu2j5Mt8hD4P3ccf2-bKYw\/edit?utm_content=DAF65M_7Zfk&amp;amp;utm_campaign=designshare&amp;amp;utm_medium=link2&amp;amp;utm_source=sharebutton\u200c\"><img loading=\"lazy\" decoding=\"async\" class=\"alignnone wp-image-7372 size-full\" src=\"https:\/\/lyc-auffray-clichy.ac-versailles.fr\/wp-content\/uploads\/sites\/134\/2022\/02\/logo-2@.png\" alt=\"\" width=\"227\" height=\"297\" \/><\/a><\/strong><\/div>\n<div><\/div>\n<div><\/div>\n<\/div><\/div>","protected":false},"excerpt":{"rendered":"<p>La seconde @venir est une seconde innovante qui adapte au lyc\u00e9e les principaux axes de la R\u00e9forme des coll\u00e8ges et qui s&#8217;appuie sur la R\u00e9forme du lyc\u00e9e g\u00e9n\u00e9ral et technologique. Elle vise ainsi \u00e0 &#8220;mieux enseigner les savoirs fondamentaux, former<\/p>\n","protected":false},"author":1052,"featured_media":0,"parent":1583,"menu_order":0,"comment_status":"closed","ping_status":"closed","template":"","meta":{"_crdt_document":"","footnotes":""},"categories":[],"class_list":["post-6395","page","type-page","status-publish","hentry"],"_links":{"self":[{"href":"https:\/\/lyc-auffray-clichy.ac-versailles.fr\/index.php\/wp-json\/wp\/v2\/pages\/6395","targetHints":{"allow":["GET"]}}],"collection":[{"href":"https:\/\/lyc-auffray-clichy.ac-versailles.fr\/index.php\/wp-json\/wp\/v2\/pages"}],"about":[{"href":"https:\/\/lyc-auffray-clichy.ac-versailles.fr\/index.php\/wp-json\/wp\/v2\/types\/page"}],"author":[{"embeddable":true,"href":"https:\/\/lyc-auffray-clichy.ac-versailles.fr\/index.php\/wp-json\/wp\/v2\/users\/1052"}],"replies":[{"embeddable":true,"href":"https:\/\/lyc-auffray-clichy.ac-versailles.fr\/index.php\/wp-json\/wp\/v2\/comments?post=6395"}],"version-history":[{"count":10,"href":"https:\/\/lyc-auffray-clichy.ac-versailles.fr\/index.php\/wp-json\/wp\/v2\/pages\/6395\/revisions"}],"predecessor-version":[{"id":7983,"href":"https:\/\/lyc-auffray-clichy.ac-versailles.fr\/index.php\/wp-json\/wp\/v2\/pages\/6395\/revisions\/7983"}],"up":[{"embeddable":true,"href":"https:\/\/lyc-auffray-clichy.ac-versailles.fr\/index.php\/wp-json\/wp\/v2\/pages\/1583"}],"wp:attachment":[{"href":"https:\/\/lyc-auffray-clichy.ac-versailles.fr\/index.php\/wp-json\/wp\/v2\/media?parent=6395"}],"wp:term":[{"taxonomy":"category","embeddable":true,"href":"https:\/\/lyc-auffray-clichy.ac-versailles.fr\/index.php\/wp-json\/wp\/v2\/categories?post=6395"}],"curies":[{"name":"wp","href":"https:\/\/api.w.org\/{rel}","templated":true}]}}