{"id":6305,"date":"2022-02-11T08:44:16","date_gmt":"2022-02-11T08:44:16","guid":{"rendered":"http:\/\/www.lyc-auffray-clichy.ac-versailles.fr\/?page_id=6305"},"modified":"2025-01-29T13:42:46","modified_gmt":"2025-01-29T13:42:46","slug":"brevet-technicien-superieur-tourisme-2-2","status":"publish","type":"page","link":"https:\/\/lyc-auffray-clichy.ac-versailles.fr\/index.php\/les-formations\/brevet-technicien-superieur-tourisme-2-2\/","title":{"rendered":"BREVET TECHNICIEN SUP\u00c9RIEUR : DI\u00c9T\u00c9TIQUEET NUTRITION"},"content":{"rendered":"<div class=\"l-submain\"><div class=\"l-submain-h g-html i-cf\">[vc_row full_width=&#8221;stretch_row&#8221; css_animation=&#8221;none&#8221; row_id=&#8221;BAC_tech_st2s&#8221; el_id=&#8221;BAC_tech_st2s&#8221;][vc_column][vc_row_inner][vc_column_inner width=&#8221;11\/12&#8243;][vc_column_text css_animation=&#8221;top-to-bottom&#8221;]\n<h1><strong>BREVET TECHNICIEN SUP\u00c9RIEUR : <\/strong>DI\u00c9T\u00c9TIQUE ET NUTRITION<\/h1>\n[\/vc_column_text][\/vc_column_inner][\/vc_row_inner][\/vc_column][\/vc_row][vc_row][vc_column width=&#8221;1\/2&#8243;]<div class=\"w-actionbox color_primary controls_aside\"><div class=\"w-actionbox-h\"><div class=\"w-actionbox-text\"><h3>D\u00e9p\u00f4t de candidature :<\/h3><\/div><div class=\"w-actionbox-controls at_right\"><a class=\"w-actionbox-button g-btn size_small type_outline\" href=\"https:\/\/www.parcoursup.fr\/\"><span>Parcoursup<\/span><\/a><\/div><\/div><\/div>[\/vc_column][vc_column width=&#8221;1\/2&#8243;][vc_column_text]\n<p style=\"text-align: justify\">Le <strong>BTS Di\u00e9t\u00e9tique <\/strong>se d\u00e9roule sur 2 <strong>ann\u00e9es<\/strong> de formation. La dynamique de la formation repose sur la combinaison de cours th\u00e9oriques d\u2019enseignement <strong>professionnel<\/strong> et <strong>g\u00e9n\u00e9ral<\/strong> et de <strong>20 semaines de stages<\/strong> dont la diversit\u00e9 garantit la connaissance des opportunit\u00e9s offertes dans tous les <strong>milieux professionnels li\u00e9s \u00e0 l&#8217;alimentation<\/strong>.<\/p>\n[\/vc_column_text][\/vc_column][\/vc_row][vc_section][vc_row gap=&#8221;30&#8243; equal_height=&#8221;yes&#8221;][vc_column css=&#8221;.vc_custom_1498047491559{border-radius: 5px !important;}&#8221;][vc_row_inner][vc_column_inner width=&#8221;1\/2&#8243;][vc_column_text css_animation=&#8221;fadeInDown&#8221;]\n<h3 class=\"subtitle2\">Objectifs de formation<\/h3>\n<div><\/div>\n<ul>\n<li>Mettre en \u0153uvre une d\u00e9marche qualit\u00e9 alimentaire dans diff\u00e9rents contextes professionnels ;<\/li>\n<li>Concevoir et conduire des actions de promotion, de pr\u00e9vention et d&#8217;\u00e9ducation en sant\u00e9 dans le domaine de la nutrition ;<\/li>\n<li>\u00c9valuer une situation nutritionnelle et mettre en \u0153uvre un plan de soin di\u00e9t\u00e9tique.<\/li>\n<\/ul>\n[\/vc_column_text][vc_column_text css_animation=&#8221;top-to-bottom&#8221;]\n<h3 class=\"subtitle2\">Acc\u00e8s<\/h3>\n<p>Ce BTS\u00a0se pr\u00e9pare <strong>en 2 ans, <\/strong>le plus souvent apr\u00e8s l&#8217;obtention d&#8217;un <strong>Baccalaur\u00e9at G\u00e9n\u00e9ral (enseignement de sp\u00e9cialit\u00e9 SVT<\/strong>), ou <strong>Technologique (STL ou ST2S)<\/strong>. possibilit\u00e9 d&#8217;int\u00e9grer le BTS avec un EXCELLENT dossier de baccalaur\u00e9at professionnel ASSP.[\/vc_column_text][vc_column_text css_animation=&#8221;top-to-bottom&#8221;]\n<h3 class=\"subtitle2\">Profil requis<\/h3>\n<ul>\n<li>Avoir un bon niveau d&#8217;enseignement <strong>g\u00e9n\u00e9ral<\/strong> et <strong>scientifique<\/strong><\/li>\n<li>Avoir de l&#8217;<strong>autonomie<\/strong> et le sens de l&#8217;<strong>organisation<\/strong><\/li>\n<li>Faire preuve d&#8217;un esprit d\u2019<strong>analyse<\/strong> et de <strong>synth\u00e8se<\/strong><\/li>\n<li>Avoir le sens du <strong>contact<\/strong><\/li>\n<li>\u00catre \u00e0 l\u2019aise \u00e0 l\u2019<strong>oral<\/strong> et aimer <strong>communiquer<\/strong><\/li>\n<li>Savoir s\u2019<strong>adapter<\/strong> \u00e0 son environnement et aux diff\u00e9rents interlocuteurs<\/li>\n<li>Avoir un bon niveau de <strong>langue<\/strong><\/li>\n<\/ul>\n[\/vc_column_text][vc_column_text css_animation=&#8221;top-to-bottom&#8221;]\n<h3 class=\"subtitle2\">Volume horaire hebdomadaire par mati\u00e8re<\/h3>\n<p>&nbsp;<\/p>\n<table>\n<tbody>\n<tr>\n<td width=\"262\"><strong>Organisation de la formation<\/strong><\/td>\n<td width=\"90\"><strong>1<sup>\u00e8re<\/sup> ANNEE<\/strong><\/td>\n<td width=\"90\"><strong>2<sup>\u00e8me<\/sup> ANNEE<\/strong><\/td>\n<\/tr>\n<tr>\n<td width=\"262\"><strong>BC1 &#8211; \u00c9laboration et mise en \u0153uvre d&#8217;une d\u00e9marche de soin di\u00e9t\u00e9tique et nutritionnel.<\/strong><\/td>\n<td width=\"90\">2 h<\/td>\n<td width=\"90\">10 h<\/td>\n<\/tr>\n<tr>\n<td width=\"262\"><strong>BC2 &#8211; Conception et \u00e9laboration d&#8217;une alimentation saine, durable et adapt\u00e9e.<\/strong><\/td>\n<td width=\"90\">12 h<\/td>\n<td width=\"90\">7 h<\/td>\n<\/tr>\n<tr>\n<td width=\"262\"><strong>BC3 &#8211; Intervention en sant\u00e9 publique dans les domaines de\u00a0 la di\u00e9t\u00e9tique et de la nutrition.<\/strong><\/td>\n<td width=\"90\">10 h<\/td>\n<td width=\"90\">7 h<\/td>\n<\/tr>\n<tr>\n<td width=\"262\"><strong>Biologie et physiopathologie appliqu\u00e9es \u00e0 la di\u00e9t\u00e9tique et \u00e0 la nutrition.<\/strong><\/td>\n<td width=\"90\">&nbsp;<\/p>\n<p>8 h<\/td>\n<td width=\"90\">&nbsp;<\/p>\n<p>8 h<\/td>\n<\/tr>\n<tr>\n<td width=\"262\"><strong>Langue vivante \u00e9trang\u00e8re: Anglais<\/strong><\/td>\n<td width=\"90\">1 h<\/td>\n<td width=\"90\">1 h<\/td>\n<\/tr>\n<tr>\n<td style=\"text-align: center\" width=\"262\"><strong>TOTAL<\/strong><\/td>\n<td style=\"text-align: center\" width=\"90\"><strong>33 h<\/strong><\/td>\n<td style=\"text-align: center\" width=\"90\"><strong>33 h<\/strong><\/td>\n<\/tr>\n<\/tbody>\n<\/table>\n[\/vc_column_text][\/vc_column_inner][vc_column_inner width=&#8221;1\/2&#8243;][vc_column_text css_animation=&#8221;top-to-bottom&#8221;]\n<div class=\"wpb_text_column wpb_content_element \">\n<div class=\"wpb_wrapper\">\n<h3 class=\"subtitle2\">Les d\u00e9bouch\u00e9s<\/h3>\n<h4><strong>Poursuite d\u2019\u00e9tudes<\/strong><\/h4>\n<ul>\n<li>Licence professionnelle mention Industries agroalimentaires: gestion, production et valorisation ;<\/li>\n<li>Licence professionnelle S\u00e9curit\u00e9 des aliments et assurance qualit\u00e9 ;<\/li>\n<li>Licence professionnelle Nutrition et alimentation humaine ;<\/li>\n<li>\u00c9cole d&#8217;ing\u00e9nieur dans l&#8217;industrie agroalimentaire ;<\/li>\n<li>&#8230;<\/li>\n<\/ul>\n<\/div>\n<\/div>\n[\/vc_column_text][vc_column_text css_animation=&#8221;top-to-bottom&#8221;]\n<div class=\"wpb_text_column wpb_content_element \">\n<h4 class=\"wpb_wrapper\"><strong>L&#8217;insertion professionnelle du di\u00e9t\u00e9ticien nutritionniste<\/strong><\/h4>\n<p>Au carrefour du plaisir de manger et du souci de sant\u00e9, la di\u00e9t\u00e9tique s&#8217;impose comme le garant d&#8217;une alimentation saine et \u00e9quilibr\u00e9e. Devenir Di\u00e9t\u00e9ticien Nutritionniste, c\u2019est acc\u00e9der \u00e0 un m\u00e9tier qui jouit d&#8217;une image moderne et dynamique. Les formes sous lesquelles on peut l&#8217;exercer sont tr\u00e8s diverses :<\/p>\n<ul>\n<li><strong>En secteur th\u00e9rapeutique<\/strong> dans les \u00e9tablissements de sant\u00e9, priv\u00e9s ou publics, r\u00e9seaux de sant\u00e9 ;<\/li>\n<li><strong>En restauration collective<\/strong>: <strong>Assistant qualit\u00e9<\/strong> ;<\/li>\n<li><strong>En secteur agroalimentaire<\/strong>: <strong>Assistant qualit\u00e9<\/strong> ;<\/li>\n<li><strong>En sant\u00e9 publique<\/strong>: <strong>Charg\u00e9 de mission<\/strong> sur des programmes pilot\u00e9s par les collectivit\u00e9s territoriales ;<\/li>\n<li><strong>En secteur lib\u00e9ra<\/strong>l ;<\/li>\n<li><strong>En secteur sportif<\/strong> ;<\/li>\n<li><strong>Charg\u00e9 de mission d&#8217;\u00e9ducation \u00e0 la sant\u00e9<\/strong> ;<\/li>\n<li><strong>Attach\u00e9 de recherche clinique<\/strong> ;<\/li>\n<li><strong>Conseiller de vente<\/strong> en di\u00e9t\u00e9tique et nutrition.<\/li>\n<\/ul>\n<\/div>\n[\/vc_column_text][vc_column_text css_animation=&#8221;top-to-bottom&#8221;]\n<h3 class=\"subtitle2\">Les stages<\/h3>\n<p class=\"text3\" style=\"text-align: justify\">Les stages sont r\u00e9partis sur les deux ann\u00e9es scolaires. Ce sont des p\u00e9riodes qui viennent compl\u00e9ter la formation scolaire avec des objectifs en termes d\u2019activit\u00e9s \u00e0 r\u00e9aliser, n\u00e9goci\u00e9es avec l\u2019organisation qui accueille le stagiaire. La pr\u00e9sence en stage est <strong>obligatoire<\/strong> pour l\u2019obtention du dipl\u00f4me.<strong><br \/>\n<\/strong><\/p>\n[\/vc_column_text][vc_message message_box_style=&#8221;outline&#8221; message_box_color=&#8221;orange&#8221; css_animation=&#8221;top-to-bottom&#8221; el_class=&#8221;msg-box&#8221;]\n<p style=\"padding-left: 60px\">\u00a0\u00a0\u00a0 Dur\u00e9e totale des stages : 20 semaines<\/p>\n[\/vc_message][vc_column_text css_animation=&#8221;top-to-bottom&#8221;]\n<p style=\"text-align: justify\">L\u2019\u00e9l\u00e8ve recherche lui-m\u00eame les lieux de stage en fonction de son projet professionnel. Les \u00e9tudiants sont accompagn\u00e9s dans cette d\u00e9marche avec un acc\u00e8s \u00e0 la base des stages des anciens \u00e9l\u00e8ves.<\/p>\n[\/vc_column_text][vc_message message_box_style=&#8221;solid&#8221; message_box_color=&#8221;orange&#8221; el_class=&#8221;msg-box&#8221;]\n<h3 style=\"text-align: left;padding-left: 90px\"><strong><span style=\"color: #5c2849\">Dates de stage<\/span><\/strong><\/h3>\n<p><span style=\"color: #808000\"><strong><span style=\"color: #5c2849\">1\u00e8re ann\u00e9e (1BTSD) :<\/span><\/strong><strong><br \/>\n<\/strong><\/span><\/p>\n<ul>\n<li><span style=\"color: #808000\"><strong>4 semaines de stage en restauration collective ;<\/strong><\/span><\/li>\n<li><span style=\"color: #808000\"><strong>3 semaines de stage d&#8217;intervention en sant\u00e9 publique.<\/strong><\/span><\/li>\n<\/ul>\n<p><span style=\"color: #808000\"><strong><span style=\"color: #5c2849\">2\u00e8me\u00a0ann\u00e9e (2BTSD):<\/span><br \/>\n<\/strong><\/span><\/p>\n<ul>\n<li><span style=\"color: #808000\"><strong>3 semaines de stage d&#8217;intervention en sant\u00e9 publique ;<\/strong><\/span><\/li>\n<li><span style=\"color: #808000\"><strong>10 semaines de stage th\u00e9rapeutique.<\/strong><\/span><span style=\"color: #808000\"><strong><br \/>\n<\/strong><\/span><\/li>\n<\/ul>\n[\/vc_message][\/vc_column_inner][\/vc_row_inner][vc_row_inner][vc_column_inner width=&#8221;1\/2&#8243;][\/vc_column_inner][vc_column_inner width=&#8221;1\/2&#8243;][\/vc_column_inner][\/vc_row_inner][vc_row_inner][vc_column_inner][vc_empty_space height=&#8221;5px&#8221;][\/vc_column_inner][\/vc_row_inner][vc_row_inner][vc_column_inner][vc_empty_space height=&#8221;5px&#8221;][\/vc_column_inner][\/vc_row_inner][vc_row_inner][vc_column_inner][vc_empty_space height=&#8221;5px&#8221;][vc_column_text css_animation=&#8221;top-to-bottom&#8221;]\n<h3 class=\"subtitle2\">Pour en savoir plus<\/h3>\n<p><a href=\"https:\/\/www.onisep.fr\/ressources\/univers-formation\/formations\/post-bac\/bts-dietetique-et-nutrition\">ONISEP &#8211; BTS DIETETIQUE ET NUTRITION<\/a><\/p>\n<p><a href=\"https:\/\/www.onisep.fr\/ressources\/univers-metier\/metiers\/dieteticien-dieteticienne\">ONISEP &#8211; Di\u00e9t\u00e9ticien\/ne<\/a><\/p>\n<p><a href=\"https:\/\/www.afdn.org\/\">AFDN &#8211; Association Fran\u00e7aise des Di\u00e9t\u00e9ticiens Nutritionnistes<\/a>[\/vc_column_text][\/vc_column_inner][\/vc_row_inner][\/vc_column][\/vc_row][\/vc_section][vc_row][vc_column][vc_column_text css_animation=&#8221;fadeInDown&#8221;]\n<h3 class=\"subtitle2\">Actualit\u00e9s<\/h3>\n[\/vc_column_text][\/vc_column][\/vc_row][vc_row][vc_column][vc_basic_grid post_type=&#8221;post&#8221; max_items=&#8221;4&#8243; element_width=&#8221;3&#8243; grid_id=&#8221;vc_gid:1738158029098-c268693b-2136-6&#8243; taxonomies=&#8221;85&#8243;][\/vc_column][\/vc_row]\n<\/div><\/div>","protected":false},"excerpt":{"rendered":"<p>[vc_row full_width=&#8221;stretch_row&#8221; css_animation=&#8221;none&#8221; row_id=&#8221;BAC_tech_st2s&#8221; el_id=&#8221;BAC_tech_st2s&#8221;][vc_column][vc_row_inner][vc_column_inner width=&#8221;11\/12&#8243;][vc_column_text css_animation=&#8221;top-to-bottom&#8221;] BREVET TECHNICIEN SUP\u00c9RIEUR : DI\u00c9T\u00c9TIQUE ET NUTRITION [\/vc_column_text][\/vc_column_inner][\/vc_row_inner][\/vc_column][\/vc_row][vc_row][vc_column width=&#8221;1\/2&#8243;][\/vc_column][vc_column width=&#8221;1\/2&#8243;][vc_column_text] Le BTS Di\u00e9t\u00e9tique se d\u00e9roule sur 2 ann\u00e9es de formation. La dynamique de la formation repose sur la combinaison de cours th\u00e9oriques d\u2019enseignement<\/p>\n","protected":false},"author":1052,"featured_media":0,"parent":1583,"menu_order":0,"comment_status":"closed","ping_status":"closed","template":"","meta":{"_crdt_document":"","footnotes":""},"categories":[55,65,48],"class_list":["post-6305","page","type-page","status-publish","hentry","category-bts","category-pb","category-sante"],"_links":{"self":[{"href":"https:\/\/lyc-auffray-clichy.ac-versailles.fr\/index.php\/wp-json\/wp\/v2\/pages\/6305","targetHints":{"allow":["GET"]}}],"collection":[{"href":"https:\/\/lyc-auffray-clichy.ac-versailles.fr\/index.php\/wp-json\/wp\/v2\/pages"}],"about":[{"href":"https:\/\/lyc-auffray-clichy.ac-versailles.fr\/index.php\/wp-json\/wp\/v2\/types\/page"}],"author":[{"embeddable":true,"href":"https:\/\/lyc-auffray-clichy.ac-versailles.fr\/index.php\/wp-json\/wp\/v2\/users\/1052"}],"replies":[{"embeddable":true,"href":"https:\/\/lyc-auffray-clichy.ac-versailles.fr\/index.php\/wp-json\/wp\/v2\/comments?post=6305"}],"version-history":[{"count":10,"href":"https:\/\/lyc-auffray-clichy.ac-versailles.fr\/index.php\/wp-json\/wp\/v2\/pages\/6305\/revisions"}],"predecessor-version":[{"id":8304,"href":"https:\/\/lyc-auffray-clichy.ac-versailles.fr\/index.php\/wp-json\/wp\/v2\/pages\/6305\/revisions\/8304"}],"up":[{"embeddable":true,"href":"https:\/\/lyc-auffray-clichy.ac-versailles.fr\/index.php\/wp-json\/wp\/v2\/pages\/1583"}],"wp:attachment":[{"href":"https:\/\/lyc-auffray-clichy.ac-versailles.fr\/index.php\/wp-json\/wp\/v2\/media?parent=6305"}],"wp:term":[{"taxonomy":"category","embeddable":true,"href":"https:\/\/lyc-auffray-clichy.ac-versailles.fr\/index.php\/wp-json\/wp\/v2\/categories?post=6305"}],"curies":[{"name":"wp","href":"https:\/\/api.w.org\/{rel}","templated":true}]}}