{"id":5094,"date":"2026-03-20T08:50:00","date_gmt":"2026-03-20T08:50:00","guid":{"rendered":"http:\/\/www.lyc-auffray-clichy.ac-versailles.fr\/?page_id=5094"},"modified":"2026-03-30T15:44:47","modified_gmt":"2026-03-30T15:44:47","slug":"formation-auxiliaire-de-puericulture","status":"publish","type":"page","link":"https:\/\/lyc-auffray-clichy.ac-versailles.fr\/index.php\/les-formations\/formation-auxiliaire-de-puericulture\/","title":{"rendered":"FORMATION : AUXILIAIRE DE PU\u00c9RICULTURE"},"content":{"rendered":"<div class=\"l-submain\"><div class=\"l-submain-h g-html i-cf\">[vc_row full_width=&#8221;stretch_row&#8221; css_animation=&#8221;none&#8221; row_id=&#8221;BAC_tech_st2s&#8221; el_id=&#8221;BAC_tech_st2s&#8221;][vc_column][vc_row_inner][vc_column_inner width=&#8221;11\/12&#8243;][vc_column_text css_animation=&#8221;top-to-bottom&#8221;]\n<h1><strong>FORMATION D&#8217;AUXILIAIRE DE PU\u00c9RICULTURE :\u00a0<\/strong><br \/>\nDipl\u00f4me d\u2019\u00c9tat d&#8217;Auxiliaire de Pu\u00e9riculture (DEAP)<\/h1>\n<p style=\"text-align: justify\">La formation au<strong> dipl\u00f4me d\u2019\u00e9tat \u00a0d\u2019auxiliaire de pu\u00e9riculture<\/strong> se d\u00e9roule sur une ann\u00e9e scolaire.\u00a0 Pendant cette formation,\u00a0 l\u2019\u00e9l\u00e8ve auxiliaire de pu\u00e9riculture suit des <strong>enseignements th\u00e9oriques et cliniques<\/strong> partag\u00e9s entre les p\u00e9riodes en institut de formation (IFAP) et les <strong>p\u00e9riodes de stages.<\/strong><\/p>\n<p style=\"text-align: justify\">L&#8217;auxiliaire de pu\u00e9riculture exerce sous la responsabilit\u00e9 de l&#8217;infirmier ou de la pu\u00e9ricultrice dans le cadre du r\u00f4le qui rel\u00e8ve de l\u2019initiative de celui-ci, d\u00e9fini par les <span style=\"color: #0000ff\"><a style=\"color: #0000ff\" href=\"http:\/\/www.legifrance.gouv.fr\/affichCode.do?idArticle=&amp;idSectionTA=LEGISCTA000006190610&amp;cidTexte=LEGITEXT000006072665&amp;dateTexte=20080130\">articles R.4311-3 \u00e0 4311- 5 du code de la sant\u00e9 publique<\/a><\/span>.<\/p>\n[\/vc_column_text][\/vc_column_inner][\/vc_row_inner][\/vc_column][\/vc_row][vc_section][vc_row gap=&#8221;30&#8243; equal_height=&#8221;yes&#8221;][vc_column css=&#8221;.vc_custom_1498047491559{border-radius: 5px !important;}&#8221;][vc_row_inner][vc_column_inner width=&#8221;1\/2&#8243;][vc_column_text css_animation=&#8221;top-to-bottom&#8221;]\n<h3 class=\"subtitle2\" style=\"text-align: justify\">Acc\u00e8s<\/h3>\n<p style=\"text-align: justify\">Notre formation \u00ab\u00a0Auxiliaire de pu\u00e9riculture\u00a0\u00bb accueille chaque ann\u00e9e une promotion de 30 \u00e9l\u00e8ves maximum en public mixte\u00a0:<\/p>\n<ul style=\"text-align: justify\">\n<li><strong>12 places<\/strong> sont r\u00e9serv\u00e9es \u00e0 <strong>la formation initiale sous statut scolaire<\/strong> et concerne des \u00e9l\u00e8ves <strong>titulaires du Baccalaur\u00e9at professionnel ASSP ou SAPAT<\/strong>. Le recrutement de ces \u00e9l\u00e8ves\u00a0 se fait sur dossier pour la rentr\u00e9e 2020.<\/li>\n<li><strong>18 places<\/strong> sont r\u00e9serv\u00e9es \u00e0 la <strong>formation continue (<a href=\"http:\/\/www.greta-92.fr\/1-accueil\"><span style=\"color: #0000ff\">GRETA92<\/span><\/a>). <\/strong>Les candidats acc\u00e8dent \u00e0 la formation via le <strong>concours de droit commun<\/strong>.<\/li>\n<\/ul>\n<p style=\"text-align: justify\"><strong>Pour \u00eatre inscrit dans cette formation vous devrez obligatoirement\u00a0avant le premier jour de formation\u00a0:<\/strong><\/p>\n<ul>\n<li style=\"text-align: justify\"><span style=\"color: #ff0000\"><strong>fournir un certificat m\u00e9dical attestant que vous ne pr\u00e9sentez pas de contre-indication physique ou psychologique<\/strong><\/span> \u00e0 l&#8217;exercice de la profession d\u2019Aide-Soignant \u00e9tabli par un m\u00e9decin agr\u00e9e par l\u2019ARS\u00a0 (<a href=\"https:\/\/www.iledefrance.ars.sante.fr\/listes-de-medecins-agrees-en-ile-de-france\"><span style=\"color: #0000ff\">Liste des m\u00e9decins agr\u00e9\u00e9s ARS en Ile-de-France<\/span><\/a>)<\/li>\n<li style=\"text-align: justify\"><span style=\"color: #ff0000\"><strong>apporter la preuve que vous r\u00e9pondez aux obligations d\u2019immunisation contre la dipht\u00e9rie, la poliomy\u00e9lite et l\u2019h\u00e9patite B<\/strong><\/span> (L\u2019<span style=\"color: #0000ff\"><a style=\"color: #0000ff\" href=\"http:\/\/www.legifrance.gouv.fr\/affichTexte.do?cidTexte=JORFTEXT000027830751&amp;dateTexte=&amp;categorieLien=id\">Arr\u00eat\u00e9 du 2 ao\u00fbt 2013<\/a><\/span> fixant les conditions d\u2019immunisation des personnes vis\u00e9es par l\u2019article L.3111-4 du code de la sant\u00e9 publique)<\/li>\n<\/ul>\n[\/vc_column_text][vc_column_text css_animation=&#8221;top-to-bottom&#8221;]\n<h3 class=\"subtitle2\">Profil requis<\/h3>\n<ul>\n<li>\u00catre<strong> dynamique <\/strong>et<strong> motiv\u00e9(e)<br \/>\n<\/strong><\/li>\n<li>Savoir faire preuve d&#8217;<strong>\u00e9coute<\/strong>, d&#8217;<strong>empathie<\/strong><\/li>\n<li>Capacit\u00e9 \u00e0<strong> travailler en \u00e9quipe<\/strong><\/li>\n<li>Avoir l\u2019esprit d\u2019<strong>analyse<\/strong> et de <strong>synth\u00e8se<\/strong><\/li>\n<li>\u00catre capable de s\u2019<strong>adapter<\/strong> \u00e0 son environnement et\u00a0 aux diff\u00e9rents interlocuteurs<\/li>\n<li>Faire preuve d&#8217;<strong>assiduit\u00e9<\/strong> et de <strong>ponctualit\u00e9<\/strong><\/li>\n<\/ul>\n[\/vc_column_text][vc_column_text css_animation=&#8221;top-to-bottom&#8221;]\n<h3 class=\"subtitle2\" style=\"text-align: justify\">Objectifs de formation<\/h3>\n<p style=\"text-align: justify\">L\u2019auxiliaire de pu\u00e9riculture <strong>r\u00e9alise des activit\u00e9s d\u2019\u00e9veil et des soins<\/strong> visant au <strong>bien-\u00eatre, \u00e0 l\u2019autonomie et au d\u00e9veloppement de l\u2019enfant<\/strong>.<\/p>\n<p style=\"text-align: justify\">Au terme de sa formation, l\u2019\u00e9l\u00e8ve auxiliaire de pu\u00e9riculture devra\u00a0\u00eatre en capacit\u00e9 de\u00a0:<\/p>\n<ul>\n<li style=\"text-align: justify\"><strong>Accompagner les enfants dans les activit\u00e9s d&#8217;\u00e9veil<\/strong> et de la vie quotidienne, et les parents dans leur r\u00f4le \u00e9ducatif<\/li>\n<li style=\"text-align: justify\"><strong>Appr\u00e9cier l&#8217;\u00e9tat clinique<\/strong> d&#8217;une personne \u00e0 tout \u00e2ge de la vie<\/li>\n<li style=\"text-align: justify\"><strong>R\u00e9aliser des soins adapt\u00e9s<\/strong> \u00e0 l&#8217;\u00e9tat clinique de l&#8217;enfant<\/li>\n<li style=\"text-align: justify\">Utiliser <strong>les techniques pr\u00e9ventives de manutention<\/strong> et les <strong>r\u00e8gles de s\u00e9curit\u00e9<\/strong> pour l&#8217;installation et la mobilisation des personnes<\/li>\n<li style=\"text-align: justify\"><strong>Etablir une communication adapt\u00e9e<\/strong> \u00e0 la personne et son entourage<\/li>\n<li style=\"text-align: justify\">Utiliser les <strong>techniques d&#8217;entretien des locaux et du mat\u00e9riel<\/strong> sp\u00e9cifique aux \u00e9tablissements <strong>sanitaires, sociaux et m\u00e9dico-sociaux<\/strong><\/li>\n<li style=\"text-align: justify\"><strong>Rechercher, traiter et transmettre les informations<\/strong> pour assurer la continuit\u00e9 des soins<\/li>\n<li style=\"text-align: justify\"><strong>Organiser son travail<\/strong> dans une \u00e9quipe pluridisciplinaire<\/li>\n<\/ul>\n[\/vc_column_text][\/vc_column_inner][vc_column_inner width=&#8221;1\/2&#8243;][vc_column_text css_animation=&#8221;top-to-bottom&#8221;]\n<div class=\"wpb_text_column wpb_content_element \">\n<div class=\"wpb_wrapper\">\n<h1 class=\"subtitle2\"><em>Recrutement 2026<\/em><\/h1>\n<\/div>\n<p>Date limite de d\u00e9p\u00f4t des dossiers de candidature\u00a0: <strong>MERCREDI<\/strong> <strong>10 JUIN 2026 \u00e0 23h59.<\/strong><\/p>\n<p>&nbsp;<\/p>\n<p><a href=\"https:\/\/lyc-auffray-clichy.ac-versailles.fr\/wp-content\/uploads\/sites\/134\/2026\/03\/ap-Calendrier-Epreuves-de-selection-IFAS-IFAP-Septembre-26.pdf\">ap Calendrier Epreuves de s\u00e9lection IFAS-IFAP Septembre 26<\/a><\/p>\n<p>&nbsp;<\/p>\n<p><strong>Candidats sous statut scolaire : 12 places ouvertes aux \u00e9preuves de s\u00e9lection<\/strong><\/p>\n<p><strong>\u00a0<\/strong><\/p>\n<p><strong>Les \u00e9preuves de s\u00e9lection pour l\u2019entr\u00e9e en formation initiale d\u2019Auxiliaires de pu\u00e9riculture sont ouvertes du 23\/03 au 10\/06 23h59. <\/strong><\/p>\n<p><strong>\u00a0<\/strong><\/p>\n<p><strong>Pour vous y inscrire, veuillez cliquer sur le lien ci-dessous : <\/strong><\/p>\n<p><strong>\u00a0<\/strong><\/p>\n<p><u>\u00a0<\/u><a href=\"https:\/\/myselect-academie-versailles.epsilon-informatique.net\/s\/26?tab=settings\">https:\/\/myselect-academie-versailles.epsilon-informatique.net\/s\/26?tab=settings<\/a><\/p>\n<p>&nbsp;<\/p>\n<p>En cas de difficult\u00e9s, l\u2019adresse mail de contact\u00a0est la suivante : <strong>ifas-ifap.auffray@ac-versailles.fr<\/strong><\/p>\n<p><u>\u00a0<\/u><\/p>\n<p>&nbsp;<\/p>\n<p><strong>Candidats relevant de la formation continue <em>(pour toutes les personnes qui ne rel\u00e8ve plus du statut scolaire en formation initiale) <\/em>: 18 places<\/strong><\/p>\n<p><strong>\u00a0<\/strong><\/p>\n<p>Merci de vous connecter sur le site du <strong>GRETA92<\/strong> via le lien ci-dessous pour votre inscription en formation continue.<\/p>\n<p>https:\/\/www.greta-92.fr\/<\/p>\n<p><strong>Informations aux candidats de l\u2019Agence R\u00e9gionale de Sant\u00e9 (ARS) : <\/strong><\/p>\n<p><a href=\"https:\/\/lyc-auffray-clichy.ac-versailles.fr\/wp-content\/uploads\/sites\/134\/2026\/03\/ap-02022026-selection-entree-IFAP-septembre-2026_INFORMATION-AUX-CANDIDATS.pdf\">ap 02022026 s\u00e9lection entr\u00e9e IFAP septembre 2026_INFORMATION AUX CANDIDATS<\/a><\/p>\n<p><a href=\"https:\/\/lyc-auffray-clichy.ac-versailles.fr\/wp-content\/uploads\/sites\/134\/2026\/03\/ap-Liste-formations-AS-AP-Academie-Versailles-RS-2026.pdf\">ap Liste formations AS AP Acad\u00e9mie Versailles RS 2026<\/a><\/p>\n<p><strong>Document \u00e0 conserver par le candidat apr\u00e8s avoir d\u00e9pos\u00e9 son dossier d\u2019inscription sur le site MySelect : <\/strong><\/p>\n<p>Vous trouverez dans le document ci-dessous l\u2019essentiel des \u00e9l\u00e9ments \u00e0 retenir pour la suite de votre inscription\u00a0:<\/p>\n<p><a href=\"https:\/\/lyc-auffray-clichy.ac-versailles.fr\/wp-content\/uploads\/sites\/134\/2026\/03\/ap-INFORMATIONS-A-CONSERVER-PAR-LES-CANDIDATS-AP.pdf\">ap INFORMATIONS A CONSERVER PAR LES CANDIDATS AP<\/a><\/p>\n<\/div>\n[\/vc_column_text][vc_column_text css_animation=&#8221;fadeInDown&#8221;][\/vc_column_text][\/vc_column_inner][\/vc_row_inner][vc_row_inner][vc_column_inner width=&#8221;1\/2&#8243;][vc_column_text css_animation=&#8221;top-to-bottom&#8221;]\n<h3 class=\"subtitle2\">Volume horaire hebdomadaire par mati\u00e8re<\/h3>\n<p style=\"text-align: justify\">La <strong>formation compl\u00e8te<\/strong> se d\u00e9roule sur <strong>41 semaines soit 1435 heures<\/strong>. L\u2019enseignement en institut de formation et les stages sont organis\u00e9s sur la base de <strong>35h hebdomadaires<\/strong>.<\/p>\n<p style=\"text-align: justify\">Les enseignements sont d\u00e9coup\u00e9s en <strong>8 modules qui correspondent <\/strong>\u00e0 des blocs de comp\u00e9tences. <strong>Les \u00e9l\u00e8ves titulaires d\u2019un Bac Pro ASSP ou SAPAT b\u00e9n\u00e9ficient de dispenses<\/strong> pour certains de ces modules.<\/p>\n<table class=\"tabhoraire\" style=\"height: 659px\" width=\"792\">\n<tbody>\n<tr>\n<td class=\"tdhoraire1\">\n<h6><strong>Dur\u00e9e du module<\/strong><\/h6>\n<\/td>\n<td class=\"tdhoraire2\">\n<h6><strong>Cursus int\u00e9gral<\/strong><\/h6>\n<\/td>\n<td class=\"tdhoraire2\">\n<h6><strong>Titulaires BAC PRO ASSP<\/strong><\/h6>\n<\/td>\n<td class=\"tdhoraire2\">\n<h6><strong>Titulaires BAC PRO SAPAT<\/strong><\/h6>\n<\/td>\n<\/tr>\n<tr>\n<td class=\"tdhoraire3\">\n<h6><b>Bloc 1: Accompagnement et soins de l&#8217;enfant dans les activit\u00e9s de sa vie quotidienne et de sa vie sociale<\/b><\/h6>\n<\/td>\n<td class=\"tdhoraire3\">\n<h6>196h<\/h6>\n<\/td>\n<td class=\"tdhoraire3\">\n<h6>154h<\/h6>\n<\/td>\n<td class=\"tdhoraire3\">\n<h6>161h<\/h6>\n<\/td>\n<\/tr>\n<tr>\n<td class=\"tdhoraire3\">\n<h6><b> Bloc 2: \u00c9valuation de l&#8217;\u00e9tat clinique et mise en oeuvre de soins adapt\u00e9s en collaboration<\/b><\/h6>\n<\/td>\n<td class=\"tdhoraire3\">\n<h6>266h<\/h6>\n<\/td>\n<td class=\"tdhoraire3\">\n<h6>266h<\/h6>\n<\/td>\n<td class=\"tdhoraire3\">\n<h6>266h<\/h6>\n<\/td>\n<\/tr>\n<tr>\n<td class=\"tdhoraire3\">\n<h6><strong> Bloc 3: Information et accompagnement des personnes et de leur entourage, des professionnels et des apprenants<br \/>\n<\/strong><\/h6>\n<\/td>\n<td class=\"tdhoraire3\">\n<h6>91h<\/h6>\n<\/td>\n<td class=\"tdhoraire3\">\n<h6>\u00a0\u00c9quivalence<\/h6>\n<\/td>\n<td class=\"tdhoraire3\">\n<h6>\u00c9quivalence<\/h6>\n<\/td>\n<\/tr>\n<tr>\n<td class=\"tdhoraire3\">\n<h6><strong> Bloc 4: Entretien de l&#8217;environnement imm\u00e9diat de la personne et des mat\u00e9riels li\u00e9s aux activit\u00e9s en tenant compte du lieu et des situation d&#8217;intervention<br \/>\n<\/strong><\/h6>\n<\/td>\n<td class=\"tdhoraire3\">\n<h6>35h<\/h6>\n<\/td>\n<td class=\"tdhoraire3\">\n<h6>\u00c9quivalence<\/h6>\n<\/td>\n<td class=\"tdhoraire3\">\n<h6>35h<\/h6>\n<\/td>\n<\/tr>\n<tr>\n<td class=\"tdhoraire3\">\n<h6><strong> Bloc 5: Travail en \u00e9quipe pluri-profesionnelle et traitement des informations li\u00e9es aux activit\u00e9s de soins, \u00e0 la qualit\u00e9\/gestion des risques<br \/>\n<\/strong><\/h6>\n<\/td>\n<td class=\"tdhoraire3\">\n<h6>105h<\/h6>\n<\/td>\n<td class=\"tdhoraire3\">\n<h6>\u00c9quivalence<\/h6>\n<\/td>\n<td class=\"tdhoraire3\">\n<h6>105h<\/h6>\n<\/td>\n<\/tr>\n<tr>\n<td class=\"tdhoraire3\">\n<h6><strong> Accompagnement p\u00e9dagogique individualis\u00e9<br \/>\n<\/strong><\/h6>\n<\/td>\n<td class=\"tdhoraire3\">\n<h6>35h<\/h6>\n<\/td>\n<td class=\"tdhoraire3\">\n<h6>35h<\/h6>\n<\/td>\n<td class=\"tdhoraire3\">\n<h6>35h<\/h6>\n<\/td>\n<\/tr>\n<tr>\n<td class=\"tdhoraire3\">\n<h6><strong> Suivi p\u00e9dagogique individualis\u00e9 des apprenants<br \/>\n<\/strong><\/h6>\n<\/td>\n<td class=\"tdhoraire3\">\n<h6>7h<\/h6>\n<\/td>\n<td class=\"tdhoraire3\">\n<h6>7h<\/h6>\n<\/td>\n<td class=\"tdhoraire3\">7h<\/td>\n<\/tr>\n<tr>\n<td class=\"tdhoraire3\">\n<h6><strong> Travaux personnels guid\u00e9s<br \/>\n<\/strong><\/h6>\n<\/td>\n<td class=\"tdhoraire3\">\n<h6>35h<\/h6>\n<\/td>\n<td class=\"tdhoraire3\">\n<h6>35h<\/h6>\n<\/td>\n<td class=\"tdhoraire3\">\n<h6>35h<\/h6>\n<\/td>\n<\/tr>\n<\/tbody>\n<\/table>\n[\/vc_column_text][\/vc_column_inner][vc_column_inner width=&#8221;1\/2&#8243;][vc_column_text css_animation=&#8221;top-to-bottom&#8221;]\n<h3 class=\"subtitle2\">Les stages<\/h3>\n<p style=\"text-align: justify\">Les stages cliniques sont organis\u00e9s par l\u2019institut de formation en collaboration avec les structures d\u2019accueil. Ils constituent <strong>un temps d\u2019apprentissage privil\u00e9gi\u00e9 de la pratique professionnelle<\/strong>. Ils s\u2019effectuent dans des <strong>structures sanitaires, sociales ou m\u00e9dico-sociales.<\/strong><\/p>\n<table>\n<tbody>\n<tr>\n<td class=\"tdhoraire2\">\n<h6><strong>Cursus int\u00e9gral<\/strong><\/h6>\n<\/td>\n<td class=\"tdhoraire2\">\n<h6><strong>Titulaires BAC PRO ASSP<\/strong><\/h6>\n<\/td>\n<td class=\"tdhoraire2\">\n<h6><strong>Titulaires BAC PRO SAPAT<\/strong><\/h6>\n<\/td>\n<\/tr>\n<tr>\n<td class=\"tdhoraire2\"><strong>3 stages de 5 semaines + 1 stages de 7 semaines<br \/>\n<\/strong><\/td>\n<td class=\"tdhoraire2\"><strong>3 stages de 5 semaines<\/strong><\/td>\n<td class=\"tdhoraire2\"><strong>3 stages de 5 semaines + 1 stages de 7 semaines<\/strong><\/td>\n<\/tr>\n<\/tbody>\n<\/table>\n[\/vc_column_text][\/vc_column_inner][\/vc_row_inner][vc_row_inner][vc_column_inner][vc_empty_space height=&#8221;5px&#8221;][vc_column_text css_animation=&#8221;top-to-bottom&#8221;]\n<h3 class=\"subtitle2\">Liens utiles<\/h3>\n<p><span style=\"color: #0000ff\"><a style=\"color: #0000ff\" href=\"https:\/\/www.legifrance.gouv.fr\/affichTexte.do?cidTexte=JORFTEXT000000457507\">Arr\u00eat\u00e9 du 16 janvier 2006 relatif \u00e0 la formation conduisant au dipl\u00f4me d&#8217;Etat d&#8217;auxiliaire de pu\u00e9riculture<\/a><\/span><\/p>\n<p><a href=\"https:\/\/www.legifrance.gouv.fr\/affichTexte.do?cidTexte=JORFTEXT000028986810&amp;categorieLien=id\"><span style=\"color: #0000ff\">Arr\u00eat\u00e9 du 21 mai 2014 modifiant l&#8217;arr\u00eat\u00e9 du 16 janvier 2006<\/span><\/a>[\/vc_column_text][\/vc_column_inner][\/vc_row_inner][vc_row_inner][vc_column_inner][vc_empty_space height=&#8221;5px&#8221;][\/vc_column_inner][\/vc_row_inner][vc_row_inner][vc_column_inner][vc_empty_space height=&#8221;5px&#8221;][vc_column_text css_animation=&#8221;top-to-bottom&#8221;]\n<h3 class=\"subtitle2\">Pour en savoir plus<\/h3>\n<p><span style=\"color: #0000ff\"><a style=\"color: #0000ff\" href=\"http:\/\/www.onisep.fr\/Ressources\/Univers-Formation\/Formations\/Lycees\/Diplome-d-Etat-d-auxiliaire-de-puericulture\">ONISEP &#8211; Fiche formation: Diplome d&#8217;Etat d&#8217;auxiliaire de Pu\u00e9riculture<\/a><\/span><\/p>\n<p><a href=\"http:\/\/www.onisep.fr\/Ressources\/Univers-Metier\/Metiers\/auxiliaire-de-puericulture\/\"><span style=\"color: #0000ff\">ONISEP &#8211; t\u00e9moignage d&#8217;une auxiliaire de pu\u00e9riculture<\/span><\/a>[\/vc_column_text][\/vc_column_inner][\/vc_row_inner][\/vc_column][\/vc_row][\/vc_section][vc_row][vc_column][vc_column_text css_animation=&#8221;fadeInDown&#8221;]\n<h3>Actualit\u00e9s<\/h3>\n[\/vc_column_text][\/vc_column][\/vc_row][vc_row][vc_column][vc_basic_grid post_type=&#8221;post&#8221; max_items=&#8221;10&#8243; grid_id=&#8221;vc_gid:1774885440881-d7bb7547-ecc3-0&#8243; taxonomies=&#8221;86, 98, 191&#8243;][\/vc_column][\/vc_row]\n<\/div><\/div>","protected":false},"excerpt":{"rendered":"<p>[vc_row full_width=&#8221;stretch_row&#8221; css_animation=&#8221;none&#8221; row_id=&#8221;BAC_tech_st2s&#8221; el_id=&#8221;BAC_tech_st2s&#8221;][vc_column][vc_row_inner][vc_column_inner width=&#8221;11\/12&#8243;][vc_column_text css_animation=&#8221;top-to-bottom&#8221;] FORMATION D&#8217;AUXILIAIRE DE PU\u00c9RICULTURE :\u00a0 Dipl\u00f4me d\u2019\u00c9tat d&#8217;Auxiliaire de Pu\u00e9riculture (DEAP) La formation au dipl\u00f4me d\u2019\u00e9tat \u00a0d\u2019auxiliaire de pu\u00e9riculture se d\u00e9roule sur une ann\u00e9e scolaire.\u00a0 Pendant cette formation,\u00a0 l\u2019\u00e9l\u00e8ve auxiliaire de pu\u00e9riculture suit<\/p>\n","protected":false},"author":1319,"featured_media":0,"parent":1583,"menu_order":0,"comment_status":"closed","ping_status":"closed","template":"","meta":{"_crdt_document":"","footnotes":""},"categories":[54,57,47],"class_list":["post-5094","page","type-page","status-publish","hentry","category-bac","category-pro","category-tertiaire"],"_links":{"self":[{"href":"https:\/\/lyc-auffray-clichy.ac-versailles.fr\/index.php\/wp-json\/wp\/v2\/pages\/5094","targetHints":{"allow":["GET"]}}],"collection":[{"href":"https:\/\/lyc-auffray-clichy.ac-versailles.fr\/index.php\/wp-json\/wp\/v2\/pages"}],"about":[{"href":"https:\/\/lyc-auffray-clichy.ac-versailles.fr\/index.php\/wp-json\/wp\/v2\/types\/page"}],"author":[{"embeddable":true,"href":"https:\/\/lyc-auffray-clichy.ac-versailles.fr\/index.php\/wp-json\/wp\/v2\/users\/1319"}],"replies":[{"embeddable":true,"href":"https:\/\/lyc-auffray-clichy.ac-versailles.fr\/index.php\/wp-json\/wp\/v2\/comments?post=5094"}],"version-history":[{"count":13,"href":"https:\/\/lyc-auffray-clichy.ac-versailles.fr\/index.php\/wp-json\/wp\/v2\/pages\/5094\/revisions"}],"predecessor-version":[{"id":8562,"href":"https:\/\/lyc-auffray-clichy.ac-versailles.fr\/index.php\/wp-json\/wp\/v2\/pages\/5094\/revisions\/8562"}],"up":[{"embeddable":true,"href":"https:\/\/lyc-auffray-clichy.ac-versailles.fr\/index.php\/wp-json\/wp\/v2\/pages\/1583"}],"wp:attachment":[{"href":"https:\/\/lyc-auffray-clichy.ac-versailles.fr\/index.php\/wp-json\/wp\/v2\/media?parent=5094"}],"wp:term":[{"taxonomy":"category","embeddable":true,"href":"https:\/\/lyc-auffray-clichy.ac-versailles.fr\/index.php\/wp-json\/wp\/v2\/categories?post=5094"}],"curies":[{"name":"wp","href":"https:\/\/api.w.org\/{rel}","templated":true}]}}