{"id":3581,"date":"2017-06-16T09:06:56","date_gmt":"2017-06-16T09:06:56","guid":{"rendered":"http:\/\/www.lyc-auffray-clichy.ac-versailles.fr\/?page_id=3581"},"modified":"2025-04-28T11:55:42","modified_gmt":"2025-04-28T11:55:42","slug":"le-centre-de-documentation-et-dinformation-cdi","status":"publish","type":"page","link":"https:\/\/lyc-auffray-clichy.ac-versailles.fr\/index.php\/mon-parcours-deleve\/le-centre-de-documentation-et-dinformation-cdi\/","title":{"rendered":"Le CDI"},"content":{"rendered":"<div class=\"l-submain\"><div class=\"l-submain-h g-html i-cf\">[vc_row][vc_column width=&#8221;2\/3&#8243;][vc_column_text css=&#8221;.vc_custom_1637781600132{margin-top: 35px !important;}&#8221;]\n<h3><span style=\"color: #5c2849\"><strong>Qui peut venir ?<\/strong><\/span><\/h3>\n<p>Des classes (ou des groupes) viennent au CDI apprendre, dans le cadre de l&#8217;\u00e9ducation aux m\u00e9dias et \u00e0 l&#8217;information (EMI) enseign\u00e9 par les professeurs documentalistes, des savoirs, savoir-faire et savoir-\u00eatre : \u00e9valuer la <strong>fiabilit\u00e9 de l&#8217;information<\/strong>, faire des <strong>revues de presse<\/strong>, analyser des <strong>fake news<\/strong>, \u00e9crire des <strong>critiques litt\u00e9raires<\/strong> ou encore <strong>s&#8217;entra\u00eener \u00e0 l&#8217;oral<\/strong> dans diff\u00e9rents contextes.<br \/>\n\u200b<br \/>\nLes professeurs documentalistes apportent \u00e9galement de l&#8217;<strong>aide individuelle<\/strong> \u00e0 celles et deux qui le demandent pour r\u00e9diger leur CV et leur lettre de motivation, r\u00e9aliser des expos\u00e9s, s&#8217;organiser dans leurs devoirs&#8230;[\/vc_column_text][vc_column_text css=&#8221;.vc_custom_1498928264603{margin-top: 35px !important;}&#8221;]\n<h3 style=\"text-align: left\"><span style=\"color: #5c2849\"><strong>Emprunts<\/strong><\/span><\/h3>\n<p style=\"text-align: left\">Vous pouvez emprunter 2 livres et 2 revues pour\u00a02 semaines.<\/p>\n[\/vc_column_text][vc_column_text css=&#8221;.vc_custom_1637782025443{margin-top: 35px !important;}&#8221;]\n<h3><span style=\"color: #5c2849\"><strong>Esidoc, le portail du CDI<\/strong><\/span><\/h3>\n<div>\n<p><span style=\"text-decoration: underline\"><span style=\"color: #0000ff;text-decoration: underline\"><a style=\"color: #0000ff;text-decoration: underline\" href=\"https:\/\/lycee-auffray-clichy.esidoc.fr\">Esidoc<\/a><\/span><\/span> est le site du CDI sur lequel on trouve le <strong>moteur de recherche<\/strong> pour savoir quels documents sont pr\u00e9sents au CDI (livres, articles de presse&#8230;). On y trouve \u00e9galement des <strong>sites internet<\/strong>. Par ailleurs, des rubriques sont l\u00e0 pour vous <strong>informer<\/strong> et vous <strong>accompagner<\/strong> : m\u00e9thodologie de la recherche d&#8217;information; sites sur la sant\u00e9, l&#8217;orientation&#8230;; prix litt\u00e9raires et conseils de lecture d&#8217;ouvrages du CDI ; d\u00e9crypter les m\u00e9dias et les fausses informations&#8230;<\/p>\n<p>Pour se connecter \u00e0 Esidoc : <span style=\"text-decoration: underline;color: #0000ff\"><a style=\"color: #0000ff\" href=\"https:\/\/lycee-auffray-clichy.esidoc.fr\">https:\/\/lycee-auffray-clichy.esidoc.fr<\/a><\/span><\/p>\n<\/div>\n[\/vc_column_text][\/vc_column][vc_column width=&#8221;1\/3&#8243;][vc_column_text][\/vc_column_text][vc_single_image image=&#8221;3627&#8243; img_size=&#8221;large&#8221;][vc_single_image image=&#8221;3575&#8243; onclick=&#8221;custom_link&#8221; link=&#8221;http:\/\/0922149l.esidoc.fr\/&#8221;][\/vc_column][\/vc_row][vc_row][vc_column width=&#8221;2\/3&#8243;][vc_column_text]\n<h3><span style=\"color: #5c2849\"><strong>\u00c0 votre disposition au CDI<\/strong><\/span><\/h3>\n[\/vc_column_text][vc_row_inner][vc_column_inner width=&#8221;1\/3&#8243;][vc_message message_box_style=&#8221;outline&#8221; message_box_color=&#8221;sandy_brown&#8221; icon_fontawesome=&#8221;fa fa-file-text-o&#8221;]Livres documentaires[\/vc_message][vc_message message_box_style=&#8221;outline&#8221; message_box_color=&#8221;vista_blue&#8221; icon_fontawesome=&#8221;fa fa-book&#8221;]Romans, BD, mangas[\/vc_message][\/vc_column_inner][vc_column_inner width=&#8221;1\/3&#8243;][vc_message message_box_style=&#8221;outline&#8221; message_box_color=&#8221;juicy_pink&#8221; icon_fontawesome=&#8221;fa fa-newspaper-o&#8221;]Magazines\/Journaux[\/vc_message][vc_message message_box_style=&#8221;outline&#8221; message_box_color=&#8221;blue&#8221; icon_fontawesome=&#8221;fa fa-file-text&#8221;]Manuels scolaires[\/vc_message][\/vc_column_inner][vc_column_inner width=&#8221;1\/3&#8243;][vc_message message_box_style=&#8221;outline&#8221; message_box_color=&#8221;orange&#8221; icon_fontawesome=&#8221;fa fa-cubes&#8221;]Annales[\/vc_message][vc_message message_box_style=&#8221;outline&#8221; message_box_color=&#8221;turquoise&#8221; icon_fontawesome=&#8221;fa fa-laptop&#8221;]Acc\u00e8s\u00a0Internet[\/vc_message][\/vc_column_inner][\/vc_row_inner][vc_message message_box_style=&#8221;outline&#8221; message_box_color=&#8221;green&#8221; icon_fontawesome=&#8221;fa fa-location-arrow&#8221;]\n<div>Espace orientation (classeurs CIDJ, livres \u00e0 emprunter, brochures gratuites, dates des salons&#8230;)<\/div>\n[\/vc_message][\/vc_column][vc_column width=&#8221;1\/3&#8243;][vc_message message_box_style=&#8221;solid&#8221; style=&#8221;square&#8221; message_box_color=&#8221;mulled_wine&#8221; icon_fontawesome=&#8221;fa fa-phone&#8221;]\n<h3><span style=\"color: #ffffff\">Informations pratiques<\/span><\/h3>\n<p><strong>Professeurs documentalistes :<\/strong> Sylvie Jacob, V\u00e9ronique Gauweiler<\/p>\n<p><strong>Jours d&#8217;ouverture : <\/strong>du lundi au vendredi<\/p>\n<p><strong>Horaires : <\/strong>8h30 &#8211; 17h (fermeture entre 12h et 13h le mercredi et jeudi)<\/p>\n<p><strong>T\u00e9l\u00e9phone :<\/strong> 01 49 68 91 45[\/vc_message][\/vc_column][\/vc_row][vc_row][vc_column width=&#8221;1\/2&#8243;][vc_gallery interval=&#8221;3&#8243; images=&#8221;3624,3625,3627,3631,3632,3634&#8243; img_size=&#8221;large&#8221;][\/vc_column][vc_column width=&#8221;1\/4&#8243;][\/vc_column][vc_column width=&#8221;1\/4&#8243;][\/vc_column][\/vc_row][vc_row css=&#8221;.vc_custom_1488551726027{margin-top: 50px !important;}&#8221;][vc_column][vc_row_inner content_placement=&#8221;bottom&#8221; css=&#8221;.vc_custom_1495211828644{background-color: #5c2849 !important;}&#8221;][vc_column_inner width=&#8221;1\/2&#8243;][vc_column_text]\n<h3 style=\"padding-left: 60px\"><span style=\"color: #ffcc00\"><strong>Travailler au CDI. Pourquoi ?<\/strong><\/span><\/h3>\n[\/vc_column_text][\/vc_column_inner][vc_column_inner width=&#8221;1\/2&#8243;][vc_column_text]<span style=\"color: #ffcc00\">R\u00e9viser vos cours, pr\u00e9parer des expos\u00e9s, lire des livres, revues\u00a0&#8230;<\/span>[\/vc_column_text][\/vc_column_inner][\/vc_row_inner][vc_row_inner content_placement=&#8221;bottom&#8221; css=&#8221;.vc_custom_1497863551796{background-color: #cc9900 !important;}&#8221;][vc_column_inner width=&#8221;1\/2&#8243;][vc_column_text]\n<h3 style=\"padding-left: 60px\"><span style=\"color: #5c2849\"><strong>Vous pouvez aussi<\/strong><\/span><\/h3>\n[\/vc_column_text][\/vc_column_inner][vc_column_inner width=&#8221;1\/2&#8243;][vc_column_text]<span style=\"color: #5c2849\">Regarder des films, vous inscrire \u00e0 des sorties scolaires, participer \u00e0 des concours culturels et artistiques<\/span>[\/vc_column_text][\/vc_column_inner][\/vc_row_inner][\/vc_column][\/vc_row][vc_row css=&#8221;.vc_custom_1488551726027{margin-top: 50px !important;}&#8221;][vc_column][vc_column_text]\n<h3><a href=\"https:\/\/lyc-auffray-clichy.ac-versailles.fr\/les-actus-du-lycee\/actualites-hotellerie-restauration-tourisme\/\">Actualit\u00e9s<\/a><\/h3>\n[\/vc_column_text][vc_basic_grid post_type=&#8221;post&#8221; max_items=&#8221;10&#8243; element_width=&#8221;3&#8243; grid_id=&#8221;vc_gid:1745841293370-58da4c3b-0c53-2&#8243; taxonomies=&#8221;225&#8243;][\/vc_column][\/vc_row][vc_row][vc_column]\n<div id=\"rev_slider_12_1_wrapper\" class=\"rev_slider_wrapper fullwidthbanner-container\" data-source=\"gallery\" style=\"margin:0px auto;background:transparent;padding:0px;margin-top:0px;margin-bottom:0px;\">\n<!-- START REVOLUTION SLIDER 5.4.8 auto mode -->\n\t<div id=\"rev_slider_12_1\" class=\"rev_slider fullwidthabanner\" style=\"display:none;\" data-version=\"5.4.8\">\n<ul>\t<!-- SLIDE  -->\n\t<li data-index=\"rs-25\" data-transition=\"fade\" data-slotamount=\"default\" data-hideafterloop=\"0\" data-hideslideonmobile=\"off\"  data-easein=\"default\" data-easeout=\"default\" data-masterspeed=\"300\"  data-delay=\"9900\"  data-rotate=\"0\"  data-saveperformance=\"off\"  data-title=\"Slide\" data-param1=\"\" data-param2=\"\" data-param3=\"\" data-param4=\"\" data-param5=\"\" data-param6=\"\" data-param7=\"\" data-param8=\"\" data-param9=\"\" data-param10=\"\" data-description=\"\">\n\t\t<!-- MAIN IMAGE -->\n\t\t<img decoding=\"async\" src=\"https:\/\/lyc-auffray-clichy.ac-versailles.fr\/wp-content\/plugins\/revslider\/admin\/assets\/images\/transparent.png\"  alt=\"\" title=\"Le CDI\"  data-bgposition=\"center center\" data-bgfit=\"cover\" data-bgrepeat=\"no-repeat\" class=\"rev-slidebg\" data-no-retina>\n\t\t<!-- LAYERS -->\n\n\t\t<!-- LAYER NR. 1 -->\n\t\t<a class=\"tp-caption   tp-resizeme\" \n href=\"https:\/\/0922149l.index-education.net\/pronote\/\" target=\"_blank\"\t\t\t id=\"slide-25-layer-1\" \n\t\t\t data-x=\"14\" \n\t\t\t data-y=\"46\" \n\t\t\t\t\t\tdata-width=\"['none','none','none','none']\"\n\t\t\tdata-height=\"['none','none','none','none']\"\n \n\t\t\tdata-type=\"image\" \n\t\t\tdata-actions=''\n\t\t\tdata-responsive_offset=\"on\" \n\n\t\t\tdata-frames='[{\"delay\":10,\"speed\":240,\"frame\":\"0\",\"from\":\"opacity:0;\",\"to\":\"o:1;\",\"ease\":\"Power2.easeInOut\"},{\"delay\":\"wait\",\"speed\":100,\"frame\":\"999\",\"ease\":\"nothing\"}]'\n\t\t\tdata-textAlign=\"['left','left','left','left']\"\n\t\t\tdata-paddingtop=\"[0,0,0,0]\"\n\t\t\tdata-paddingright=\"[0,0,0,0]\"\n\t\t\tdata-paddingbottom=\"[0,0,0,0]\"\n\t\t\tdata-paddingleft=\"[0,0,0,0]\"\n\n\t\t\tstyle=\"z-index: 5;text-decoration: none;\"><img decoding=\"async\" src=\"https:\/\/www.lyc-auffray-clichy.ac-versailles.fr\/wp-content\/uploads\/sites\/134\/2017\/03\/connection_pronote-312cf.png\" alt=\"\" data-ww=\"128px\" data-hh=\"60px\" data-no-retina> <\/a>\n\n\t\t<!-- LAYER NR. 2 -->\n\t\t<a class=\"tp-caption   tp-resizeme\" \n href=\"http:\/\/0922149l.esidoc.fr\/\" target=\"_blank\"\t\t\t id=\"slide-25-layer-21\" \n\t\t\t data-x=\"283\" \n\t\t\t data-y=\"55\" \n\t\t\t\t\t\tdata-width=\"['none','none','none','none']\"\n\t\t\tdata-height=\"['none','none','none','none']\"\n \n\t\t\tdata-type=\"image\" \n\t\t\tdata-actions=''\n\t\t\tdata-responsive_offset=\"on\" \n\n\t\t\tdata-frames='[{\"delay\":399.99969482422,\"speed\":300,\"frame\":\"0\",\"from\":\"opacity:0;\",\"to\":\"o:1;\",\"ease\":\"Power2.easeInOut\"},{\"delay\":\"wait\",\"speed\":300,\"frame\":\"999\",\"ease\":\"nothing\"}]'\n\t\t\tdata-textAlign=\"['left','left','left','left']\"\n\t\t\tdata-paddingtop=\"[0,0,0,0]\"\n\t\t\tdata-paddingright=\"[0,0,0,0]\"\n\t\t\tdata-paddingbottom=\"[0,0,0,0]\"\n\t\t\tdata-paddingleft=\"[0,0,0,0]\"\n\n\t\t\tstyle=\"z-index: 7;text-decoration: none;\"><img decoding=\"async\" src=\"https:\/\/www.lyc-auffray-clichy.ac-versailles.fr\/wp-content\/uploads\/sites\/134\/2017\/06\/logo-esidoc.bmp\" alt=\"\" data-ww=\"100px\" data-hh=\"48px\" data-no-retina> <\/a>\n\n\t\t<!-- LAYER NR. 3 -->\n\t\t<a class=\"tp-caption   tp-resizeme\" \n href=\"http:\/\/webparent.paiementdp.com\/aliAuthentification.php?site=aes01678\" target=\"_blank\"\t\t\t id=\"slide-25-layer-16\" \n\t\t\t data-x=\"525\" \n\t\t\t data-y=\"23\" \n\t\t\t\t\t\tdata-width=\"['none','none','none','none']\"\n\t\t\tdata-height=\"['none','none','none','none']\"\n \n\t\t\tdata-type=\"image\" \n\t\t\tdata-actions=''\n\t\t\tdata-responsive_offset=\"on\" \n\n\t\t\tdata-frames='[{\"delay\":1399.9996948242,\"speed\":300,\"frame\":\"0\",\"from\":\"opacity:0;\",\"to\":\"o:1;\",\"ease\":\"Power2.easeInOut\"},{\"delay\":\"wait\",\"speed\":300,\"frame\":\"999\",\"ease\":\"nothing\"}]'\n\t\t\tdata-textAlign=\"['left','left','left','left']\"\n\t\t\tdata-paddingtop=\"[0,0,0,0]\"\n\t\t\tdata-paddingright=\"[0,0,0,0]\"\n\t\t\tdata-paddingbottom=\"[0,0,0,0]\"\n\t\t\tdata-paddingleft=\"[0,0,0,0]\"\n\n\t\t\tstyle=\"z-index: 8;text-decoration: none;\"><img decoding=\"async\" src=\"https:\/\/www.lyc-auffray-clichy.ac-versailles.fr\/wp-content\/uploads\/sites\/134\/2017\/03\/restaurant-1.png\" alt=\"\" data-ww=\"79px\" data-hh=\"104px\" data-no-retina> <\/a>\n\n\t\t<!-- LAYER NR. 4 -->\n\t\t<a class=\"tp-caption   tp-resizeme\" \n href=\"http:\/\/www.onisep.fr\/Ressources\/Univers-Lycee\/Lycees\/Ile-de-France\/Hauts-de-Seine\/Lycee-Rene-Auffray\" target=\"_blank\"\t\t\t id=\"slide-25-layer-5\" \n\t\t\t data-x=\"636\" \n\t\t\t data-y=\"54\" \n\t\t\t\t\t\tdata-width=\"['none','none','none','none']\"\n\t\t\tdata-height=\"['none','none','none','none']\"\n \n\t\t\tdata-type=\"image\" \n\t\t\tdata-actions=''\n\t\t\tdata-responsive_offset=\"on\" \n\n\t\t\tdata-frames='[{\"delay\":1739.9996948242,\"speed\":310,\"frame\":\"0\",\"from\":\"opacity:0;\",\"to\":\"o:1;\",\"ease\":\"Power2.easeInOut\"},{\"delay\":\"wait\",\"speed\":300,\"frame\":\"999\",\"ease\":\"nothing\"}]'\n\t\t\tdata-textAlign=\"['left','left','left','left']\"\n\t\t\tdata-paddingtop=\"[0,0,0,0]\"\n\t\t\tdata-paddingright=\"[0,0,0,0]\"\n\t\t\tdata-paddingbottom=\"[0,0,0,0]\"\n\t\t\tdata-paddingleft=\"[0,0,0,0]\"\n\n\t\t\tstyle=\"z-index: 9;text-decoration: none;\"><img decoding=\"async\" src=\"https:\/\/www.lyc-auffray-clichy.ac-versailles.fr\/wp-content\/uploads\/sites\/134\/2016\/05\/logo_onisep.png\" alt=\"\" data-ww=\"75px\" data-hh=\"53px\" data-no-retina> <\/a>\n\n\t\t<!-- LAYER NR. 5 -->\n\t\t<a class=\"tp-caption   tp-resizeme\" \n href=\"http:\/\/www.ac-versailles.fr\/\" target=\"_blank\"\t\t\t id=\"slide-25-layer-6\" \n\t\t\t data-x=\"722\" \n\t\t\t data-y=\"44\" \n\t\t\t\t\t\tdata-width=\"['none','none','none','none']\"\n\t\t\tdata-height=\"['none','none','none','none']\"\n \n\t\t\tdata-type=\"image\" \n\t\t\tdata-actions=''\n\t\t\tdata-responsive_offset=\"on\" \n\n\t\t\tdata-frames='[{\"delay\":2059.9996948242,\"speed\":240,\"frame\":\"0\",\"from\":\"opacity:0;\",\"to\":\"o:1;\",\"ease\":\"Power2.easeInOut\"},{\"delay\":\"wait\",\"speed\":300,\"frame\":\"999\",\"ease\":\"nothing\"}]'\n\t\t\tdata-textAlign=\"['left','left','left','left']\"\n\t\t\tdata-paddingtop=\"[0,0,0,0]\"\n\t\t\tdata-paddingright=\"[0,0,0,0]\"\n\t\t\tdata-paddingbottom=\"[0,0,0,0]\"\n\t\t\tdata-paddingleft=\"[0,0,0,0]\"\n\n\t\t\tstyle=\"z-index: 10;text-decoration: none;\"><img decoding=\"async\" src=\"https:\/\/www.lyc-auffray-clichy.ac-versailles.fr\/wp-content\/uploads\/sites\/134\/2017\/02\/logoACV.png\" alt=\"\" data-ww=\"96px\" data-hh=\"66px\" data-no-retina> <\/a>\n\n\t\t<!-- LAYER NR. 6 -->\n\t\t<a class=\"tp-caption   tp-resizeme\" \n href=\"http:\/\/www.education.gouv.fr\/\" target=\"_blank\"\t\t\t id=\"slide-25-layer-19\" \n\t\t\t data-x=\"839\" \n\t\t\t data-y=\"21\" \n\t\t\t\t\t\tdata-width=\"['none','none','none','none']\"\n\t\t\tdata-height=\"['none','none','none','none']\"\n \n\t\t\tdata-type=\"image\" \n\t\t\tdata-actions=''\n\t\t\tdata-responsive_offset=\"on\" \n\n\t\t\tdata-frames='[{\"delay\":2299.9996948242,\"speed\":300,\"frame\":\"0\",\"from\":\"opacity:0;\",\"to\":\"o:1;\",\"ease\":\"Power2.easeInOut\"},{\"delay\":\"wait\",\"speed\":300,\"frame\":\"999\",\"ease\":\"nothing\"}]'\n\t\t\tdata-textAlign=\"['left','left','left','left']\"\n\t\t\tdata-paddingtop=\"[0,0,0,0]\"\n\t\t\tdata-paddingright=\"[0,0,0,0]\"\n\t\t\tdata-paddingbottom=\"[0,0,0,0]\"\n\t\t\tdata-paddingleft=\"[0,0,0,0]\"\n\n\t\t\tstyle=\"z-index: 11;text-decoration: none;\"><img decoding=\"async\" src=\"https:\/\/www.lyc-auffray-clichy.ac-versailles.fr\/wp-content\/uploads\/sites\/134\/2017\/05\/logo-minist\u00e8re-EN.jpg\" alt=\"\" data-ww=\"82px\" data-hh=\"120px\" data-no-retina> <\/a>\n\n\t\t<!-- LAYER NR. 7 -->\n\t\t<a class=\"tp-caption   tp-resizeme\" \n href=\"http:\/\/www.crous-paris.fr\/\" target=\"_blank\"\t\t\t id=\"slide-25-layer-9\" \n\t\t\t data-x=\"415\" \n\t\t\t data-y=\"43\" \n\t\t\t\t\t\tdata-width=\"['none','none','none','none']\"\n\t\t\tdata-height=\"['none','none','none','none']\"\n \n\t\t\tdata-type=\"image\" \n\t\t\tdata-actions=''\n\t\t\tdata-responsive_offset=\"on\" \n\n\t\t\tdata-frames='[{\"delay\":3309.9996948242,\"speed\":320,\"frame\":\"0\",\"from\":\"opacity:0;\",\"to\":\"o:1;\",\"ease\":\"Power2.easeInOut\"},{\"delay\":\"wait\",\"speed\":290,\"frame\":\"999\",\"ease\":\"nothing\"}]'\n\t\t\tdata-textAlign=\"['left','left','left','left']\"\n\t\t\tdata-paddingtop=\"[0,0,0,0]\"\n\t\t\tdata-paddingright=\"[0,0,0,0]\"\n\t\t\tdata-paddingbottom=\"[0,0,0,0]\"\n\t\t\tdata-paddingleft=\"[0,0,0,0]\"\n\n\t\t\tstyle=\"z-index: 12;text-decoration: none;\"><img decoding=\"async\" src=\"https:\/\/www.lyc-auffray-clichy.ac-versailles.fr\/wp-content\/uploads\/sites\/134\/2016\/05\/Crous-logo-paris-transparent.png\" alt=\"\" data-ww=\"72px\" data-hh=\"72px\" data-no-retina> <\/a>\n\n\t\t<!-- LAYER NR. 8 -->\n\t\t<a class=\"tp-caption   tp-resizeme\" \n href=\"https:\/\/www.facebook.com\/LyceeReneAuffray.Hotellerie\/\" target=\"_blank\"\t\t\t id=\"slide-25-layer-10\" \n\t\t\t data-x=\"1166\" \n\t\t\t data-y=\"54\" \n\t\t\t\t\t\tdata-width=\"['none','none','none','none']\"\n\t\t\tdata-height=\"['none','none','none','none']\"\n \n\t\t\tdata-type=\"image\" \n\t\t\tdata-actions=''\n\t\t\tdata-responsive_offset=\"on\" \n\n\t\t\tdata-frames='[{\"delay\":3799.9996948242,\"speed\":210,\"frame\":\"0\",\"from\":\"opacity:0;\",\"to\":\"o:1;\",\"ease\":\"Power2.easeInOut\"},{\"delay\":\"wait\",\"speed\":0,\"frame\":\"999\",\"ease\":\"nothing\"}]'\n\t\t\tdata-textAlign=\"['left','left','left','left']\"\n\t\t\tdata-paddingtop=\"[0,0,0,0]\"\n\t\t\tdata-paddingright=\"[0,0,0,0]\"\n\t\t\tdata-paddingbottom=\"[0,0,0,0]\"\n\t\t\tdata-paddingleft=\"[0,0,0,0]\"\n\n\t\t\tstyle=\"z-index: 13;text-decoration: none;\"><img decoding=\"async\" src=\"https:\/\/www.lyc-auffray-clichy.ac-versailles.fr\/wp-content\/uploads\/sites\/134\/2016\/05\/facebook-icon.png\" alt=\"\" data-ww=\"50px\" data-hh=\"50px\" data-no-retina> <\/a>\n\n\t\t<!-- LAYER NR. 9 -->\n\t\t<a class=\"tp-caption   tp-resizeme\" \n href=\"https:\/\/monlycee.net\/\" target=\"_blank\"\t\t\t id=\"slide-25-layer-23\" \n\t\t\t data-x=\"149\" \n\t\t\t data-y=\"46\" \n\t\t\t\t\t\tdata-width=\"['none','none','none','none']\"\n\t\t\tdata-height=\"['none','none','none','none']\"\n \n\t\t\tdata-type=\"image\" \n\t\t\tdata-actions=''\n\t\t\tdata-responsive_offset=\"on\" \n\n\t\t\tdata-frames='[{\"delay\":10,\"speed\":240,\"frame\":\"0\",\"from\":\"opacity:0;\",\"to\":\"o:1;\",\"ease\":\"Power2.easeInOut\"},{\"delay\":\"wait\",\"speed\":100,\"frame\":\"999\",\"ease\":\"nothing\"}]'\n\t\t\tdata-textAlign=\"['left','left','left','left']\"\n\t\t\tdata-paddingtop=\"[0,0,0,0]\"\n\t\t\tdata-paddingright=\"[0,0,0,0]\"\n\t\t\tdata-paddingbottom=\"[0,0,0,0]\"\n\t\t\tdata-paddingleft=\"[0,0,0,0]\"\n\n\t\t\tstyle=\"z-index: 14;text-decoration: none;\"><img decoding=\"async\" src=\"https:\/\/www.lyc-auffray-clichy.ac-versailles.fr\/wp-content\/uploads\/sites\/134\/2019\/08\/logo-monlycee.net_.png\" alt=\"\" data-ww=\"128px\" data-hh=\"60px\" data-no-retina> <\/a>\n\n\t\t<!-- LAYER NR. 10 -->\n\t\t<a class=\"tp-caption   tp-resizeme\" \n href=\"https:\/\/www.instagram.com\/lyceereneauffray_com\/\" target=\"_blank\"\t\t\t id=\"slide-25-layer-26\" \n\t\t\t data-x=\"1073\" \n\t\t\t data-y=\"51\" \n\t\t\t\t\t\tdata-width=\"['none','none','none','none']\"\n\t\t\tdata-height=\"['none','none','none','none']\"\n \n\t\t\tdata-type=\"image\" \n\t\t\tdata-actions=''\n\t\t\tdata-responsive_offset=\"on\" \n\n\t\t\tdata-frames='[{\"delay\":10,\"speed\":300,\"frame\":\"0\",\"from\":\"opacity:0;\",\"to\":\"o:1;\",\"ease\":\"Power3.easeInOut\"},{\"delay\":\"wait\",\"speed\":300,\"frame\":\"999\",\"to\":\"opacity:0;\",\"ease\":\"Power3.easeInOut\"}]'\n\t\t\tdata-textAlign=\"['inherit','inherit','inherit','inherit']\"\n\t\t\tdata-paddingtop=\"[0,0,0,0]\"\n\t\t\tdata-paddingright=\"[0,0,0,0]\"\n\t\t\tdata-paddingbottom=\"[0,0,0,0]\"\n\t\t\tdata-paddingleft=\"[0,0,0,0]\"\n\n\t\t\tstyle=\"z-index: 15;text-decoration: none;\"><img decoding=\"async\" src=\"https:\/\/www.lyc-auffray-clichy.ac-versailles.fr\/wp-content\/uploads\/sites\/134\/2020\/09\/Instagram-1.png\" alt=\"\" data-ww=\"59px\" data-hh=\"60px\" data-no-retina> <\/a>\n\n\t\t<!-- LAYER NR. 11 -->\n\t\t<a class=\"tp-caption   tp-resizeme\" \n href=\"https:\/\/www.euresto.com\" target=\"_self\"\t\t\t id=\"slide-25-layer-28\" \n\t\t\t data-x=\"967\" \n\t\t\t data-y=\"53\" \n\t\t\t\t\t\tdata-width=\"['none','none','none','none']\"\n\t\t\tdata-height=\"['none','none','none','none']\"\n \n\t\t\tdata-type=\"image\" \n\t\t\tdata-actions=''\n\t\t\tdata-responsive_offset=\"on\" \n\n\t\t\tdata-frames='[{\"delay\":10,\"speed\":300,\"frame\":\"0\",\"from\":\"opacity:0;\",\"to\":\"o:1;\",\"ease\":\"Power3.easeInOut\"},{\"delay\":\"wait\",\"speed\":300,\"frame\":\"999\",\"to\":\"opacity:0;\",\"ease\":\"Power3.easeInOut\"}]'\n\t\t\tdata-textAlign=\"['left','left','left','left']\"\n\t\t\tdata-paddingtop=\"[0,0,0,0]\"\n\t\t\tdata-paddingright=\"[0,0,0,0]\"\n\t\t\tdata-paddingbottom=\"[0,0,0,0]\"\n\t\t\tdata-paddingleft=\"[0,0,0,0]\"\n\n\t\t\tstyle=\"z-index: 16;text-decoration: none;\"><img decoding=\"async\" src=\"https:\/\/www.lyc-auffray-clichy.ac-versailles.fr\/wp-content\/uploads\/sites\/134\/2021\/06\/euresto.png\" alt=\"\" data-ww=\"60px\" data-hh=\"57px\" data-no-retina> <\/a>\n\t<\/li>\n<\/ul>\n<div class=\"tp-bannertimer tp-bottom\" style=\"visibility: hidden !important;\"><\/div>\t<\/div>\n<\/div><!-- END REVOLUTION SLIDER -->[\/vc_column][\/vc_row][vc_row][vc_column][\/vc_column][\/vc_row]\n<\/div><\/div>","protected":false},"excerpt":{"rendered":"<p>[vc_row][vc_column width=&#8221;2\/3&#8243;][vc_column_text css=&#8221;.vc_custom_1637781600132{margin-top: 35px !important;}&#8221;] Qui peut venir ? Des classes (ou des groupes) viennent au CDI apprendre, dans le cadre de l&#8217;\u00e9ducation aux m\u00e9dias et \u00e0 l&#8217;information (EMI) enseign\u00e9 par les professeurs documentalistes, des savoirs, savoir-faire et savoir-\u00eatre :<\/p>\n","protected":false},"author":3,"featured_media":750,"parent":10,"menu_order":1,"comment_status":"closed","ping_status":"closed","template":"","meta":{"_crdt_document":"","footnotes":""},"categories":[],"class_list":["post-3581","page","type-page","status-publish","has-post-thumbnail","hentry"],"_links":{"self":[{"href":"https:\/\/lyc-auffray-clichy.ac-versailles.fr\/index.php\/wp-json\/wp\/v2\/pages\/3581","targetHints":{"allow":["GET"]}}],"collection":[{"href":"https:\/\/lyc-auffray-clichy.ac-versailles.fr\/index.php\/wp-json\/wp\/v2\/pages"}],"about":[{"href":"https:\/\/lyc-auffray-clichy.ac-versailles.fr\/index.php\/wp-json\/wp\/v2\/types\/page"}],"author":[{"embeddable":true,"href":"https:\/\/lyc-auffray-clichy.ac-versailles.fr\/index.php\/wp-json\/wp\/v2\/users\/3"}],"replies":[{"embeddable":true,"href":"https:\/\/lyc-auffray-clichy.ac-versailles.fr\/index.php\/wp-json\/wp\/v2\/comments?post=3581"}],"version-history":[{"count":13,"href":"https:\/\/lyc-auffray-clichy.ac-versailles.fr\/index.php\/wp-json\/wp\/v2\/pages\/3581\/revisions"}],"predecessor-version":[{"id":8389,"href":"https:\/\/lyc-auffray-clichy.ac-versailles.fr\/index.php\/wp-json\/wp\/v2\/pages\/3581\/revisions\/8389"}],"up":[{"embeddable":true,"href":"https:\/\/lyc-auffray-clichy.ac-versailles.fr\/index.php\/wp-json\/wp\/v2\/pages\/10"}],"wp:featuredmedia":[{"embeddable":true,"href":"https:\/\/lyc-auffray-clichy.ac-versailles.fr\/index.php\/wp-json\/wp\/v2\/media\/750"}],"wp:attachment":[{"href":"https:\/\/lyc-auffray-clichy.ac-versailles.fr\/index.php\/wp-json\/wp\/v2\/media?parent=3581"}],"wp:term":[{"taxonomy":"category","embeddable":true,"href":"https:\/\/lyc-auffray-clichy.ac-versailles.fr\/index.php\/wp-json\/wp\/v2\/categories?post=3581"}],"curies":[{"name":"wp","href":"https:\/\/api.w.org\/{rel}","templated":true}]}}