{"id":3521,"date":"2017-06-14T13:50:49","date_gmt":"2017-06-14T13:50:49","guid":{"rendered":"http:\/\/www.lyc-auffray-clichy.ac-versailles.fr\/?page_id=3521"},"modified":"2021-03-17T08:08:44","modified_gmt":"2021-03-17T08:08:44","slug":"association-sportive","status":"publish","type":"page","link":"https:\/\/lyc-auffray-clichy.ac-versailles.fr\/index.php\/mon-parcours-deleve\/mes-activites-au-lycee\/association-sportive\/","title":{"rendered":"Association sportive"},"content":{"rendered":"<div class=\"l-submain\"><div class=\"l-submain-h g-html i-cf\">[vc_row equal_height=&#8221;yes&#8221; content_placement=&#8221;middle&#8221;][vc_column width=&#8221;1\/3&#8243;][vc_message message_box_style=&#8221;solid&#8221; style=&#8221;square&#8221; message_box_color=&#8221;juicy_pink&#8221;]\n<h4><span style=\"color: #000000\"><span style=\"color: #ffffff\"><strong><span style=\"color: #ffff99\">Jour :<\/span> <em>du lundi au vendredi<\/em><br \/>\n<\/strong><strong><span style=\"color: #ffff99\">Horaires :<\/span><em> 12h-14h <\/em><br \/>\n<\/strong><\/span><strong><span style=\"color: #ffffff\"><span style=\"color: #ffff99\">Lieu :<\/span> <\/span><em><span style=\"color: #ffffff\">installations sportives du lyc\u00e9e<\/span> <span style=\"color: #ffffff\">(gymnase, salle de muscu, stade&#8230;)<\/span><br \/>\n<\/em><\/strong><\/span><\/h4>\n[\/vc_message][\/vc_column][vc_column width=&#8221;2\/3&#8243;][vc_message message_box_style=&#8221;solid&#8221; style=&#8221;square&#8221; message_box_color=&#8221;turquoise&#8221; icon_fontawesome=&#8221;fa fa-calendar-o&#8221;]\n<h4><span style=\"color: #333333\"><strong>Inscriptions<\/strong><\/span><span style=\"color: #000080\"><strong><span style=\"color: #333300\"><br \/>\n<\/span><\/strong><\/span><span style=\"color: #ffffff\"><strong>Date d&#8217;inscription : <em>en septembre pour les activit\u00e9s \u00e0 l&#8217;ann\u00e9e<br \/>\n<\/em><\/strong><strong>Comment s&#8217;inscrire : <\/strong><strong><em>au gymnase aupr\u00e8s des professeurs d&#8217;EPS (cotisation de 20\u20ac pour une ou plusieurs activit\u00e9s)<br \/>\n<\/em><\/strong><\/span><\/h4>\n[\/vc_message][\/vc_column][\/vc_row][vc_row equal_height=&#8221;yes&#8221; content_placement=&#8221;middle&#8221;][vc_column width=&#8221;1\/3&#8243;][vc_message message_box_style=&#8221;solid&#8221; style=&#8221;square&#8221; message_box_color=&#8221;vista_blue&#8221; icon_fontawesome=&#8221;fa fa-smile-o&#8221;]\n<h4><span style=\"color: #ffffff\"><strong>Animateurs<\/strong><\/span><br \/>\n<span style=\"color: #000000\"><em><strong><span style=\"color: #ffffff\">Fr\u00e9d\u00e9rique Trinidad, Hugues Weil, Olivier Menzio, Camillo Vaz<\/span><br \/>\n<span style=\"color: #ffffff\">Professeurs d\u2019\u00c9ducation Physique et Sportive<\/span><br \/>\n<\/strong><\/em><\/span><\/h4>\n[\/vc_message][\/vc_column][vc_column width=&#8221;2\/3&#8243;][vc_message message_box_style=&#8221;solid&#8221; style=&#8221;square&#8221; message_box_color=&#8221;sandy_brown&#8221; icon_fontawesome=&#8221;fa fa-reddit-alien&#8221;]\n<h4><span style=\"color: #000000\"><span style=\"color: #ffffff\"><strong><span style=\"color: #084f0d\">Activit\u00e9s sportives propos\u00e9es:<\/span><br \/>\n<\/strong><strong>A l&#8217;ann\u00e9e:<\/strong><em><strong> basket-ball, musculation, forme &amp; fitness, danse et football, football f\u00e9minin, futsal&#8230;<br \/>\n<\/strong><\/em><\/span><strong><span style=\"color: #ffffff\">A l&#8217;\u00e9v\u00e8nement : <em><span style=\"color: #ffffff\">comp\u00e9tition de battle-step, s\u00e9ances de boxe anglaise et fran\u00e7aise, tournois divers&#8230;<\/span><\/em><\/span><\/strong><em><strong><br \/>\n<\/strong><\/em><\/span><\/h4>\n[\/vc_message][\/vc_column][\/vc_row][vc_row][vc_column][vc_column_text]\n<h3>L&#8217;esprit de l&#8217;association<\/h3>\n<p>\t<!-- @page { margin: 2cm } P { margin-bottom: 0.25cm; line-height: 120% } --><\/p>\n<p>L\u2019association sportive permet aux \u00e9l\u00e8ves volontaires de <strong>d\u00e9couvrir<\/strong> ou d\u2019<strong>approfondir<\/strong> une ou plusieurs activit\u00e9s sportives, de participer aux t\u00e2ches d\u2019<strong>organisation<\/strong> (jugement, arbitrage, reporter\u2026) et de d\u00e9couvrir la <strong>vie associative<\/strong>.[\/vc_column_text][\/vc_column][\/vc_row][vc_row][vc_column width=&#8221;1\/4&#8243;][\/vc_column][vc_column width=&#8221;1\/2&#8243;][vc_gallery interval=&#8221;3&#8243; images=&#8221;3530,3531,3532,3533,3534,3535,3536,3537&#8243; img_size=&#8221;large&#8221;][\/vc_column][vc_column width=&#8221;1\/4&#8243;][\/vc_column][\/vc_row]\n<\/div><\/div>","protected":false},"excerpt":{"rendered":"<p>[vc_row equal_height=&#8221;yes&#8221; content_placement=&#8221;middle&#8221;][vc_column width=&#8221;1\/3&#8243;][vc_message message_box_style=&#8221;solid&#8221; style=&#8221;square&#8221; message_box_color=&#8221;juicy_pink&#8221;] Jour : du lundi au vendredi Horaires : 12h-14h Lieu : installations sportives du lyc\u00e9e (gymnase, salle de muscu, stade&#8230;) [\/vc_message][\/vc_column][vc_column width=&#8221;2\/3&#8243;][vc_message message_box_style=&#8221;solid&#8221; style=&#8221;square&#8221; message_box_color=&#8221;turquoise&#8221; icon_fontawesome=&#8221;fa fa-calendar-o&#8221;] Inscriptions Date d&#8217;inscription : en septembre<\/p>\n","protected":false},"author":2950,"featured_media":0,"parent":1227,"menu_order":0,"comment_status":"closed","ping_status":"closed","template":"","meta":{"_crdt_document":"","footnotes":""},"categories":[],"class_list":["post-3521","page","type-page","status-publish","hentry"],"_links":{"self":[{"href":"https:\/\/lyc-auffray-clichy.ac-versailles.fr\/index.php\/wp-json\/wp\/v2\/pages\/3521","targetHints":{"allow":["GET"]}}],"collection":[{"href":"https:\/\/lyc-auffray-clichy.ac-versailles.fr\/index.php\/wp-json\/wp\/v2\/pages"}],"about":[{"href":"https:\/\/lyc-auffray-clichy.ac-versailles.fr\/index.php\/wp-json\/wp\/v2\/types\/page"}],"author":[{"embeddable":true,"href":"https:\/\/lyc-auffray-clichy.ac-versailles.fr\/index.php\/wp-json\/wp\/v2\/users\/2950"}],"replies":[{"embeddable":true,"href":"https:\/\/lyc-auffray-clichy.ac-versailles.fr\/index.php\/wp-json\/wp\/v2\/comments?post=3521"}],"version-history":[{"count":8,"href":"https:\/\/lyc-auffray-clichy.ac-versailles.fr\/index.php\/wp-json\/wp\/v2\/pages\/3521\/revisions"}],"predecessor-version":[{"id":7028,"href":"https:\/\/lyc-auffray-clichy.ac-versailles.fr\/index.php\/wp-json\/wp\/v2\/pages\/3521\/revisions\/7028"}],"up":[{"embeddable":true,"href":"https:\/\/lyc-auffray-clichy.ac-versailles.fr\/index.php\/wp-json\/wp\/v2\/pages\/1227"}],"wp:attachment":[{"href":"https:\/\/lyc-auffray-clichy.ac-versailles.fr\/index.php\/wp-json\/wp\/v2\/media?parent=3521"}],"wp:term":[{"taxonomy":"category","embeddable":true,"href":"https:\/\/lyc-auffray-clichy.ac-versailles.fr\/index.php\/wp-json\/wp\/v2\/categories?post=3521"}],"curies":[{"name":"wp","href":"https:\/\/api.w.org\/{rel}","templated":true}]}}