{"id":3436,"date":"2017-06-13T08:19:01","date_gmt":"2017-06-13T08:19:01","guid":{"rendered":"http:\/\/www.lyc-auffray-clichy.ac-versailles.fr\/?page_id=3436"},"modified":"2021-03-17T08:12:45","modified_gmt":"2021-03-17T08:12:45","slug":"atelier-theatre","status":"publish","type":"page","link":"https:\/\/lyc-auffray-clichy.ac-versailles.fr\/index.php\/mon-parcours-deleve\/mes-activites-au-lycee\/atelier-theatre\/","title":{"rendered":"Atelier th\u00e9\u00e2tre"},"content":{"rendered":"<div class=\"l-submain\"><div class=\"l-submain-h g-html i-cf\">[vc_row equal_height=&#8221;yes&#8221; content_placement=&#8221;middle&#8221;][vc_column width=&#8221;1\/2&#8243;][vc_message message_box_style=&#8221;solid&#8221; style=&#8221;square&#8221; message_box_color=&#8221;juicy_pink&#8221;]\n<h4><span style=\"color: #000000\"><span style=\"color: #ffffff\"><strong><span style=\"color: #ffff99\">Jour :<\/span> <em>vendredi<\/em><br \/>\n<\/strong><strong><span style=\"color: #ffff99\">Horaires :<\/span><em> 12h-14h + quelques r\u00e9p\u00e9titions dans l&#8217;ann\u00e9e<\/em><br \/>\n<\/strong><\/span><strong><span style=\"color: #ffffff\"><span style=\"color: #ffff99\">Lieu :<\/span> <\/span><em><span style=\"color: #ffffff\">petite salle du gymnase<\/span><br \/>\n<\/em><\/strong><\/span><\/h4>\n[\/vc_message][\/vc_column][vc_column width=&#8221;1\/2&#8243;][vc_message message_box_style=&#8221;solid&#8221; style=&#8221;square&#8221; message_box_color=&#8221;turquoise&#8221; icon_fontawesome=&#8221;fa fa-calendar-o&#8221;]\n<h4><span style=\"color: #333333\"><strong>Inscriptions<\/strong><\/span><span style=\"color: #000080\"><strong><span style=\"color: #333300\"><br \/>\n<\/span><\/strong><\/span><span style=\"color: #ffffff\"><strong>Date d&#8217;inscription : <em>en septembre et octobre<br \/>\n<\/em><\/strong><strong>Comment s&#8217;inscrire : <\/strong><strong><em>venir voir Mme Trinidad \u00e0 l&#8217;heure de<\/em><\/strong><strong><em> l&#8217;atelier<\/em><\/strong><\/span><\/h4>\n[\/vc_message][\/vc_column][\/vc_row][vc_row equal_height=&#8221;yes&#8221; content_placement=&#8221;middle&#8221;][vc_column width=&#8221;1\/2&#8243;][vc_message message_box_style=&#8221;solid&#8221; style=&#8221;square&#8221; message_box_color=&#8221;vista_blue&#8221; icon_fontawesome=&#8221;fa fa-smile-o&#8221;]\n<h4><span style=\"color: #333399\"><strong>Animateurs<\/strong><\/span><br \/>\n<span style=\"color: #000000\"><em><strong><span style=\"color: #ffffff\">Fr\u00e9d\u00e9rique Trinidad<\/span><br \/>\n<span style=\"color: #ffffff\">enseignante, responsable atelier th\u00e9\u00e2tre<\/span><br \/>\n<span style=\"color: #ffffff\">Jean-Luc Bernard<\/span><br \/>\n<span style=\"color: #ffffff\">com\u00e9dien professionnel et metteur en sc\u00e8ne<\/span><br \/>\n<\/strong><\/em><\/span><\/h4>\n[\/vc_message][\/vc_column][vc_column width=&#8221;1\/2&#8243;][vc_message message_box_style=&#8221;solid&#8221; style=&#8221;square&#8221; message_box_color=&#8221;sandy_brown&#8221; icon_fontawesome=&#8221;fa fa-reddit-alien&#8221;]\n<h4><span style=\"color: #000000\"><span style=\"color: #ffffff\"><strong><span style=\"color: #084f0d\">Techniques explor\u00e9es<\/span><br \/>\n<\/strong><\/span><strong><span style=\"color: #ffffff\">Initiation au jeu th\u00e9\u00e2tral :<\/span><\/strong><em><strong><span style=\"color: #ffffff\"> exercices d&#8217;improvisation<\/span><br \/>\n<\/strong><\/em><strong><span style=\"color: #ffffff\">Perfectionnement de la pratique th\u00e9\u00e2trale : <em>travail sur la voix, la diction, le corps, l&#8217;\u00e9motionnel, le sensoriel et la concentration<\/em><\/span><\/strong><em><strong><br \/>\n<\/strong><\/em><strong><span style=\"color: #ffffff\">Pr\u00e9paration d&#8217;un spectacle th\u00e9\u00e2tral et artistique<\/span><\/strong><em><strong><br \/>\n<\/strong><\/em><\/span><\/h4>\n[\/vc_message][\/vc_column][\/vc_row][vc_row][vc_column][vc_column_text]\n<h3>L&#8217;esprit de l&#8217;atelier<\/h3>\n<p style=\"text-align: justify\">L\u2019atelier th\u00e9\u00e2tre permet \u00e0 des \u00e9l\u00e8ves volontaires de b\u00e9n\u00e9ficier d\u2019une <strong>pratique artistique et culturelle gratuite<\/strong> au sein du lyc\u00e9e. L\u2019objectif de l\u2019atelier est l\u2019<strong>\u00e9panouissement<\/strong> de la personnalit\u00e9 de chacun et le d\u00e9veloppement de la <strong>confiance en soi<\/strong>.<\/p>\n<p style=\"text-align: justify\">Parall\u00e8lement, l\u2019atelier donne la possibilit\u00e9 aux \u00e9l\u00e8ves d\u2019<strong>assister \u00e0 des pi\u00e8ces de th\u00e9\u00e2tre<\/strong> plusieurs fois dans l\u2019ann\u00e9e (th\u00e9\u00e2tre Rutebeuf \u00e0 Clichy, th\u00e9\u00e2tres parisiens).<\/p>\n<p style=\"text-align: justify\">Des\u00a0<strong>repr\u00e9sentations de fin d&#8217;ann\u00e9e<\/strong> se tiennent \u00e0 l&#8217;Espace Culturel Henry Miller de Clichy. Voici <strong>quelques photos :<\/strong><\/p>\n[\/vc_column_text][\/vc_column][\/vc_row][vc_row][vc_column width=&#8221;1\/4&#8243;][\/vc_column][vc_column width=&#8221;1\/2&#8243;][vc_gallery interval=&#8221;3&#8243; images=&#8221;3489,3490,3491,3494,3495,3496,3497,3498,3493,3492&#8243; img_size=&#8221;large&#8221;][\/vc_column][vc_column width=&#8221;1\/4&#8243;][\/vc_column][\/vc_row][vc_row][vc_column][vc_column_text]\n<h3>Actualit\u00e9s<\/h3>\n[\/vc_column_text][\/vc_column][\/vc_row][vc_row][vc_column][vc_basic_grid post_type=&#8221;post&#8221; max_items=&#8221;4&#8243; element_width=&#8221;3&#8243; grid_id=&#8221;vc_gid:1615968704254-d43e027d-53eb-4&#8243; taxonomies=&#8221;177&#8243;][\/vc_column][\/vc_row]\n<\/div><\/div>","protected":false},"excerpt":{"rendered":"<p>[vc_row equal_height=&#8221;yes&#8221; content_placement=&#8221;middle&#8221;][vc_column width=&#8221;1\/2&#8243;][vc_message message_box_style=&#8221;solid&#8221; style=&#8221;square&#8221; message_box_color=&#8221;juicy_pink&#8221;] Jour : vendredi Horaires : 12h-14h + quelques r\u00e9p\u00e9titions dans l&#8217;ann\u00e9e Lieu : petite salle du gymnase [\/vc_message][\/vc_column][vc_column width=&#8221;1\/2&#8243;][vc_message message_box_style=&#8221;solid&#8221; style=&#8221;square&#8221; message_box_color=&#8221;turquoise&#8221; icon_fontawesome=&#8221;fa fa-calendar-o&#8221;] Inscriptions Date d&#8217;inscription : en septembre et octobre Comment<\/p>\n","protected":false},"author":2950,"featured_media":0,"parent":1227,"menu_order":0,"comment_status":"closed","ping_status":"closed","template":"","meta":{"_crdt_document":"","footnotes":""},"categories":[],"class_list":["post-3436","page","type-page","status-publish","hentry"],"_links":{"self":[{"href":"https:\/\/lyc-auffray-clichy.ac-versailles.fr\/index.php\/wp-json\/wp\/v2\/pages\/3436","targetHints":{"allow":["GET"]}}],"collection":[{"href":"https:\/\/lyc-auffray-clichy.ac-versailles.fr\/index.php\/wp-json\/wp\/v2\/pages"}],"about":[{"href":"https:\/\/lyc-auffray-clichy.ac-versailles.fr\/index.php\/wp-json\/wp\/v2\/types\/page"}],"author":[{"embeddable":true,"href":"https:\/\/lyc-auffray-clichy.ac-versailles.fr\/index.php\/wp-json\/wp\/v2\/users\/2950"}],"replies":[{"embeddable":true,"href":"https:\/\/lyc-auffray-clichy.ac-versailles.fr\/index.php\/wp-json\/wp\/v2\/comments?post=3436"}],"version-history":[{"count":11,"href":"https:\/\/lyc-auffray-clichy.ac-versailles.fr\/index.php\/wp-json\/wp\/v2\/pages\/3436\/revisions"}],"predecessor-version":[{"id":7029,"href":"https:\/\/lyc-auffray-clichy.ac-versailles.fr\/index.php\/wp-json\/wp\/v2\/pages\/3436\/revisions\/7029"}],"up":[{"embeddable":true,"href":"https:\/\/lyc-auffray-clichy.ac-versailles.fr\/index.php\/wp-json\/wp\/v2\/pages\/1227"}],"wp:attachment":[{"href":"https:\/\/lyc-auffray-clichy.ac-versailles.fr\/index.php\/wp-json\/wp\/v2\/media?parent=3436"}],"wp:term":[{"taxonomy":"category","embeddable":true,"href":"https:\/\/lyc-auffray-clichy.ac-versailles.fr\/index.php\/wp-json\/wp\/v2\/categories?post=3436"}],"curies":[{"name":"wp","href":"https:\/\/api.w.org\/{rel}","templated":true}]}}