{"id":3021,"date":"2017-06-01T12:22:19","date_gmt":"2017-06-01T12:22:19","guid":{"rendered":"http:\/\/www.lyc-auffray-clichy.ac-versailles.fr\/?page_id=3021"},"modified":"2025-10-09T15:16:08","modified_gmt":"2025-10-09T15:16:08","slug":"restauration-scolaire","status":"publish","type":"page","link":"https:\/\/lyc-auffray-clichy.ac-versailles.fr\/index.php\/mon-parcours-deleve\/restauration-scolaire\/","title":{"rendered":"Restauration scolaire"},"content":{"rendered":"<div class=\"l-submain\"><div class=\"l-submain-h g-html i-cf\">[vc_row][vc_column width=&#8221;2\/3&#8243;][vc_column_text]\n<h3>L&#8217;actualit\u00e9 de la demi-pension<\/h3>\n[\/vc_column_text][vc_column_text]<a ref=\"magnificPopup\" href=\"https:\/\/lyc-auffray-clichy.ac-versailles.fr\/wp-content\/uploads\/sites\/134\/2021\/04\/ex-25.jpg\"><img loading=\"lazy\" decoding=\"async\" class=\"alignnone size-medium wp-image-7078\" src=\"https:\/\/lyc-auffray-clichy.ac-versailles.fr\/wp-content\/uploads\/sites\/134\/2021\/04\/ex-25-300x211.jpg\" alt=\"\" width=\"300\" height=\"211\" srcset=\"https:\/\/lyc-auffray-clichy.ac-versailles.fr\/wp-content\/uploads\/sites\/134\/2021\/04\/ex-25-300x211.jpg 300w, https:\/\/lyc-auffray-clichy.ac-versailles.fr\/wp-content\/uploads\/sites\/134\/2021\/04\/ex-25-768x539.jpg 768w, https:\/\/lyc-auffray-clichy.ac-versailles.fr\/wp-content\/uploads\/sites\/134\/2021\/04\/ex-25-465x327.jpg 465w, https:\/\/lyc-auffray-clichy.ac-versailles.fr\/wp-content\/uploads\/sites\/134\/2021\/04\/ex-25-350x246.jpg 350w, https:\/\/lyc-auffray-clichy.ac-versailles.fr\/wp-content\/uploads\/sites\/134\/2021\/04\/ex-25.jpg 991w\" sizes=\"auto, (max-width: 300px) 100vw, 300px\" \/><\/a>[\/vc_column_text][vc_column_text]\n<h3>S&#8217;inscrire \u00e0 la demi-pension<\/h3>\n[\/vc_column_text][vc_column_text]\n<p style=\"text-align: justify\">Voici les informations concernant les <strong>modalit\u00e9s d&#8217;inscription 2025-2026 <\/strong>:<\/p>\n<p style=\"text-align: justify\"><span style=\"text-decoration: underline;color: #0000ff\"><strong><a style=\"color: #0000ff;text-decoration: underline\" href=\"https:\/\/lyc-auffray-clichy.ac-versailles.fr\/wp-content\/uploads\/sites\/134\/2025\/10\/TARIFS-Demi-pension.pdf\">Modalit\u00e9s d&#8217;inscription \u00e0 la demi-pension<\/a><\/strong><\/span><\/p>\n<p style=\"text-align: justify\"><span style=\"text-decoration: underline;color: #0000ff\"><strong><a style=\"color: #0000ff;text-decoration: underline\" href=\"https:\/\/lyc-auffray-clichy.ac-versailles.fr\/wp-content\/uploads\/sites\/134\/2022\/06\/Notice-Equitables-rentree-2022-2023-restauration-scolaire.pdf\">Notice EquiTables rentr\u00e9e 2022<\/a><\/strong><\/span><\/p>\n<p style=\"text-align: justify\"><span style=\"text-decoration: underline;color: #0000ff\"><strong><a style=\"color: #0000ff;text-decoration: underline\" href=\"https:\/\/lyc-auffray-clichy.ac-versailles.fr\/wp-content\/uploads\/sites\/134\/2022\/06\/Notice-QF-CAF-Obtenir_attestation_paiement_CAF_2022.pdf\">Notice CAF rentr\u00e9e 2022<\/a><\/strong><\/span><\/p>\n<p style=\"text-align: justify\">La\u00a0<strong>fiche intendance<\/strong> vous sera fournie <strong>avec le dossier d&#8217;inscription<\/strong>. Vous devrez y ins\u00e9rer votre <strong>attestation de\u00a0quotient familial<\/strong>, faute de quoi le tarif maximal vous sera appliqu\u00e9.<\/p>\n[\/vc_column_text][vc_message message_box_style=&#8221;solid&#8221; message_box_color=&#8221;juicy_pink&#8221; icon_fontawesome=&#8221;fa fa-cubes&#8221;]<span style=\"color: #ffffff\"><a style=\"color: #ffffff\" href=\"https:\/\/www.iledefrance.fr\/calculette-quotient-familial\">Obtenir\u00a0son quotient familial<\/a><\/span>[\/vc_message][vc_message message_box_style=&#8221;outline&#8221; message_box_color=&#8221;blue&#8221; icon_fontawesome=&#8221;fa fa-arrow-right&#8221;]<strong>Si vous \u00eates allocataire de la CAF<br \/>\n<\/strong>Ins\u00e9rez l&#8217;attestation de la CAF mentionnant votre quotient familial re\u00e7u par courrier ou t\u00e9l\u00e9chargeable sur le <span style=\"color: #0000ff\"><a style=\"color: #0000ff\" href=\"https:\/\/wwwd.caf.fr\/wps\/portal\/caffr\/login\">site de la CAF<\/a><\/span>.[\/vc_message][vc_message message_box_style=&#8221;outline&#8221; message_box_color=&#8221;blue&#8221; icon_fontawesome=&#8221;fa fa-arrow-right&#8221;]<strong>Si vous n&#8217;\u00eates pas allocataire de la CAF<br \/>\n<\/strong>Calculez et \u00e9ditez votre quotient familial <span style=\"color: #0000ff\"><a style=\"color: #0000ff\" href=\"https:\/\/www.iledefrance.fr\/calculette-quotient-familial\">en cliquant ici<\/a><\/span>.<br \/>\nN&#8217;oubliez pas de joindre l&#8217;avis d&#8217;imposition avec lequel vous avez calcul\u00e9 votre quotient.[\/vc_message][vc_column_text][\/vc_column_text][vc_message message_box_style=&#8221;solid&#8221; message_box_color=&#8221;juicy_pink&#8221; icon_fontawesome=&#8221;fa fa-credit-card&#8221;]<span style=\"color: #ffffff\"><a style=\"color: #ffffff\" href=\"https:\/\/webparent.paiementdp.com\/aliAuthentification.php?site=aes01678\">Payer en ligne<\/a><\/span>[\/vc_message][vc_message message_box_style=&#8221;outline&#8221; message_box_color=&#8221;blue&#8221; icon_fontawesome=&#8221;fa fa-arrow-right&#8221;]\n<p style=\"text-align: justify\">Le paiement de la demi-pension <strong>s&#8217;effectue en ligne<\/strong> <span style=\"color: #0000ff\"><a style=\"color: #0000ff\" href=\"https:\/\/webparent.paiementdp.com\/aliAuthentification.php?site=aes01678\">en cliquant ici<\/a><\/span>.<br \/>\nLe <strong>tarif <\/strong>d\u00e9pend de votre quotient familial et de la formule choisie (<span style=\"color: #0000ff\"><a style=\"color: #0000ff\" href=\"https:\/\/lyc-auffray-clichy.ac-versailles.fr\/index.php\/tarifs-demi-pension\">voir les tarifs<\/a><\/span>).<\/p>\n[\/vc_message][\/vc_column][vc_column width=&#8221;1\/3&#8243;][vc_message message_box_style=&#8221;solid&#8221; style=&#8221;square&#8221; message_box_color=&#8221;mulled_wine&#8221; icon_fontawesome=&#8221;fa fa-phone&#8221;]\n<h3><span style=\"color: #ffffff\"><strong>Contact Intendance<\/strong><\/span><\/h3>\n<p><span style=\"color: #ffffff\"><strong>Liliane Mensah<br \/>\n<\/strong><\/span><\/p>\n<p><span style=\"color: #ffffff\"><strong>T\u00e9l\u00e9phone : <\/strong>01 49 68 91 18<\/span><br \/>\n<span style=\"color: #ffffff\"><strong>Mail :<\/strong> <a style=\"color: #ffffff\" href=\"mailto:int.0922149L@ac-versailles.fr\">int.0922149L@ac-versailles.fr<br \/>\n<\/a><strong>Horaires :<\/strong> 8h30 &#8211; 12h \/ 14h &#8211; 17h sauf mercredi apr\u00e8s-midi<br \/>\n<\/span>[\/vc_message][vc_column_text]\n<p>&nbsp;<\/p>\n[\/vc_column_text][vc_message message_box_color=&#8221;sandy_brown&#8221; icon_fontawesome=&#8221;fa fa-map&#8221;]\n<h3 style=\"text-align: center\"><a href=\"https:\/\/lyc-auffray-clichy.ac-versailles.fr\/wp-content\/uploads\/sites\/134\/2025\/10\/Annexe-5-Tarification-restauration-scolaire-2025-2026.pdf\"><strong>TARIFS DEMI-PENSION 2025<\/strong><\/a><\/h3>\n[\/vc_message][vc_column_text]\n<p>&nbsp;<\/p>\n[\/vc_column_text][vc_message message_box_color=&#8221;sandy_brown&#8221; icon_fontawesome=&#8221;fa fa-credit-card&#8221;]\n<h3 style=\"text-align: center\"><a href=\"https:\/\/webparent.paiementdp.com\/aliAuthentification.php?site=aes01678\"><strong>PAIEMENT EN LIGNE<\/strong><\/a><\/h3>\n[\/vc_message][\/vc_column][\/vc_row]\n<\/div><\/div>","protected":false},"excerpt":{"rendered":"<p>[vc_row][vc_column width=&#8221;2\/3&#8243;][vc_column_text] L&#8217;actualit\u00e9 de la demi-pension [\/vc_column_text][vc_column_text][\/vc_column_text][vc_column_text] S&#8217;inscrire \u00e0 la demi-pension [\/vc_column_text][vc_column_text] Voici les informations concernant les modalit\u00e9s d&#8217;inscription 2025-2026 : Modalit\u00e9s d&#8217;inscription \u00e0 la demi-pension Notice EquiTables rentr\u00e9e 2022 Notice CAF rentr\u00e9e 2022 La\u00a0fiche intendance vous sera fournie avec<\/p>\n","protected":false},"author":1052,"featured_media":0,"parent":10,"menu_order":0,"comment_status":"closed","ping_status":"closed","template":"","meta":{"_crdt_document":"","footnotes":""},"categories":[],"class_list":["post-3021","page","type-page","status-publish","hentry"],"_links":{"self":[{"href":"https:\/\/lyc-auffray-clichy.ac-versailles.fr\/index.php\/wp-json\/wp\/v2\/pages\/3021","targetHints":{"allow":["GET"]}}],"collection":[{"href":"https:\/\/lyc-auffray-clichy.ac-versailles.fr\/index.php\/wp-json\/wp\/v2\/pages"}],"about":[{"href":"https:\/\/lyc-auffray-clichy.ac-versailles.fr\/index.php\/wp-json\/wp\/v2\/types\/page"}],"author":[{"embeddable":true,"href":"https:\/\/lyc-auffray-clichy.ac-versailles.fr\/index.php\/wp-json\/wp\/v2\/users\/1052"}],"replies":[{"embeddable":true,"href":"https:\/\/lyc-auffray-clichy.ac-versailles.fr\/index.php\/wp-json\/wp\/v2\/comments?post=3021"}],"version-history":[{"count":12,"href":"https:\/\/lyc-auffray-clichy.ac-versailles.fr\/index.php\/wp-json\/wp\/v2\/pages\/3021\/revisions"}],"predecessor-version":[{"id":8446,"href":"https:\/\/lyc-auffray-clichy.ac-versailles.fr\/index.php\/wp-json\/wp\/v2\/pages\/3021\/revisions\/8446"}],"up":[{"embeddable":true,"href":"https:\/\/lyc-auffray-clichy.ac-versailles.fr\/index.php\/wp-json\/wp\/v2\/pages\/10"}],"wp:attachment":[{"href":"https:\/\/lyc-auffray-clichy.ac-versailles.fr\/index.php\/wp-json\/wp\/v2\/media?parent=3021"}],"wp:term":[{"taxonomy":"category","embeddable":true,"href":"https:\/\/lyc-auffray-clichy.ac-versailles.fr\/index.php\/wp-json\/wp\/v2\/categories?post=3021"}],"curies":[{"name":"wp","href":"https:\/\/api.w.org\/{rel}","templated":true}]}}