{"id":2363,"date":"2017-03-29T15:12:10","date_gmt":"2017-03-29T15:12:10","guid":{"rendered":"http:\/\/www.lyc-auffray-clichy.ac-versailles.fr\/?page_id=2363"},"modified":"2017-03-29T15:56:49","modified_gmt":"2017-03-29T15:56:49","slug":"baccalaureat-scientifique-s","status":"publish","type":"page","link":"https:\/\/lyc-auffray-clichy.ac-versailles.fr\/index.php\/les-formations\/baccalaureat-scientifique-s\/","title":{"rendered":"BACCALAUR\u00c9AT : SCIENTIFIQUE (S)"},"content":{"rendered":"<div class=\"l-submain\"><div class=\"l-submain-h g-html i-cf\">[vc_row full_width=&#8221;stretch_row&#8221; css_animation=&#8221;none&#8221; row_id=&#8221;BAC_tech_st2s&#8221; el_id=&#8221;BAC_tech_st2s&#8221;][vc_column][vc_row_inner][vc_column_inner width=&#8221;1\/12&#8243;][vc_icon icon_fontawesome=&#8221;fa fa-angle-left&#8221; color=&#8221;custom&#8221; background_style=&#8221;boxed&#8221; background_color=&#8221;white&#8221; size=&#8221;lg&#8221; align=&#8221;center&#8221; css_animation=&#8221;top-to-bottom&#8221; custom_color=&#8221;#5c2849&#8243; link=&#8221;url:http%3A%2F%2Flyc-auffray-clichy.ac-versailles.fr%2Ftest-forma-tech%2F|||&#8221; css=&#8221;.vc_custom_1487929308269{margin-bottom: 0px !important;}&#8221;][\/vc_column_inner][vc_column_inner width=&#8221;11\/12&#8243;][vc_column_text css_animation=&#8221;top-to-bottom&#8221;]\n<h1><strong>BACCALAUR\u00c9AT :<\/strong><br \/>\nSCIENTIFIQUE (S)<\/h1>\n[\/vc_column_text][\/vc_column_inner][\/vc_row_inner][vc_row_inner][vc_column_inner width=&#8221;1\/2&#8243;]<div class=\"w-actionbox color_primary controls_aside\"><div class=\"w-actionbox-h\"><div class=\"w-actionbox-text\"><h3>D\u00e9poser une candidature :<\/h3><\/div><div class=\"w-actionbox-controls at_right\"><a class=\"w-actionbox-button g-btn size_small type_outline\" href=\"https:\/\/www.admission-postbac.fr\/\"><span>APB<\/span><\/a><\/div><\/div><\/div>[\/vc_column_inner][vc_column_inner width=&#8221;1\/2&#8243;][vc_column_text css_animation=&#8221;top-to-bottom&#8221;]La d\u00e9marche sp\u00e9cifique de ses enseignements associ\u00e9e aux enseignements g\u00e9n\u00e9raux d\u00e9veloppe une aptitude \u00e0 travailler en autonomie et \u00e0 pratiquer une r\u00e9flexion critique sur les probl\u00e9matiques du secteur. Le titulaire du bac ST2S saura notamment analyser les faits de soci\u00e9t\u00e9 posant des questions sanitaires ou sociales, caract\u00e9riser l&#8217;\u00e9tat de sant\u00e9 et de bien-\u00eatre de populations, et comprendre les relations entre les demandes en mati\u00e8re de sant\u00e9 et de vie sociale et les r\u00e9ponses politiques et institutionnelles.<br \/>\nIl a \u00e9galement acc\u00e8s\u00a0aux\u00a0BTS ou\u00a0aux DUT : BTS \u00e9conomie sociale familiale, BTS services et prestations des secteurs sanitaire et social, BTS di\u00e9t\u00e9tique, DUT carri\u00e8res sociales.[\/vc_column_text][vc_facebook type=&#8221;button_count&#8221; css_animation=&#8221;top-to-bottom&#8221;][\/vc_column_inner][\/vc_row_inner][\/vc_column][\/vc_row][vc_section][vc_row][vc_column][vc_row_inner][vc_column_inner width=&#8221;1\/2&#8243;][vc_column_text css_animation=&#8221;fadeInDown&#8221;]\n<h3 class=\"subtitle2\">Objectifs de formation<\/h3>\n<p>Post hoc impie perpetratum quod in aliis quoque iam timebatur, tamquam licentia crudelitati indulta per suspicionum nebulas aestimati quidam noxii damnabantur. quorum pars necati, alii puniti bonorum multatione actique laribus suis extorres nullo sibi relicto praeter querelas et lacrimas, stipe conlaticia victitabant, et civili iustoque imperio ad voluntatem converso cruentam, claudebantur opulentae domus et clarae.<br \/>\nAinsi, le titulaire d&#8217;une MAN :<\/p>\n<ul>\n<li>Post hoc impie perpetratum quod in aliis quoque iam timebatur, tamquam licentia<\/li>\n<li>Post hoc impie perpetratum quod in aliis quoque iam timebatur, tamquam licentia<\/li>\n<li>Post hoc impie perpetratum quod in aliis quoque iam timebatur, tamquam licentia<\/li>\n<\/ul>\n[\/vc_column_text][\/vc_column_inner][vc_column_inner width=&#8221;1\/2&#8243;][vc_column_text css_animation=&#8221;top-to-bottom&#8221;]\n<div class=\"wpb_text_column wpb_content_element \">\n<div class=\"wpb_wrapper\">\n<h3 class=\"subtitle2\">Les d\u00e9bouch\u00e9s<\/h3>\n<p class=\"text3\">Post hoc impie perpetratum quod in aliis quoque iam timebatur, tamquam licentia crudelitati indulta per suspicionum nebulas aestimati quidam noxii damnabantur.<\/p>\n<ul>\n<li>Post hoc impie perpetratum quod in aliis quoque iam timebatur<\/li>\n<li>Post hoc impie perpetratum quod in aliis quoque iam timebatur<\/li>\n<li>Post hoc impie perpetratum quod in aliis quoque iam timebatur<\/li>\n<li>Post hoc impie perpetratum quod in aliis quoque iam timebatur<\/li>\n<\/ul>\n<\/div>\n<\/div>\n[\/vc_column_text][\/vc_column_inner][\/vc_row_inner][vc_row_inner][vc_column_inner][vc_empty_space height=&#8221;5px&#8221;][vc_column_text css_animation=&#8221;top-to-bottom&#8221;]\n<h3 class=\"subtitle2\">Acc\u00e8s<\/h3>\n<p>Lorem ipsum dolor sit amet, consectetuer adipiscing elit, sed diam nonummy nibh euismod tincidunt ut laoreet dolore magna aliquam erat volutpat. Ut wisi enim ad minim veniam, quis nostrud exerci tation ullamcorper suscipit lobortis nisl ut aliquip ex ea commodo consequat. Duis autem vel eum iriure dolor in hendrerit in vulputate velit esse molestie consequat, vel illum dolore eu feugiat nulla facilisis at vero eros et accumsan et iusto odio dignissim qui blandit praesent luptatum zzril delenit augue duis dolore te feugait nulla facilisi.<br \/>\nLorem ipsum dolor sit amet, cons ectetuer adipiscing elit, sed diam nonummy nibh euismod tincidunt ut laoreet dolore magna aliquam erat volutpat. Ut wisi enim ad minim veniam, quis nostrud exerci tation ullamcorper suscipit lobortis nisl ut aliquip ex ea commodo consequat.[\/vc_column_text][\/vc_column_inner][\/vc_row_inner][vc_row_inner][vc_column_inner width=&#8221;1\/2&#8243;][vc_column_text css_animation=&#8221;top-to-bottom&#8221;]\n<h3 class=\"subtitle2\">Volume horaire hebdomadaire par mati\u00e8re<\/h3>\n<table class=\"tabhoraire\" style=\"height: 659px;\" width=\"792\">\n<tbody>\n<tr>\n<td class=\"tdhoraire1\">\n<h6><strong>Discipline<\/strong><\/h6>\n<\/td>\n<td class=\"tdhoraire2\">\n<h6><strong>Horaires<\/strong><\/h6>\n<\/td>\n<\/tr>\n<tr>\n<td class=\"tdhoraire3\">\n<h6><strong>Fran\u00e7ais<\/strong><\/h6>\n<\/td>\n<td class=\"tdhoraire3\">\n<h6>2<\/h6>\n<\/td>\n<\/tr>\n<tr>\n<td class=\"tdhoraire3\">\n<h6><strong>Langue vivante 1<\/strong><\/h6>\n<\/td>\n<td class=\"tdhoraire3\">\n<h6>2<\/h6>\n<\/td>\n<\/tr>\n<tr>\n<td class=\"tdhoraire3\">\n<h6><strong>Langue vivante 2<\/strong><\/h6>\n<\/td>\n<td class=\"tdhoraire3\">\n<h6>2<\/h6>\n<\/td>\n<\/tr>\n<tr>\n<td class=\"tdhoraire3\">\n<h6><strong>Economie g\u00e9n\u00e9rale<\/strong><\/h6>\n<\/td>\n<td class=\"tdhoraire3\">\n<h6>2<\/h6>\n<\/td>\n<\/tr>\n<tr>\n<td class=\"tdhoraire3\">\n<h6><strong>Economie d&#8217;entreprise et gestion des ressources humaines<\/strong><\/h6>\n<\/td>\n<td class=\"tdhoraire3\">\n<h6>1<\/h6>\n<\/td>\n<\/tr>\n<tr>\n<td class=\"tdhoraire3\">\n<h6><strong>Droit<\/strong><\/h6>\n<\/td>\n<td class=\"tdhoraire3\">\n<h6>2<\/h6>\n<\/td>\n<\/tr>\n<tr>\n<td class=\"tdhoraire3\">\n<h6><strong>Gestion comptable<\/strong><\/h6>\n<\/td>\n<td class=\"tdhoraire3\">\n<h6>8<\/h6>\n<\/td>\n<\/tr>\n<tr>\n<td class=\"tdhoraire3\">\n<h6><strong>Mercatique<\/strong><\/h6>\n<\/td>\n<td class=\"tdhoraire3\">\n<h6>2<\/h6>\n<\/td>\n<\/tr>\n<tr>\n<td class=\"tdhoraire3\">\n<h6><strong>Sciences appliqu\u00e9es<\/strong><\/h6>\n<\/td>\n<td class=\"tdhoraire3\">\n<h6>2<\/h6>\n<\/td>\n<\/tr>\n<tr>\n<td class=\"tdhoraire3\">\n<h6><strong>G\u00e9nie culinaire<\/strong><\/h6>\n<\/td>\n<td class=\"tdhoraire3\">\n<h6>3<\/h6>\n<\/td>\n<\/tr>\n<tr>\n<td class=\"tdhoraire3\">\n<h6><strong>Restauration et connaissance des boissons<\/strong><\/h6>\n<\/td>\n<td class=\"tdhoraire3\">\n<h6>3<\/h6>\n<\/td>\n<\/tr>\n<tr>\n<td class=\"tdhoraire3\">\n<h6><strong>H\u00e9bergement et communication professionnelle<\/strong><\/h6>\n<\/td>\n<td class=\"tdhoraire3\">\n<h6>2<\/h6>\n<\/td>\n<\/tr>\n<tr>\n<td class=\"tdhoraire3\">\n<h6><strong>Ing\u00e9nierie et maintenance<\/strong><\/h6>\n<\/td>\n<td class=\"tdhoraire3\">\n<h6>1<\/h6>\n<\/td>\n<\/tr>\n<tr>\n<td class=\"tdhoraire3\">\n<h6><strong>Actions professionnelles appliqu\u00e9es<\/strong><\/h6>\n<\/td>\n<td class=\"tdhoraire3\">\n<h6>2<\/h6>\n<\/td>\n<\/tr>\n<\/tbody>\n<\/table>\n[\/vc_column_text][\/vc_column_inner][vc_column_inner width=&#8221;1\/2&#8243;][vc_column_text css_animation=&#8221;top-to-bottom&#8221;]\n<h3 class=\"subtitle2\">Les stages<\/h3>\n<p class=\"text3\"><strong>En 1\u00e8re ann\u00e9e de BTS, la dur\u00e9e normale des stages est de seize \u00e0 vingt semaines dont douze semaines cons\u00e9cutives.<\/strong><br \/>\nLe stage \u00e0 temps plein, effectu\u00e9 successivement dans plusieurs services des entreprises d&#8217;h\u00f4tellerie restauration, doit permettre \u00e0 l&#8217;\u00e9tudiant d&#8217;approfondir les r\u00e9alit\u00e9s du m\u00e9tier, du v\u00e9cu professionnel et des probl\u00e8mes d&#8217;ensemble qui se posent \u00e0 l&#8217;entreprise d&#8217;h\u00f4tellerie restauration.<br \/>\n<strong>Dans la mesure du possible, il est recommand\u00e9 que tout ou partie de ce stage s&#8217;effectue \u00e0 l&#8217;\u00e9tranger.<br \/>\n<\/strong>Le stage de 1re ann\u00e9e BTS fournira mati\u00e8re \u00e0 la r\u00e9daction du compte rendu de stage pr\u00e9sent\u00e9 lors de l&#8217;\u00e9preuve &#8220;Conduite et pr\u00e9sentation d&#8217;\u00e9tudes techniques&#8221; et pourra servir de support \u00e0 l&#8217;\u00e9tude technique pr\u00e9vue lors du d\u00e9roulement de la m\u00eame preuve.<br \/>\n<strong>Ce compte rendu pr\u00e9sentera le lieu du stage et son environnement et relatera les t\u00e2ches effectu\u00e9es.<\/strong><\/p>\n[\/vc_column_text][vc_cta h2=&#8221;3 dates de stages !&#8221; txt_align=&#8221;center&#8221; shape=&#8221;square&#8221; style=&#8221;flat&#8221; color=&#8221;black&#8221; css_animation=&#8221;top-to-bottom&#8221;]12 Octobre &#8211; 13 D\u00e9cembre<\/p>\n<p>5 mars &#8211; 30 mars<\/p>\n<p>16 Mai &#8211; 26 Juin[\/vc_cta][\/vc_column_inner][\/vc_row_inner][\/vc_column][\/vc_row][\/vc_section]\n<\/div><\/div>","protected":false},"excerpt":{"rendered":"<p>[vc_row full_width=&#8221;stretch_row&#8221; css_animation=&#8221;none&#8221; row_id=&#8221;BAC_tech_st2s&#8221; el_id=&#8221;BAC_tech_st2s&#8221;][vc_column][vc_row_inner][vc_column_inner width=&#8221;1\/12&#8243;][vc_icon icon_fontawesome=&#8221;fa fa-angle-left&#8221; color=&#8221;custom&#8221; background_style=&#8221;boxed&#8221; background_color=&#8221;white&#8221; size=&#8221;lg&#8221; align=&#8221;center&#8221; css_animation=&#8221;top-to-bottom&#8221; custom_color=&#8221;#5c2849&#8243; link=&#8221;url:http%3A%2F%2Flyc-auffray-clichy.ac-versailles.fr%2Ftest-forma-tech%2F|||&#8221; css=&#8221;.vc_custom_1487929308269{margin-bottom: 0px !important;}&#8221;][\/vc_column_inner][vc_column_inner width=&#8221;11\/12&#8243;][vc_column_text css_animation=&#8221;top-to-bottom&#8221;] BACCALAUR\u00c9AT : SCIENTIFIQUE (S) [\/vc_column_text][\/vc_column_inner][\/vc_row_inner][vc_row_inner][vc_column_inner width=&#8221;1\/2&#8243;][\/vc_column_inner][vc_column_inner width=&#8221;1\/2&#8243;][vc_column_text css_animation=&#8221;top-to-bottom&#8221;]La d\u00e9marche sp\u00e9cifique de ses enseignements associ\u00e9e aux enseignements g\u00e9n\u00e9raux d\u00e9veloppe une<\/p>\n","protected":false},"author":1,"featured_media":1158,"parent":1583,"menu_order":0,"comment_status":"closed","ping_status":"closed","template":"","meta":{"_crdt_document":"","footnotes":""},"categories":[54,59],"class_list":["post-2363","page","type-page","status-publish","has-post-thumbnail","hentry","category-bac","category-gene"],"_links":{"self":[{"href":"https:\/\/lyc-auffray-clichy.ac-versailles.fr\/index.php\/wp-json\/wp\/v2\/pages\/2363","targetHints":{"allow":["GET"]}}],"collection":[{"href":"https:\/\/lyc-auffray-clichy.ac-versailles.fr\/index.php\/wp-json\/wp\/v2\/pages"}],"about":[{"href":"https:\/\/lyc-auffray-clichy.ac-versailles.fr\/index.php\/wp-json\/wp\/v2\/types\/page"}],"author":[{"embeddable":true,"href":"https:\/\/lyc-auffray-clichy.ac-versailles.fr\/index.php\/wp-json\/wp\/v2\/users\/1"}],"replies":[{"embeddable":true,"href":"https:\/\/lyc-auffray-clichy.ac-versailles.fr\/index.php\/wp-json\/wp\/v2\/comments?post=2363"}],"version-history":[{"count":2,"href":"https:\/\/lyc-auffray-clichy.ac-versailles.fr\/index.php\/wp-json\/wp\/v2\/pages\/2363\/revisions"}],"predecessor-version":[{"id":2372,"href":"https:\/\/lyc-auffray-clichy.ac-versailles.fr\/index.php\/wp-json\/wp\/v2\/pages\/2363\/revisions\/2372"}],"up":[{"embeddable":true,"href":"https:\/\/lyc-auffray-clichy.ac-versailles.fr\/index.php\/wp-json\/wp\/v2\/pages\/1583"}],"wp:featuredmedia":[{"embeddable":true,"href":"https:\/\/lyc-auffray-clichy.ac-versailles.fr\/index.php\/wp-json\/wp\/v2\/media\/1158"}],"wp:attachment":[{"href":"https:\/\/lyc-auffray-clichy.ac-versailles.fr\/index.php\/wp-json\/wp\/v2\/media?parent=2363"}],"wp:term":[{"taxonomy":"category","embeddable":true,"href":"https:\/\/lyc-auffray-clichy.ac-versailles.fr\/index.php\/wp-json\/wp\/v2\/categories?post=2363"}],"curies":[{"name":"wp","href":"https:\/\/api.w.org\/{rel}","templated":true}]}}