{"id":1221,"date":"2017-02-15T09:36:31","date_gmt":"2017-02-15T09:36:31","guid":{"rendered":"http:\/\/www.lyc-auffray-clichy.ac-versailles.fr\/?page_id=1221"},"modified":"2021-03-16T16:59:48","modified_gmt":"2021-03-16T16:59:48","slug":"mes-instances-representations","status":"publish","type":"page","link":"https:\/\/lyc-auffray-clichy.ac-versailles.fr\/index.php\/mon-parcours-deleve\/mes-instances-representations\/","title":{"rendered":"Le Conseil de la Vie Lyc\u00e9enne"},"content":{"rendered":"<div class=\"l-submain\"><div class=\"l-submain-h g-html i-cf\">[vc_row][vc_column width=&#8221;2\/3&#8243;][vc_message message_box_style=&#8221;outline&#8221; message_box_color=&#8221;mulled_wine&#8221; icon_fontawesome=&#8221;fa fa-user&#8221;]\n<h4 style=\"text-align: justify\"><strong>Le CVL, c&#8217;est qui ?<br \/>\n<\/strong><\/h4>\n<ul style=\"text-align: justify\">\n<li><strong>10 lyc\u00e9ens<\/strong> \u00e9lus pour <strong>2 ans<\/strong> au <strong>suffrage universel<\/strong> par leurs camarades, pour les <strong>repr\u00e9senter<\/strong> aupr\u00e8s de la communaut\u00e9 scolaire<\/li>\n<li><strong>10 adultes<\/strong>, nomm\u00e9s ou \u00e9lus par le <strong>Conseil d&#8217;Administration<\/strong> (personnels de direction et de vie scolaire, agents, professeurs, parents&#8230;)<\/li>\n<\/ul>\n<p style=\"text-align: justify\"><strong>IMPORTANT :<\/strong><br \/>\nLe vice-pr\u00e9sident du CVL si\u00e8ge de droit au Conseil d&#8217;Administration du lyc\u00e9e, afin de faire le lien entre les instances et de pr\u00e9senter les projets du CVL aux membres du CA.<\/p>\n[\/vc_message][vc_message message_box_style=&#8221;outline&#8221; message_box_color=&#8221;purple&#8221; icon_fontawesome=&#8221;fa fa-calendar&#8221;]\n<h4 style=\"text-align: justify\"><strong>Le CVL, c&#8217;est quand ?<br \/>\n<\/strong><\/h4>\n<p style=\"text-align: justify\">Il se r\u00e9unit <strong>avant chaque CA<\/strong> ou en s\u00e9ance extraordinaire \u00e0 la demande de la moiti\u00e9 des \u00e9lus. Des <strong>r\u00e9unions pr\u00e9paratoires<\/strong> entres \u00e9lus lyc\u00e9ens peuvent \u00e9galement se d\u00e9rouler.<\/p>\n[\/vc_message][\/vc_column][vc_column width=&#8221;1\/3&#8243;][vc_single_image image=&#8221;4299&#8243; img_size=&#8221;medium&#8221;][vc_column_text][\/vc_column_text][\/vc_column][\/vc_row][vc_row][vc_column][vc_message message_box_style=&#8221;outline&#8221; message_box_color=&#8221;blue&#8221;]\n<h4 style=\"text-align: justify\"><strong>Le CVL, c&#8217;est quoi ?<br \/>\n<\/strong><\/h4>\n<p style=\"text-align: justify\">Le CVL est une instance <strong>consultative<\/strong> dans chaque lyc\u00e9e, obligatoirement consult\u00e9e par le chef d&#8217;\u00e9tablissement sur un certain nombre de questions li\u00e9es \u00e0 la vie de l&#8217;\u00e9tablissement. Tous les avis du CVL sont transmis au <strong>Conseil d&#8217;Administration<\/strong> du lyc\u00e9e.<\/p>\n<p style=\"text-align: justify\">Le CVL est obligatoirement consult\u00e9 sur :<\/p>\n<ul style=\"text-align: justify\">\n<li>l&#8217;organisation des <strong>\u00e9tudes<\/strong> et du <strong>temps scolaire<\/strong> : r\u00e9flexion sur la r\u00e9partition horaire des cours, les heures de d\u00e9but et de fin de journ\u00e9e&#8230;<\/li>\n<li>l&#8217;\u00e9laboration et la modification du <strong>projet d&#8217;\u00e9tablissement<\/strong> et du r\u00e8glement int\u00e9rieur<\/li>\n<li>l&#8217;organisation du <strong>travail personnel<\/strong> et du <strong>soutien<\/strong> des \u00e9l\u00e8ves : r\u00e9flexion sur la mise en place et le contenu de l&#8217;accompagnement personnalis\u00e9<\/li>\n<li>l&#8217;information li\u00e9e \u00e0 l&#8217;<strong>orientation<\/strong> : organisation d&#8217;un Forum des M\u00e9tiers, d&#8217;une &#8220;journ\u00e9e sp\u00e9ciale de l&#8217;orientation&#8221;&#8230;<\/li>\n<li>la <strong>sant\u00e9<\/strong>, l&#8217;<strong>hygi\u00e8ne<\/strong> et la <strong>s\u00e9curit\u00e9<\/strong> : organisation d&#8217;une action contre l&#8217;alcool, le tabac, participation au Sidaction, au T\u00e9l\u00e9thon, passage du Brevet de Secourisme&#8230;<\/li>\n<li>l&#8217;am\u00e9nagement des <strong>espaces<\/strong> destin\u00e9s \u00e0 la vie lyc\u00e9enne : cr\u00e9ation ou r\u00e9novation d&#8217;un Foyer des \u00e9l\u00e8ves, d&#8217;un bureau du CVL, am\u00e9nagement de la cour du lyc\u00e9e&#8230;<\/li>\n<li>l&#8217;organisation d&#8217;<strong>activit\u00e9s<\/strong> sportives, culturelles et p\u00e9riscolaires : championnat sportif, bal de fin d&#8217;ann\u00e9e, exposition des travaux des \u00e9l\u00e8ves<\/li>\n<\/ul>\n<p style=\"text-align: justify\">Il peut aussi formuler des propositions sur :<\/p>\n<ul style=\"text-align: justify\">\n<li>la <strong>formation<\/strong> des repr\u00e9sentants des \u00e9l\u00e8ves<\/li>\n<li>les conditions d&#8217;utilisation des <strong>fonds<\/strong> lyc\u00e9ens<\/li>\n<\/ul>\n<p style=\"text-align: justify\">Il est en lien avec la <strong>Maison des Lyc\u00e9ens<\/strong>.<\/p>\n[\/vc_message][\/vc_column][\/vc_row][vc_row][vc_column][vc_message message_box_style=&#8221;outline&#8221; message_box_color=&#8221;green&#8221; icon_fontawesome=&#8221;fa fa-newspaper-o&#8221;]\n<h4 style=\"text-align: justify\"><strong>Les modalit\u00e9s \u00e9l\u00e9ctorales<br \/>\n<\/strong><\/h4>\n<ul>\n<li style=\"text-align: justify\"><strong>Tous les \u00e9l\u00e8ves du lyc\u00e9e<\/strong> sont \u00e9lecteurs et \u00e9ligibles (y compris BTS et MAN) ; aucun \u00e9l\u00e8ve du CVL n&#8217;est donc \u00e9lu par l&#8217;Assembl\u00e9e G\u00e9n\u00e9rale des d\u00e9l\u00e9gu\u00e9s<\/li>\n<li style=\"text-align: justify\">Le scrutin est <strong>plurinominal \u00e0 1 tour<\/strong> (majorit\u00e9 relative au premier tour)<\/li>\n<li style=\"text-align: justify\">La <strong>liste \u00e9lectorale<\/strong> (liste alphab\u00e9tique des \u00e9l\u00e8ves) doit \u00eatre publi\u00e9e 15 jours avant le scrutin et affich\u00e9e dans l&#8217;\u00e9tablissement<\/li>\n<li style=\"text-align: justify\">Les candidats pr\u00e9sentent obligatoirement leur candidature en <strong>bin\u00f4me titulaire\/suppl\u00e9ant<\/strong>. Lorsque le titulaire est en derni\u00e8re ann\u00e9e de cycle d&#8217;\u00e9tudes, le suppl\u00e9ant doit \u00eatre inscrit dans une classe de niveau inf\u00e9rieur<\/li>\n<li style=\"text-align: justify\">Les <strong>candidatures<\/strong> sont remises au chef d&#8217;\u00e9tablissement, accompagn\u00e9es \u00e9ventuellement d&#8217;une profession de foi, au moins <strong>10 jours<\/strong> avant la date du scrutin<\/li>\n<li style=\"text-align: justify\">La liste des candidats, \u00e9tablie par ordre alphab\u00e9tique, \u00e0 partir d&#8217;une lettre tir\u00e9e au sort, constitue le bulletin de vote et doit \u00eatre affich\u00e9e dans l&#8217;\u00e9tablissement<\/li>\n<li style=\"text-align: justify\">Le scrutin a lieu au plus tard <strong>avant la fin de la septi\u00e8me semaine<\/strong> apr\u00e8s la rentr\u00e9e<\/li>\n<li style=\"text-align: justify\">Dans les jours qui suivent le scrutin, les \u00e9lus lyc\u00e9ens du CVL sont r\u00e9unis afin d&#8217;\u00e9lire le <strong>vice-pr\u00e9sident<\/strong> en leur sein<\/li>\n<li style=\"text-align: justify\">Les \u00e9lus lyc\u00e9ens du CVL sont <strong>renouvel\u00e9s par moiti\u00e9 <\/strong>tous les ans<\/li>\n<\/ul>\n[\/vc_message][vc_message message_box_style=&#8221;outline&#8221; message_box_color=&#8221;sandy_brown&#8221; icon_fontawesome=&#8221;fa fa-location-arrow&#8221;]\n<h4 style=\"text-align: justify\"><strong>Les actions du CVL ces derni\u00e8res ann\u00e9es<br \/>\n<\/strong><\/h4>\n<ul>\n<li style=\"text-align: justify\">R\u00e9flexion sur l&#8217;am\u00e9lioration du fonctionnement du <strong>foyer<\/strong><\/li>\n<li style=\"text-align: justify\">Mise en place d&#8217;une action culturelle sur la d\u00e9couverte du <strong>continent africain<\/strong> en partenariat avec le <span style=\"text-decoration: underline;color: #0000ff\"><a style=\"color: #0000ff;text-decoration: underline\" href=\"https:\/\/lyc-auffray-clichy.ac-versailles.fr\/index.php\/mon-parcours-deleve\/le-centre-de-documentation-et-dinformation-cdi\/\">CDI <\/a><\/span>et la <a href=\"\/index.php\/mon-parcours-deleve\/restauration-scolaire\/\"><span style=\"text-decoration: underline;color: #0000ff\">restauration scolaire<\/span><\/a><\/li>\n<li style=\"text-align: justify\">R\u00e9flexion sur l&#8217;am\u00e9lioration de l&#8217;<strong>hygi\u00e8ne dans les toilettes<\/strong> de l\u2019\u00e9tablissement<\/li>\n<\/ul>\n[\/vc_message][\/vc_column][\/vc_row]\n<\/div><\/div>","protected":false},"excerpt":{"rendered":"<p>[vc_row][vc_column width=&#8221;2\/3&#8243;][vc_message message_box_style=&#8221;outline&#8221; message_box_color=&#8221;mulled_wine&#8221; icon_fontawesome=&#8221;fa fa-user&#8221;] Le CVL, c&#8217;est qui ? 10 lyc\u00e9ens \u00e9lus pour 2 ans au suffrage universel par leurs camarades, pour les repr\u00e9senter aupr\u00e8s de la communaut\u00e9 scolaire 10 adultes, nomm\u00e9s ou \u00e9lus par le Conseil d&#8217;Administration<\/p>\n","protected":false},"author":1,"featured_media":0,"parent":10,"menu_order":0,"comment_status":"closed","ping_status":"closed","template":"","meta":{"_crdt_document":"","footnotes":""},"categories":[],"class_list":["post-1221","page","type-page","status-publish","hentry"],"_links":{"self":[{"href":"https:\/\/lyc-auffray-clichy.ac-versailles.fr\/index.php\/wp-json\/wp\/v2\/pages\/1221","targetHints":{"allow":["GET"]}}],"collection":[{"href":"https:\/\/lyc-auffray-clichy.ac-versailles.fr\/index.php\/wp-json\/wp\/v2\/pages"}],"about":[{"href":"https:\/\/lyc-auffray-clichy.ac-versailles.fr\/index.php\/wp-json\/wp\/v2\/types\/page"}],"author":[{"embeddable":true,"href":"https:\/\/lyc-auffray-clichy.ac-versailles.fr\/index.php\/wp-json\/wp\/v2\/users\/1"}],"replies":[{"embeddable":true,"href":"https:\/\/lyc-auffray-clichy.ac-versailles.fr\/index.php\/wp-json\/wp\/v2\/comments?post=1221"}],"version-history":[{"count":12,"href":"https:\/\/lyc-auffray-clichy.ac-versailles.fr\/index.php\/wp-json\/wp\/v2\/pages\/1221\/revisions"}],"predecessor-version":[{"id":6991,"href":"https:\/\/lyc-auffray-clichy.ac-versailles.fr\/index.php\/wp-json\/wp\/v2\/pages\/1221\/revisions\/6991"}],"up":[{"embeddable":true,"href":"https:\/\/lyc-auffray-clichy.ac-versailles.fr\/index.php\/wp-json\/wp\/v2\/pages\/10"}],"wp:attachment":[{"href":"https:\/\/lyc-auffray-clichy.ac-versailles.fr\/index.php\/wp-json\/wp\/v2\/media?parent=1221"}],"wp:term":[{"taxonomy":"category","embeddable":true,"href":"https:\/\/lyc-auffray-clichy.ac-versailles.fr\/index.php\/wp-json\/wp\/v2\/categories?post=1221"}],"curies":[{"name":"wp","href":"https:\/\/api.w.org\/{rel}","templated":true}]}}