{"id":1203,"date":"2017-02-15T09:27:44","date_gmt":"2017-02-15T09:27:44","guid":{"rendered":"http:\/\/www.lyc-auffray-clichy.ac-versailles.fr\/?page_id=1203"},"modified":"2024-12-03T15:49:24","modified_gmt":"2024-12-03T15:49:24","slug":"secretariat-eleve","status":"publish","type":"page","link":"https:\/\/lyc-auffray-clichy.ac-versailles.fr\/index.php\/mon-parcours-deleve\/secretariat-eleve\/","title":{"rendered":"Secr\u00e9tariat \u00e9l\u00e8ve"},"content":{"rendered":"<div class=\"l-submain\"><div class=\"l-submain-h g-html i-cf\">[vc_row][vc_column width=&#8221;2\/3&#8243;][vc_column_text]\n<h4 style=\"text-align: justify\">Au secr\u00e9tariat \u00e9l\u00e8ve, je peux :<\/h4>\n<ul>\n<li style=\"text-align: justify\">Retirer un <strong>certificat de scolarit\u00e9<\/strong>, un <strong>certificat de sortie<\/strong> de l&#8217;\u00e9tablissement, un duplicata de <strong>bulletin<\/strong> ou de <strong>dipl\u00f4me<\/strong> (sur pr\u00e9sentation d&#8217;une pi\u00e8ce d&#8217;identit\u00e9)<\/li>\n<li style=\"text-align: justify\">Retirer une <strong>convocation<\/strong> pour un Contr\u00f4le en Cours de Formation (CCF), une Commission de Vie Scolaire ou un Conseil de Discipline<\/li>\n<li style=\"text-align: justify\">Signaler un <strong>changement d&#8217;adresse<\/strong> en cours d&#8217;ann\u00e9e scolaire<\/li>\n<li style=\"text-align: justify\">Effectuer une demande de <strong>bourse d&#8217;\u00e9tudiant <\/strong><\/li>\n<li style=\"text-align: justify\">Demander une <strong>r\u00e9orientation<\/strong>, un <strong>changement<\/strong> d&#8217;\u00e9tablissement ou d&#8217;acad\u00e9mie<\/li>\n<li style=\"text-align: justify\">G\u00e9rer ma <span style=\"color: #0000ff\"><a style=\"color: #0000ff\" href=\"https:\/\/www.service-public.fr\/particuliers\/vosdroits\/F675\"><strong>s\u00e9curit\u00e9 sociale \u00e9tudiante<\/strong><\/a> <\/span>(obligatoire pour les \u00e9l\u00e8ves de BTS et MAN)<\/li>\n<\/ul>\n[\/vc_column_text][\/vc_column][vc_column width=&#8221;1\/3&#8243;][vc_message message_box_style=&#8221;solid&#8221; message_box_color=&#8221;mulled_wine&#8221;]\n<p style=\"text-align: left\"><strong>Contact : <\/strong>Benjamin THEBAULT<\/p>\n<p style=\"text-align: left\"><strong>T\u00e9l\u00e9phone : <\/strong>01 49 68 91 52<\/p>\n<p style=\"text-align: left\"><strong>E-mail : <\/strong><span style=\"color: #ffffff\"><a style=\"color: #ffffff\" href=\"benjamin.thebault@ac-versailles.fr\"><br \/>\nbenjamin.thebault@ac-versailles.fr<\/a><\/span><\/p>\n<p style=\"text-align: left\"><strong>Horaires :<br \/>\n<\/strong>8h\/12h30 et 13h\/17h30 lundi, mardi, jeudi<br \/>\n&amp;<br \/>\n8h\/12h mercredi, vendredi<\/p>\n[\/vc_message][\/vc_column][\/vc_row][vc_row][vc_column][\/vc_column][\/vc_row]\n<\/div><\/div>","protected":false},"excerpt":{"rendered":"<p>[vc_row][vc_column width=&#8221;2\/3&#8243;][vc_column_text] Au secr\u00e9tariat \u00e9l\u00e8ve, je peux : Retirer un certificat de scolarit\u00e9, un certificat de sortie de l&#8217;\u00e9tablissement, un duplicata de bulletin ou de dipl\u00f4me (sur pr\u00e9sentation d&#8217;une pi\u00e8ce d&#8217;identit\u00e9) Retirer une convocation pour un Contr\u00f4le en Cours de<\/p>\n","protected":false},"author":1,"featured_media":0,"parent":10,"menu_order":0,"comment_status":"closed","ping_status":"closed","template":"","meta":{"_crdt_document":"","footnotes":""},"categories":[],"class_list":["post-1203","page","type-page","status-publish","hentry"],"_links":{"self":[{"href":"https:\/\/lyc-auffray-clichy.ac-versailles.fr\/index.php\/wp-json\/wp\/v2\/pages\/1203","targetHints":{"allow":["GET"]}}],"collection":[{"href":"https:\/\/lyc-auffray-clichy.ac-versailles.fr\/index.php\/wp-json\/wp\/v2\/pages"}],"about":[{"href":"https:\/\/lyc-auffray-clichy.ac-versailles.fr\/index.php\/wp-json\/wp\/v2\/types\/page"}],"author":[{"embeddable":true,"href":"https:\/\/lyc-auffray-clichy.ac-versailles.fr\/index.php\/wp-json\/wp\/v2\/users\/1"}],"replies":[{"embeddable":true,"href":"https:\/\/lyc-auffray-clichy.ac-versailles.fr\/index.php\/wp-json\/wp\/v2\/comments?post=1203"}],"version-history":[{"count":12,"href":"https:\/\/lyc-auffray-clichy.ac-versailles.fr\/index.php\/wp-json\/wp\/v2\/pages\/1203\/revisions"}],"predecessor-version":[{"id":8259,"href":"https:\/\/lyc-auffray-clichy.ac-versailles.fr\/index.php\/wp-json\/wp\/v2\/pages\/1203\/revisions\/8259"}],"up":[{"embeddable":true,"href":"https:\/\/lyc-auffray-clichy.ac-versailles.fr\/index.php\/wp-json\/wp\/v2\/pages\/10"}],"wp:attachment":[{"href":"https:\/\/lyc-auffray-clichy.ac-versailles.fr\/index.php\/wp-json\/wp\/v2\/media?parent=1203"}],"wp:term":[{"taxonomy":"category","embeddable":true,"href":"https:\/\/lyc-auffray-clichy.ac-versailles.fr\/index.php\/wp-json\/wp\/v2\/categories?post=1203"}],"curies":[{"name":"wp","href":"https:\/\/api.w.org\/{rel}","templated":true}]}}