{"id":1179,"date":"2017-02-15T09:14:52","date_gmt":"2017-02-15T09:14:52","guid":{"rendered":"http:\/\/www.lyc-auffray-clichy.ac-versailles.fr\/?page_id=1179"},"modified":"2021-03-16T13:37:52","modified_gmt":"2021-03-16T13:37:52","slug":"orientation","status":"publish","type":"page","link":"https:\/\/lyc-auffray-clichy.ac-versailles.fr\/index.php\/mon-parcours-deleve\/orientation\/","title":{"rendered":"Orientation"},"content":{"rendered":"<div class=\"l-submain\"><div class=\"l-submain-h g-html i-cf\">[vc_row][vc_column width=&#8221;1\/3&#8243;][vc_single_image image=&#8221;4250&#8243; img_size=&#8221;355&#215;216&#8243;][\/vc_column][vc_column width=&#8221;1\/3&#8243;][vc_message message_box_style=&#8221;solid&#8221; style=&#8221;square&#8221; message_box_color=&#8221;mulled_wine&#8221; icon_fontawesome=&#8221;fa fa-phone&#8221;]<strong>Contacts<\/strong>\u00a0<strong>: <\/strong>Malika Deghamsi et F\u00e9riel Djafer<\/p>\n<p><strong>Prendre rendez-vous \u00e0 la vie scolaire<\/strong><\/p>\n<p><strong>(ou via monlycee.net)<\/strong>[\/vc_message][\/vc_column][vc_column width=&#8221;1\/3&#8243;][\/vc_column][\/vc_row][vc_row][vc_column width=&#8221;2\/3&#8243;][vc_column_text]\n<p style=\"text-align: justify\">Les ann\u00e9es lyc\u00e9e sont une \u00e9tape cl\u00e9 pour <strong>trouver votre\u00a0voie<\/strong>.<\/p>\n<p style=\"text-align: justify\">Deux\u00a0conseill\u00e8res d&#8217;orientation sont \u00e0 votre \u00e9coute pour vous aider et vous indiquer <strong>les fili\u00e8res qui correspondent \u00e0 votre projet.<\/strong><\/p>\n[\/vc_column_text][vc_column_text]Vous pouvez trouver d&#8217;autres ressources au <span style=\"color: #0000ff\"><strong><a style=\"color: #0000ff\" href=\"http:\/\/www.cidj.com\/\" target=\"_blank\" rel=\"noopener noreferrer\">CIDJ<\/a><\/strong><\/span>.[\/vc_column_text][\/vc_column][vc_column width=&#8221;1\/3&#8243;][\/vc_column][\/vc_row]\n<\/div><\/div>","protected":false},"excerpt":{"rendered":"<p>[vc_row][vc_column width=&#8221;1\/3&#8243;][vc_single_image image=&#8221;4250&#8243; img_size=&#8221;355&#215;216&#8243;][\/vc_column][vc_column width=&#8221;1\/3&#8243;][vc_message message_box_style=&#8221;solid&#8221; style=&#8221;square&#8221; message_box_color=&#8221;mulled_wine&#8221; icon_fontawesome=&#8221;fa fa-phone&#8221;]Contacts\u00a0: Malika Deghamsi et F\u00e9riel Djafer Prendre rendez-vous \u00e0 la vie scolaire (ou via monlycee.net)[\/vc_message][\/vc_column][vc_column width=&#8221;1\/3&#8243;][\/vc_column][\/vc_row][vc_row][vc_column width=&#8221;2\/3&#8243;][vc_column_text] Les ann\u00e9es lyc\u00e9e sont une \u00e9tape cl\u00e9 pour trouver votre\u00a0voie. Deux\u00a0conseill\u00e8res d&#8217;orientation sont \u00e0<\/p>\n","protected":false},"author":1,"featured_media":0,"parent":10,"menu_order":0,"comment_status":"closed","ping_status":"closed","template":"","meta":{"_crdt_document":"","footnotes":""},"categories":[],"class_list":["post-1179","page","type-page","status-publish","hentry"],"_links":{"self":[{"href":"https:\/\/lyc-auffray-clichy.ac-versailles.fr\/index.php\/wp-json\/wp\/v2\/pages\/1179","targetHints":{"allow":["GET"]}}],"collection":[{"href":"https:\/\/lyc-auffray-clichy.ac-versailles.fr\/index.php\/wp-json\/wp\/v2\/pages"}],"about":[{"href":"https:\/\/lyc-auffray-clichy.ac-versailles.fr\/index.php\/wp-json\/wp\/v2\/types\/page"}],"author":[{"embeddable":true,"href":"https:\/\/lyc-auffray-clichy.ac-versailles.fr\/index.php\/wp-json\/wp\/v2\/users\/1"}],"replies":[{"embeddable":true,"href":"https:\/\/lyc-auffray-clichy.ac-versailles.fr\/index.php\/wp-json\/wp\/v2\/comments?post=1179"}],"version-history":[{"count":12,"href":"https:\/\/lyc-auffray-clichy.ac-versailles.fr\/index.php\/wp-json\/wp\/v2\/pages\/1179\/revisions"}],"predecessor-version":[{"id":6980,"href":"https:\/\/lyc-auffray-clichy.ac-versailles.fr\/index.php\/wp-json\/wp\/v2\/pages\/1179\/revisions\/6980"}],"up":[{"embeddable":true,"href":"https:\/\/lyc-auffray-clichy.ac-versailles.fr\/index.php\/wp-json\/wp\/v2\/pages\/10"}],"wp:attachment":[{"href":"https:\/\/lyc-auffray-clichy.ac-versailles.fr\/index.php\/wp-json\/wp\/v2\/media?parent=1179"}],"wp:term":[{"taxonomy":"category","embeddable":true,"href":"https:\/\/lyc-auffray-clichy.ac-versailles.fr\/index.php\/wp-json\/wp\/v2\/categories?post=1179"}],"curies":[{"name":"wp","href":"https:\/\/api.w.org\/{rel}","templated":true}]}}