{"id":1010,"date":"2017-02-09T14:05:23","date_gmt":"2017-02-09T14:05:23","guid":{"rendered":"http:\/\/www.lyc-auffray-clichy.ac-versailles.fr\/?page_id=1010"},"modified":"2025-03-25T09:08:23","modified_gmt":"2025-03-25T09:08:23","slug":"baccalaureat-professionnel-gestion-administration-3","status":"publish","type":"page","link":"https:\/\/lyc-auffray-clichy.ac-versailles.fr\/index.php\/les-formations\/baccalaureat-professionnel-gestion-administration-3\/","title":{"rendered":"BACCALAUR\u00c9AT PROFESSIONNEL : Assistance \u00e0 la Gestion des Organisations et de leurs Activit\u00e9s (AGOrA)"},"content":{"rendered":"<div class=\"l-submain\"><div class=\"l-submain-h g-html i-cf\">[vc_row full_width=&#8221;stretch_row&#8221; css_animation=&#8221;none&#8221; row_id=&#8221;BAC_tech_st2s&#8221; el_id=&#8221;BAC_tech_st2s&#8221;][vc_column][vc_row_inner][vc_column_inner width=&#8221;11\/12&#8243;][vc_column_text css_animation=&#8221;top-to-bottom&#8221;]\n<h1><strong>BACCALAUR\u00c9AT PROFESSIONNEL :\u00a0<\/strong><br \/>\nAssistance \u00e0 la Gestion des Organisations et de leurs Activit\u00e9s (AGOrA)<\/h1>\n[\/vc_column_text][\/vc_column_inner][\/vc_row_inner][\/vc_column][\/vc_row][vc_row][vc_column width=&#8221;1\/2&#8243;]<div class=\"w-actionbox color_primary controls_aside\"><div class=\"w-actionbox-h\"><div class=\"w-actionbox-text\"><h3>D\u00e9poser une candidature:<\/h3><\/div><div class=\"w-actionbox-controls at_right\"><a class=\"w-actionbox-button g-btn size_small type_outline\" href=\"http:\/\/www.ac-versailles.fr\/cid105102\/affelnet.html\"><span>Affelnet<\/span><\/a><\/div><\/div><\/div>[\/vc_column][vc_column width=&#8221;1\/2&#8243;][vc_column_text]\n<p style=\"text-align: justify\">Le <strong>BAC PRO AGOrA<\/strong> se d\u00e9roule sur <strong>3 ann\u00e9es<\/strong> de formation (seconde, premi\u00e8re et terminale), au cours desquelles l\u2019\u00e9l\u00e8ve suit des cours d\u2019enseignement <strong>professionnel<\/strong> et d&#8217;enseignement <strong>g\u00e9n\u00e9ral<\/strong>. Il effectue \u00e9galement des stages en entreprise.<\/p>\n[\/vc_column_text][\/vc_column][\/vc_row][vc_section][vc_row gap=&#8221;30&#8243; equal_height=&#8221;yes&#8221;][vc_column css=&#8221;.vc_custom_1498047491559{border-radius: 5px !important;}&#8221;][vc_row_inner][vc_column_inner width=&#8221;1\/2&#8243;][vc_column_text css_animation=&#8221;top-to-bottom&#8221;]\n<h3 class=\"subtitle2\">Acc\u00e8s<\/h3>\n<p>Ce baccalaur\u00e9at professionnel se pr\u00e9pare <strong>en 3 ans<\/strong>\u00a0 apr\u00e8s la 3\u00e8me:<\/p>\n<ul>\n<li>2nde Bac. Pro. m\u00e9tiers de la Gestion Administrative, du Transport et de la Logistique (GATL)<\/li>\n<li>1\u00e8re Bac. Pro. AGOrA.<\/li>\n<li>Tle Bac. Pro. AGORA.<\/li>\n<\/ul>\n[\/vc_column_text][vc_column_text css_animation=&#8221;top-to-bottom&#8221;]\n<h3 class=\"subtitle2\">Profil requis<\/h3>\n<ul>\n<li>avoir le sens de l\u2019<strong>organisation<\/strong><\/li>\n<li>avoir le go\u00fbt des <strong>outils informatiques<\/strong> (logiciels et mat\u00e9riels)<\/li>\n<li>avoir le sens de la communication et du <strong>dialogue<\/strong><\/li>\n<li>attacher une importance particuli\u00e8re \u00e0 la <strong>communication \u00e9crite<\/strong>, fondamentale dans l\u2019utilisation des outils de communication \u00e0 distance (r\u00e9seaux internes et externes)<\/li>\n<li>avoir l\u2019esprit d\u2019<strong>analyse<\/strong> et de <strong>synth\u00e8se<\/strong><\/li>\n<li>\u00eatre capable de s\u2019<strong>adapter<\/strong> \u00e0 son environnement et\u00a0 aux diff\u00e9rents interlocuteurs<\/li>\n<\/ul>\n[\/vc_column_text][vc_column_text css_animation=&#8221;fadeInDown&#8221;]\n<h3 class=\"subtitle2\">Objectifs de formation<\/h3>\n<ul>\n<li style=\"text-align: justify\">acqu\u00e9rir les <strong>comp\u00e9tences<\/strong> n\u00e9cessaires \u00e0 la gestion administrative des relations avec les fournisseurs, les clients, les usagers et les autres partenaires<\/li>\n<li style=\"text-align: justify\">apprendre \u00e0 assurer le <strong>suivi op\u00e9rationnel<\/strong> de projets et \u00e0 les \u00e9valuer<\/li>\n<li style=\"text-align: justify\">d\u00e9velopper son <strong>sens de l&#8217;organisation<\/strong>, ses <strong>qualit\u00e9s relationnelles et r\u00e9dactionnelles<\/strong><\/li>\n<li style=\"text-align: justify\">ma\u00eetriser l<strong>&#8216;outil informatique<\/strong><\/li>\n<\/ul>\n[\/vc_column_text][vc_message message_box_style=&#8221;solid&#8221; message_box_color=&#8221;mulled_wine&#8221; icon_fontawesome=&#8221;fa fa-book&#8221; css_animation=&#8221;fadeInDown&#8221;]\n<h3><span style=\"color: #ffffff\"><strong>Passeport professionnel<\/strong><\/span><\/h3>\n<p style=\"text-align: justify\">Pendant ses 3 ann\u00e9es de formation, l\u2019\u00e9l\u00e8ve constitue progressivement un <strong>passeport professionnel<\/strong> dans lequel il rend compte des diff\u00e9rentes situations professionnelles auxquelles il a particip\u00e9. L&#8217;\u00e9l\u00e8ve y met en valeur ses <strong>comp\u00e9tences<\/strong> et doit s\u2019appliquer \u00e0 <strong>r\u00e9diger<\/strong> correctement.<\/p>\n[\/vc_message][\/vc_column_inner][vc_column_inner width=&#8221;1\/2&#8243;][vc_column_text css_animation=&#8221;top-to-bottom&#8221;]\n<div class=\"wpb_text_column wpb_content_element \">\n<div class=\"wpb_wrapper\">\n<h3 class=\"subtitle2\">Les d\u00e9bouch\u00e9s<\/h3>\n<h4><strong>Poursuite d\u2019\u00e9tudes<\/strong><\/h4>\n<p>Les meilleurs \u00e9l\u00e8ves peuvent poursuivre leurs \u00e9tudes apr\u00e8s le <strong>baccalaur\u00e9at professionnel <\/strong>en se dirigeant vers un <strong>BTS<\/strong>\u00a0:<\/p>\n<ul>\n<li><span style=\"color: #0000ff\"><a style=\"color: #0000ff\" href=\"http:\/\/www.onisep.fr\/Ressources\/Univers-Formation\/Formations\/Post-bac\/BTS-Assistant-de-gestion-de-PME-PMI-diplome-a-referentiel-commun-europeen\">BTS Assistant de gestion de PME-PMI<\/a><\/span><\/li>\n<li><span style=\"color: #0000ff\"><a style=\"color: #0000ff\" href=\"http:\/\/www.onisep.fr\/Ressources\/Univers-Formation\/Formations\/Post-bac\/BTS-Assistant-de-manager\">BTS Assistant de manager<\/a><\/span><\/li>\n<li><span style=\"color: #0000ff\"><a style=\"color: #0000ff\" href=\"http:\/\/www.onisep.fr\/Ressources\/Univers-Formation\/Formations\/Post-bac\/BTS-Comptabilite-et-gestion\">BTS Comptabilit\u00e9 et gestion<\/a><\/span><\/li>\n<li>BTS Communication<\/li>\n<li>BTS Tourisme<\/li>\n<li>BTS Notariat<\/li>\n<li>BTS Management des Unit\u00e9s Commerciales (MUC)<\/li>\n<li>BTS N\u00e9gociation Relation Clients (NRC)<\/li>\n<\/ul>\n<\/div>\n<\/div>\n[\/vc_column_text][vc_column_text css_animation=&#8221;top-to-bottom&#8221;]\n<div class=\"wpb_text_column wpb_content_element \">\n<h4 class=\"wpb_wrapper\"><strong>M\u00e9tiers<\/strong><\/h4>\n<ul>\n<li>Gestionnaire administratif<\/li>\n<li>Assistant administratif<\/li>\n<li>Employ\u00e9 administratif<\/li>\n<li>Assistant de gestion<\/li>\n<li>Gestionnaire commercial<\/li>\n<li>Gestionnaire du personnel<\/li>\n<\/ul>\n<p style=\"text-align: justify\"><em>La mission globale d\u2019un gestionnaire administratif est de prendre en charge les activit\u00e9s tr\u00e8s marqu\u00e9es par les formalismes <strong>administratifs<\/strong>, <strong>r\u00e8glementaires<\/strong> et <strong>juridiques<\/strong>.<\/em><\/p>\n<\/div>\n[\/vc_column_text][vc_column_text css_animation=&#8221;top-to-bottom&#8221;]\n<h4 class=\"wpb_text_column wpb_content_element \"><strong>Structures professionnelles<\/strong><\/h4>\n[\/vc_column_text][vc_column_text css_animation=&#8221;top-to-bottom&#8221;]\n<ul>\n<li class=\"wpb_text_column wpb_content_element \">Entreprises de petite et moyenne taille <strong>(artisanat, commerces, TPE, PME-PME, ETI)<\/strong><\/li>\n<li class=\"wpb_text_column wpb_content_element \">Collectivit\u00e9s territoriales<\/li>\n<li class=\"wpb_text_column wpb_content_element \">Administrations<\/li>\n<li class=\"wpb_text_column wpb_content_element \">Associations<\/li>\n<\/ul>\n[\/vc_column_text][\/vc_column_inner][\/vc_row_inner][vc_row_inner][vc_column_inner][vc_empty_space height=&#8221;5px&#8221;][\/vc_column_inner][\/vc_row_inner][vc_row_inner][vc_column_inner width=&#8221;1\/2&#8243;][vc_column_text css_animation=&#8221;top-to-bottom&#8221;]\n<h3 class=\"subtitle2\">Volume horaire hebdomadaire par mati\u00e8re<\/h3>\n<table style=\"height: 762px\" width=\"680\">\n<tbody>\n<tr>\n<td style=\"text-align: center\"><strong>Enseignements<\/strong><\/td>\n<td style=\"text-align: center\"><strong>2nde<\/strong><\/td>\n<td style=\"text-align: center\"><strong>1\u00e8re<\/strong><\/td>\n<td style=\"text-align: center\"><strong>Tle\u00a0<\/strong><\/td>\n<\/tr>\n<tr>\n<td>\n<h6><strong> ENSEIGNEMENTS PROFESSIONNELS<\/strong><\/h6>\n<\/td>\n<td style=\"text-align: center\">\n<h6><strong>15 h<\/strong><\/h6>\n<\/td>\n<td style=\"text-align: center\">\n<h6><strong>15 h<\/strong><\/h6>\n<\/td>\n<td style=\"text-align: center\">\n<h6><strong>14.5 h<\/strong><\/h6>\n<\/td>\n<\/tr>\n<tr>\n<td>\n<h6>Enseignement professionnel<\/h6>\n<\/td>\n<td style=\"text-align: center\">\n<h6>12 h<\/h6>\n<\/td>\n<td style=\"text-align: center\">\n<h6>10,5h<\/h6>\n<\/td>\n<td style=\"text-align: center\">\n<h6>10,5h<\/h6>\n<\/td>\n<\/tr>\n<tr>\n<td>\n<h6>Co-intervention enseignement pro. et fran\u00e7ais<\/h6>\n<\/td>\n<td style=\"text-align: center\">\n<h6>0,5h<\/h6>\n<\/td>\n<td style=\"text-align: center\">\n<h6>0,5h<\/h6>\n<\/td>\n<td style=\"text-align: center\">\n<h6>&#8211;<\/h6>\n<\/td>\n<\/tr>\n<tr>\n<td>\n<h6>Co-intervention enseignement pro. et maths-sciences<\/h6>\n<\/td>\n<td style=\"text-align: center\">\n<h6>0,5h<\/h6>\n<\/td>\n<td style=\"text-align: center\">\n<h6>0,5h<\/h6>\n<\/td>\n<td style=\"text-align: center\">\n<h6>&#8211;<\/h6>\n<\/td>\n<\/tr>\n<tr>\n<td style=\"text-align: left\">\n<h6>R\u00e9alisation d\u2019un projet<\/h6>\n<\/td>\n<td style=\"text-align: center\">\n<h6>&#8211;<\/h6>\n<\/td>\n<td style=\"text-align: center\">\n<h6>1,5 h<\/h6>\n<\/td>\n<td style=\"text-align: center\">\n<h6>1 h<\/h6>\n<\/td>\n<\/tr>\n<tr>\n<td style=\"text-align: left\">\n<h6>Pr\u00e9vention Sant\u00e9 Environnement<\/h6>\n<\/td>\n<td style=\"text-align: center\">\n<h6>1h<\/h6>\n<\/td>\n<td style=\"text-align: center\">\n<h6>1 h<\/h6>\n<\/td>\n<td style=\"text-align: center\">\n<h6>1,5 h<\/h6>\n<\/td>\n<\/tr>\n<tr>\n<td>\n<h6>Economie &#8211; droit<\/h6>\n<\/td>\n<td style=\"text-align: center\">\n<h6>1 h<\/h6>\n<\/td>\n<td style=\"text-align: center\">\n<h6>1 h<\/h6>\n<\/td>\n<td style=\"text-align: center\">\n<h6>1,5 h<\/h6>\n<\/td>\n<\/tr>\n<tr>\n<td>\n<h6><strong> ENSEIGNEMENTS GENERAUX<\/strong><\/h6>\n<\/td>\n<td style=\"text-align: center\">\n<h6><strong>13 h<\/strong><\/h6>\n<\/td>\n<td style=\"text-align: center\">\n<h6><strong>12,5 h<\/strong><\/h6>\n<\/td>\n<td style=\"text-align: center\">\n<h6><strong>15h<\/strong><\/h6>\n<\/td>\n<\/tr>\n<tr>\n<td>\n<h6>Fran\u00e7ais, histoire-g\u00e9ographie et enseignement moral et civique<\/h6>\n<\/td>\n<td style=\"text-align: center\">\n<h6>4 h<\/h6>\n<\/td>\n<td style=\"text-align: center\">\n<h6>3,5 h<\/h6>\n<\/td>\n<td style=\"text-align: center\">\n<h6>4,5 h<\/h6>\n<\/td>\n<\/tr>\n<tr>\n<td>\n<h6>Math\u00e9matiques<\/h6>\n<\/td>\n<td style=\"text-align: center\">\n<h6>2 h<\/h6>\n<\/td>\n<td style=\"text-align: center\">\n<h6>2 h<\/h6>\n<\/td>\n<td style=\"text-align: center\">\n<h6>2,5 h<\/h6>\n<\/td>\n<\/tr>\n<tr>\n<td>\n<h6>Langue vivante A<\/h6>\n<\/td>\n<td style=\"text-align: center\">\n<h6>2h<\/h6>\n<\/td>\n<td style=\"text-align: center\">\n<h6>2 h<\/h6>\n<\/td>\n<td style=\"text-align: center\">\n<h6>2,5 h<\/h6>\n<\/td>\n<\/tr>\n<tr>\n<td>\n<h6>Langue vivante B<\/h6>\n<\/td>\n<td style=\"text-align: center\">\n<h6>1,5 h<\/h6>\n<\/td>\n<td style=\"text-align: center\">\n<h6>1,5 h<\/h6>\n<\/td>\n<td style=\"text-align: center\">\n<h6>1,5 h<\/h6>\n<\/td>\n<\/tr>\n<tr>\n<td>\n<h6>Arts appliqu\u00e9s et culture artistique<\/h6>\n<\/td>\n<td style=\"text-align: center\">\n<h6>1 h<\/h6>\n<\/td>\n<td style=\"text-align: center\">\n<h6>1 h<\/h6>\n<\/td>\n<td style=\"text-align: center\">\n<h6>1 h<\/h6>\n<\/td>\n<\/tr>\n<tr>\n<td>\n<h6>Education physique et sportive<\/h6>\n<\/td>\n<td style=\"text-align: center\">\n<h6>2,5 h<\/h6>\n<\/td>\n<td style=\"text-align: center\">\n<h6>2,5 h<\/h6>\n<\/td>\n<td style=\"text-align: center\">\n<h6>2,5 h<\/h6>\n<\/td>\n<\/tr>\n<tr>\n<td>\n<h6><strong>SOUTIEN AU PARCOURS<\/strong><\/h6>\n<\/td>\n<td style=\"text-align: center\">\n<h6>1 h<\/h6>\n<\/td>\n<td style=\"text-align: center\">\n<h6>1 h<\/h6>\n<\/td>\n<td style=\"text-align: center\">\n<h6>1,5 h<\/h6>\n<\/td>\n<\/tr>\n<tr>\n<td style=\"text-align: center\">\n<h6><strong>Total<\/strong><\/h6>\n<\/td>\n<td style=\"text-align: center\">\n<h6><strong>29h<\/strong><\/h6>\n<\/td>\n<td style=\"text-align: center\">\n<h6><strong>28,5h<\/strong><\/h6>\n<\/td>\n<td style=\"text-align: center\">\n<h6><strong>31h<\/strong><\/h6>\n<\/td>\n<\/tr>\n<\/tbody>\n<\/table>\n[\/vc_column_text][\/vc_column_inner][vc_column_inner width=&#8221;1\/2&#8243;][vc_column_text css_animation=&#8221;top-to-bottom&#8221;]\n<h3 class=\"subtitle2\">Les stages<\/h3>\n<p class=\"text3\" style=\"text-align: justify\">Les <strong>PFMP<\/strong> (P\u00e9riodes de Formation en Milieu Professionnel) sont r\u00e9parties sur les trois ann\u00e9es scolaires. Ce sont des p\u00e9riodes qui viennent compl\u00e9ter la formation scolaire avec des objectifs en termes d\u2019activit\u00e9s \u00e0 r\u00e9aliser, n\u00e9goci\u00e9es avec l\u2019organisation qui accueille le stagiaire. La pr\u00e9sence en stage est <strong>obligatoire<\/strong> pour l\u2019obtention du dipl\u00f4me.<strong><br \/>\n<\/strong><\/p>\n[\/vc_column_text][vc_message message_box_style=&#8221;outline&#8221; message_box_color=&#8221;orange&#8221; css_animation=&#8221;top-to-bottom&#8221; el_class=&#8221;msg-box&#8221;]\n<p style=\"padding-left: 60px\">\u00a0\u00a0\u00a0 Dur\u00e9e totale des P\u00e9riodes de Formation en Milieu Professionnel : 22 semaines<\/p>\n<ul>\n<li>6 semaines de PFMP en classe de 2NDE,<\/li>\n<li>8 semaines de PFMP en classe de 1\u00c8RE,<\/li>\n<li>8 semaines de PFMP en classe de TLE.<\/li>\n<\/ul>\n[\/vc_message][vc_column_text css_animation=&#8221;top-to-bottom&#8221;]\n<p style=\"text-align: justify\">L\u2019\u00e9l\u00e8ve recherche lui-m\u00eame les lieux de stage en fonction de son projet professionnel.<\/p>\n<p class=\"text3\"><strong>\u00a0<\/strong><\/p>\n[\/vc_column_text][\/vc_column_inner][\/vc_row_inner][vc_row_inner][vc_column_inner][vc_empty_space height=&#8221;5px&#8221;][vc_column_text css_animation=&#8221;top-to-bottom&#8221;]\n<h3 class=\"subtitle2\">Canad&#8217;Auffray, la mini-entreprise des 2GATL<\/h3>\n<p>Entreprendre pour apprendre, c&#8217;est le d\u00e9fi relev\u00e9 par les \u00e9l\u00e8ves de 2GATL en cr\u00e9ant <strong>une mini-entreprise<\/strong>. En lien avec la coloration de notre baccalaur\u00e9at professionnel AGOrA vers <strong>les M\u00e9tiers du Tourisme<\/strong>, les \u00e9l\u00e8ves ont d\u00e9velopp\u00e9 le concept d&#8217;une entreprise, <strong>Canad&#8217;Auffray,<\/strong> dont le r\u00f4le est d&#8217;assurer la promotion d&#8217;une destination, <strong>le Canada.\u00a0<\/strong><\/p>\n<p><a href=\"https:\/\/lyc-auffray-clichy.ac-versailles.fr\/wp-content\/uploads\/sites\/134\/2025\/01\/Flyer-Canad-Auffray.pdf\">Flyer Canad-Auffray<\/a><\/p>\n<p><a href=\"https:\/\/lyc-auffray-clichy.ac-versailles.fr\/wp-content\/uploads\/sites\/134\/2025\/01\/diaporama-presentation-Mini-entreprise-2-GATL.pdf\">diaporama pr\u00e9sentation Mini-entreprise 2 GATL<\/a>[\/vc_column_text][\/vc_column_inner][\/vc_row_inner][vc_row_inner][vc_column_inner][vc_empty_space height=&#8221;5px&#8221;][vc_column_text css_animation=&#8221;top-to-bottom&#8221;]\n<h3 class=\"subtitle2\">Pour en savoir plus<\/h3>\n<p><span style=\"color: #0000ff\"><a style=\"color: #0000ff\" href=\"http:\/\/www.onisep.fr\/Ressources\/Univers-Formation\/Formations\/Lycees\/Bac-pro-Gestion-administration\">http:\/\/www.onisep.fr\/Ressources\/Univers-Formation\/Formations\/Lycees\/Bac-pro-Gestion-administration<\/a><\/span>[\/vc_column_text][\/vc_column_inner][\/vc_row_inner][\/vc_column][\/vc_row][\/vc_section][vc_row][vc_column][vc_column_text css_animation=&#8221;fadeInDown&#8221;]\n<h3>Actualit\u00e9s<\/h3>\n[\/vc_column_text][\/vc_column][\/vc_row][vc_row][vc_column][vc_basic_grid post_type=&#8221;post&#8221; max_items=&#8221;10&#8243; grid_id=&#8221;vc_gid:1742893281166-7a9a65e7-ec55-10&#8243; taxonomies=&#8221;86, 98, 191&#8243;][\/vc_column][\/vc_row]\n<\/div><\/div>","protected":false},"excerpt":{"rendered":"<p>[vc_row full_width=&#8221;stretch_row&#8221; css_animation=&#8221;none&#8221; row_id=&#8221;BAC_tech_st2s&#8221; el_id=&#8221;BAC_tech_st2s&#8221;][vc_column][vc_row_inner][vc_column_inner width=&#8221;11\/12&#8243;][vc_column_text css_animation=&#8221;top-to-bottom&#8221;] BACCALAUR\u00c9AT PROFESSIONNEL :\u00a0 Assistance \u00e0 la Gestion des Organisations et de leurs Activit\u00e9s (AGOrA) [\/vc_column_text][\/vc_column_inner][\/vc_row_inner][\/vc_column][\/vc_row][vc_row][vc_column width=&#8221;1\/2&#8243;][\/vc_column][vc_column width=&#8221;1\/2&#8243;][vc_column_text] Le BAC PRO AGOrA se d\u00e9roule sur 3 ann\u00e9es de formation (seconde, premi\u00e8re et terminale), au<\/p>\n","protected":false},"author":1,"featured_media":0,"parent":1583,"menu_order":0,"comment_status":"closed","ping_status":"closed","template":"","meta":{"_crdt_document":"","footnotes":""},"categories":[54,57,47],"class_list":["post-1010","page","type-page","status-publish","hentry","category-bac","category-pro","category-tertiaire"],"_links":{"self":[{"href":"https:\/\/lyc-auffray-clichy.ac-versailles.fr\/index.php\/wp-json\/wp\/v2\/pages\/1010","targetHints":{"allow":["GET"]}}],"collection":[{"href":"https:\/\/lyc-auffray-clichy.ac-versailles.fr\/index.php\/wp-json\/wp\/v2\/pages"}],"about":[{"href":"https:\/\/lyc-auffray-clichy.ac-versailles.fr\/index.php\/wp-json\/wp\/v2\/types\/page"}],"author":[{"embeddable":true,"href":"https:\/\/lyc-auffray-clichy.ac-versailles.fr\/index.php\/wp-json\/wp\/v2\/users\/1"}],"replies":[{"embeddable":true,"href":"https:\/\/lyc-auffray-clichy.ac-versailles.fr\/index.php\/wp-json\/wp\/v2\/comments?post=1010"}],"version-history":[{"count":13,"href":"https:\/\/lyc-auffray-clichy.ac-versailles.fr\/index.php\/wp-json\/wp\/v2\/pages\/1010\/revisions"}],"predecessor-version":[{"id":8280,"href":"https:\/\/lyc-auffray-clichy.ac-versailles.fr\/index.php\/wp-json\/wp\/v2\/pages\/1010\/revisions\/8280"}],"up":[{"embeddable":true,"href":"https:\/\/lyc-auffray-clichy.ac-versailles.fr\/index.php\/wp-json\/wp\/v2\/pages\/1583"}],"wp:attachment":[{"href":"https:\/\/lyc-auffray-clichy.ac-versailles.fr\/index.php\/wp-json\/wp\/v2\/media?parent=1010"}],"wp:term":[{"taxonomy":"category","embeddable":true,"href":"https:\/\/lyc-auffray-clichy.ac-versailles.fr\/index.php\/wp-json\/wp\/v2\/categories?post=1010"}],"curies":[{"name":"wp","href":"https:\/\/api.w.org\/{rel}","templated":true}]}}